{"id":684,"date":"2023-07-09T09:57:45","date_gmt":"2023-07-09T07:57:45","guid":{"rendered":"http:\/\/azzurea.es\/?post_type=product&#038;p=684"},"modified":"2026-03-16T17:30:47","modified_gmt":"2026-03-16T16:30:47","slug":"disc-ear-cuff-conch-ear-cuff-huggie-ear-cuff-ear-cuff-no-piercing-no-piercing-sculptural-earring-modern-thick-ear-cuff","status":"publish","type":"product","link":"https:\/\/azzurea.com\/es\/products\/disc-ear-cuff-conch-ear-cuff-huggie-ear-cuff-ear-cuff-no-piercing-no-piercing-sculptural-earring-modern-thick-ear-cuff\/","title":{"rendered":"DISC EAR CUFF"},"content":{"rendered":"<p><strong>Disc Ear Cuff<\/strong> es una pieza minimalista, moderna y elegante, hecha a mano con las t\u00e9cnicas m\u00e1s tradicionales de la joyer\u00eda. Su dise\u00f1o circular y limpio a\u00f1ade un toque refinado a cualquier look, encarnando simplicidad y sofisticaci\u00f3n.<\/p>\n<p><strong>DETALLES:<\/strong><\/p>\n<ul>\n<li>Se vende por unidad<\/li>\n<li>Material: disponible en Plata de Ley 925 y<a href=\"https:\/\/azzurea.com\/gold-vermeil-24k\/\"> Oro Vermeil 24K\u00a0 <img loading=\"lazy\" decoding=\"async\" class=\"alignnone wp-image-4335\" src=\"https:\/\/azzurea.com\/wp-content\/uploads\/product_images\/prueba2\/boton-de-informacion-5.png\" alt=\"\" width=\"17\" height=\"17\" srcset=\"https:\/\/azzurea.com\/wp-content\/uploads\/product_images\/prueba2\/boton-de-informacion-5.png 190w, https:\/\/azzurea.com\/wp-content\/uploads\/product_images\/prueba2\/boton-de-informacion-5-150x150.png 150w\" sizes=\"auto, (max-width: 17px) 100vw, 17px\" \/><\/a><\/li>\n<li>Acabado: pulido espejo<\/li>\n<li>Di\u00e1metro interior: 10 mm<\/li>\n<li>Di\u00e1metro exterior: 16 mm<\/li>\n<li>Grosor: 1 mm<\/li>\n<\/ul>\n","protected":false},"excerpt":{"rendered":"<p>Disc Ear Cuff es una pieza minimalista, moderna y elegante, hecha a mano con las t\u00e9cnicas m\u00e1s tradicionales de la joyer\u00eda. Su dise\u00f1o circular y limpio a\u00f1ade un toque refinado a cualquier look, encarnando simplicidad y sofisticaci\u00f3n. DETALLES: Se vende por unidad Material: disponible en Plata de Ley 925 y Oro Vermeil 24K\u00a0 Acabado: pulido [&hellip;]<\/p>\n","protected":false},"featured_media":3284,"comment_status":"open","ping_status":"closed","template":"","meta":[],"product_brand":[],"product_cat":[205,597],"product_tag":[214,60,215,38,216,217,218,219,220,67,102,221,70],"class_list":{"0":"post-684","1":"product","2":"type-product","3":"status-publish","4":"has-post-thumbnail","6":"product_cat-ear-cuffs","7":"product_cat-regalos","8":"product_tag-band_ear_cuff","9":"product_tag-conch_ear_cuff","10":"product_tag-disc","11":"product_tag-ear_cuff","12":"product_tag-edgy_ear_cuff","13":"product_tag-fake_ear_cuff","14":"product_tag-fake_earring","15":"product_tag-hoop_ear_cuff","16":"product_tag-hoop_earrings","17":"product_tag-huggie_ear_cuff","18":"product_tag-non_pierced","19":"product_tag-sculptural","20":"product_tag-silver_ear_cuff","22":"first","23":"instock","24":"purchasable","25":"product-type-variable"},"yoast_head":"<!-- This site is optimized with the Yoast SEO plugin v27.4 - https:\/\/yoast.com\/product\/yoast-seo-wordpress\/ -->\n<title>DISC EAR CUFF - AZZUREA<\/title>\n<meta name=\"robots\" content=\"index, follow, max-snippet:-1, max-image-preview:large, max-video-preview:-1\" \/>\n<link rel=\"canonical\" href=\"https:\/\/azzurea.com\/es\/products\/disc-ear-cuff-conch-ear-cuff-huggie-ear-cuff-ear-cuff-no-piercing-no-piercing-sculptural-earring-modern-thick-ear-cuff\/\" \/>\n<meta property=\"og:locale\" content=\"es_ES\" \/>\n<meta property=\"og:type\" content=\"article\" \/>\n<meta property=\"og:title\" content=\"DISC EAR CUFF - AZZUREA\" \/>\n<meta property=\"og:description\" content=\"Disc Ear Cuff es una pieza minimalista, moderna y elegante, hecha a mano con las t\u00e9cnicas m\u00e1s tradicionales de la joyer\u00eda. Su dise\u00f1o circular y limpio a\u00f1ade un toque refinado a cualquier look, encarnando simplicidad y sofisticaci\u00f3n. DETALLES: Se vende por unidad Material: disponible en Plata de Ley 925 y Oro Vermeil 24K\u00a0 Acabado: pulido [&hellip;]\" \/>\n<meta property=\"og:url\" content=\"https:\/\/azzurea.com\/es\/products\/disc-ear-cuff-conch-ear-cuff-huggie-ear-cuff-ear-cuff-no-piercing-no-piercing-sculptural-earring-modern-thick-ear-cuff\/\" \/>\n<meta property=\"og:site_name\" content=\"AZZUREA\" \/>\n<meta property=\"article:publisher\" content=\"https:\/\/www.facebook.com\/azzurea.joyas\" \/>\n<meta property=\"article:modified_time\" content=\"2026-03-16T16:30:47+00:00\" \/>\n<meta property=\"og:image\" content=\"https:\/\/azzurea.com\/wp-content\/uploads\/product_images\/disc_ear_cuff\/1-scaled.jpg\" \/>\n\t<meta property=\"og:image:width\" content=\"1706\" \/>\n\t<meta property=\"og:image:height\" content=\"2560\" \/>\n\t<meta property=\"og:image:type\" content=\"image\/jpeg\" \/>\n<meta name=\"twitter:card\" content=\"summary_large_image\" \/>\n<meta name=\"twitter:label1\" content=\"Tiempo de lectura\" \/>\n\t<meta name=\"twitter:data1\" content=\"1 minuto\" \/>\n<script type=\"application\/ld+json\" class=\"yoast-schema-graph\">{\"@context\":\"https:\\\/\\\/schema.org\",\"@graph\":[{\"@type\":\"WebPage\",\"@id\":\"https:\\\/\\\/azzurea.com\\\/es\\\/products\\\/disc-ear-cuff-conch-ear-cuff-huggie-ear-cuff-ear-cuff-no-piercing-no-piercing-sculptural-earring-modern-thick-ear-cuff\\\/\",\"url\":\"https:\\\/\\\/azzurea.com\\\/es\\\/products\\\/disc-ear-cuff-conch-ear-cuff-huggie-ear-cuff-ear-cuff-no-piercing-no-piercing-sculptural-earring-modern-thick-ear-cuff\\\/\",\"name\":\"DISC EAR CUFF - AZZUREA\",\"isPartOf\":{\"@id\":\"https:\\\/\\\/azzurea.com\\\/en\\\/#website\"},\"primaryImageOfPage\":{\"@id\":\"https:\\\/\\\/azzurea.com\\\/es\\\/products\\\/disc-ear-cuff-conch-ear-cuff-huggie-ear-cuff-ear-cuff-no-piercing-no-piercing-sculptural-earring-modern-thick-ear-cuff\\\/#primaryimage\"},\"image\":{\"@id\":\"https:\\\/\\\/azzurea.com\\\/es\\\/products\\\/disc-ear-cuff-conch-ear-cuff-huggie-ear-cuff-ear-cuff-no-piercing-no-piercing-sculptural-earring-modern-thick-ear-cuff\\\/#primaryimage\"},\"thumbnailUrl\":\"https:\\\/\\\/azzurea.com\\\/wp-content\\\/uploads\\\/product_images\\\/disc_ear_cuff\\\/1-scaled.jpg\",\"datePublished\":\"2023-07-09T07:57:45+00:00\",\"dateModified\":\"2026-03-16T16:30:47+00:00\",\"breadcrumb\":{\"@id\":\"https:\\\/\\\/azzurea.com\\\/es\\\/products\\\/disc-ear-cuff-conch-ear-cuff-huggie-ear-cuff-ear-cuff-no-piercing-no-piercing-sculptural-earring-modern-thick-ear-cuff\\\/#breadcrumb\"},\"inLanguage\":\"es\",\"potentialAction\":[{\"@type\":\"ReadAction\",\"target\":[\"https:\\\/\\\/azzurea.com\\\/es\\\/products\\\/disc-ear-cuff-conch-ear-cuff-huggie-ear-cuff-ear-cuff-no-piercing-no-piercing-sculptural-earring-modern-thick-ear-cuff\\\/\"]}]},{\"@type\":\"ImageObject\",\"inLanguage\":\"es\",\"@id\":\"https:\\\/\\\/azzurea.com\\\/es\\\/products\\\/disc-ear-cuff-conch-ear-cuff-huggie-ear-cuff-ear-cuff-no-piercing-no-piercing-sculptural-earring-modern-thick-ear-cuff\\\/#primaryimage\",\"url\":\"https:\\\/\\\/azzurea.com\\\/wp-content\\\/uploads\\\/product_images\\\/disc_ear_cuff\\\/1-scaled.jpg\",\"contentUrl\":\"https:\\\/\\\/azzurea.com\\\/wp-content\\\/uploads\\\/product_images\\\/disc_ear_cuff\\\/1-scaled.jpg\",\"width\":1706,\"height\":2560},{\"@type\":\"BreadcrumbList\",\"@id\":\"https:\\\/\\\/azzurea.com\\\/es\\\/products\\\/disc-ear-cuff-conch-ear-cuff-huggie-ear-cuff-ear-cuff-no-piercing-no-piercing-sculptural-earring-modern-thick-ear-cuff\\\/#breadcrumb\",\"itemListElement\":[{\"@type\":\"ListItem\",\"position\":1,\"name\":\"Portada\",\"item\":\"https:\\\/\\\/azzurea.com\\\/es\\\/\"},{\"@type\":\"ListItem\",\"position\":2,\"name\":\"PRODUCTS\",\"item\":\"https:\\\/\\\/azzurea.com\\\/es\\\/products\\\/\"},{\"@type\":\"ListItem\",\"position\":3,\"name\":\"DISC EAR CUFF\"}]},{\"@type\":\"WebSite\",\"@id\":\"https:\\\/\\\/azzurea.com\\\/en\\\/#website\",\"url\":\"https:\\\/\\\/azzurea.com\\\/en\\\/\",\"name\":\"AZZUREA\",\"description\":\"Minimalist sculptural jewelry. Made in Spain.\",\"publisher\":{\"@id\":\"https:\\\/\\\/azzurea.com\\\/en\\\/#organization\"},\"alternateName\":\"azzurea.com\",\"potentialAction\":[{\"@type\":\"SearchAction\",\"target\":{\"@type\":\"EntryPoint\",\"urlTemplate\":\"https:\\\/\\\/azzurea.com\\\/en\\\/?s={search_term_string}\"},\"query-input\":{\"@type\":\"PropertyValueSpecification\",\"valueRequired\":true,\"valueName\":\"search_term_string\"}}],\"inLanguage\":\"es\"},{\"@type\":\"Organization\",\"@id\":\"https:\\\/\\\/azzurea.com\\\/en\\\/#organization\",\"name\":\"AZZUREA\",\"alternateName\":\"AZZUREA\",\"url\":\"https:\\\/\\\/azzurea.com\\\/en\\\/\",\"logo\":{\"@type\":\"ImageObject\",\"inLanguage\":\"es\",\"@id\":\"https:\\\/\\\/azzurea.com\\\/en\\\/#\\\/schema\\\/logo\\\/image\\\/\",\"url\":\"https:\\\/\\\/azzurea.com\\\/wp-content\\\/uploads\\\/product_images\\\/prueba2\\\/azzurea-gris.png\",\"contentUrl\":\"https:\\\/\\\/azzurea.com\\\/wp-content\\\/uploads\\\/product_images\\\/prueba2\\\/azzurea-gris.png\",\"width\":1146,\"height\":154,\"caption\":\"AZZUREA\"},\"image\":{\"@id\":\"https:\\\/\\\/azzurea.com\\\/en\\\/#\\\/schema\\\/logo\\\/image\\\/\"},\"sameAs\":[\"https:\\\/\\\/www.facebook.com\\\/azzurea.joyas\",\"https:\\\/\\\/www.instagram.com\\\/azzurea.joyas\\\/\",\"https:\\\/\\\/www.tiktok.com\\\/@azzurea.joyas\"]}]}<\/script>\n<!-- \/ Yoast SEO plugin. -->","yoast_head_json":{"title":"DISC EAR CUFF - AZZUREA","robots":{"index":"index","follow":"follow","max-snippet":"max-snippet:-1","max-image-preview":"max-image-preview:large","max-video-preview":"max-video-preview:-1"},"canonical":"https:\/\/azzurea.com\/es\/products\/disc-ear-cuff-conch-ear-cuff-huggie-ear-cuff-ear-cuff-no-piercing-no-piercing-sculptural-earring-modern-thick-ear-cuff\/","og_locale":"es_ES","og_type":"article","og_title":"DISC EAR CUFF - AZZUREA","og_description":"Disc Ear Cuff es una pieza minimalista, moderna y elegante, hecha a mano con las t\u00e9cnicas m\u00e1s tradicionales de la joyer\u00eda. Su dise\u00f1o circular y limpio a\u00f1ade un toque refinado a cualquier look, encarnando simplicidad y sofisticaci\u00f3n. DETALLES: Se vende por unidad Material: disponible en Plata de Ley 925 y Oro Vermeil 24K\u00a0 Acabado: pulido [&hellip;]","og_url":"https:\/\/azzurea.com\/es\/products\/disc-ear-cuff-conch-ear-cuff-huggie-ear-cuff-ear-cuff-no-piercing-no-piercing-sculptural-earring-modern-thick-ear-cuff\/","og_site_name":"AZZUREA","article_publisher":"https:\/\/www.facebook.com\/azzurea.joyas","article_modified_time":"2026-03-16T16:30:47+00:00","og_image":[{"width":1706,"height":2560,"url":"https:\/\/azzurea.com\/wp-content\/uploads\/product_images\/disc_ear_cuff\/1-scaled.jpg","type":"image\/jpeg"}],"twitter_card":"summary_large_image","twitter_misc":{"Tiempo de lectura":"1 minuto"},"schema":{"@context":"https:\/\/schema.org","@graph":[{"@type":"WebPage","@id":"https:\/\/azzurea.com\/es\/products\/disc-ear-cuff-conch-ear-cuff-huggie-ear-cuff-ear-cuff-no-piercing-no-piercing-sculptural-earring-modern-thick-ear-cuff\/","url":"https:\/\/azzurea.com\/es\/products\/disc-ear-cuff-conch-ear-cuff-huggie-ear-cuff-ear-cuff-no-piercing-no-piercing-sculptural-earring-modern-thick-ear-cuff\/","name":"DISC EAR CUFF - AZZUREA","isPartOf":{"@id":"https:\/\/azzurea.com\/en\/#website"},"primaryImageOfPage":{"@id":"https:\/\/azzurea.com\/es\/products\/disc-ear-cuff-conch-ear-cuff-huggie-ear-cuff-ear-cuff-no-piercing-no-piercing-sculptural-earring-modern-thick-ear-cuff\/#primaryimage"},"image":{"@id":"https:\/\/azzurea.com\/es\/products\/disc-ear-cuff-conch-ear-cuff-huggie-ear-cuff-ear-cuff-no-piercing-no-piercing-sculptural-earring-modern-thick-ear-cuff\/#primaryimage"},"thumbnailUrl":"https:\/\/azzurea.com\/wp-content\/uploads\/product_images\/disc_ear_cuff\/1-scaled.jpg","datePublished":"2023-07-09T07:57:45+00:00","dateModified":"2026-03-16T16:30:47+00:00","breadcrumb":{"@id":"https:\/\/azzurea.com\/es\/products\/disc-ear-cuff-conch-ear-cuff-huggie-ear-cuff-ear-cuff-no-piercing-no-piercing-sculptural-earring-modern-thick-ear-cuff\/#breadcrumb"},"inLanguage":"es","potentialAction":[{"@type":"ReadAction","target":["https:\/\/azzurea.com\/es\/products\/disc-ear-cuff-conch-ear-cuff-huggie-ear-cuff-ear-cuff-no-piercing-no-piercing-sculptural-earring-modern-thick-ear-cuff\/"]}]},{"@type":"ImageObject","inLanguage":"es","@id":"https:\/\/azzurea.com\/es\/products\/disc-ear-cuff-conch-ear-cuff-huggie-ear-cuff-ear-cuff-no-piercing-no-piercing-sculptural-earring-modern-thick-ear-cuff\/#primaryimage","url":"https:\/\/azzurea.com\/wp-content\/uploads\/product_images\/disc_ear_cuff\/1-scaled.jpg","contentUrl":"https:\/\/azzurea.com\/wp-content\/uploads\/product_images\/disc_ear_cuff\/1-scaled.jpg","width":1706,"height":2560},{"@type":"BreadcrumbList","@id":"https:\/\/azzurea.com\/es\/products\/disc-ear-cuff-conch-ear-cuff-huggie-ear-cuff-ear-cuff-no-piercing-no-piercing-sculptural-earring-modern-thick-ear-cuff\/#breadcrumb","itemListElement":[{"@type":"ListItem","position":1,"name":"Portada","item":"https:\/\/azzurea.com\/es\/"},{"@type":"ListItem","position":2,"name":"PRODUCTS","item":"https:\/\/azzurea.com\/es\/products\/"},{"@type":"ListItem","position":3,"name":"DISC EAR CUFF"}]},{"@type":"WebSite","@id":"https:\/\/azzurea.com\/en\/#website","url":"https:\/\/azzurea.com\/en\/","name":"AZZUREA","description":"Minimalist sculptural jewelry. Made in Spain.","publisher":{"@id":"https:\/\/azzurea.com\/en\/#organization"},"alternateName":"azzurea.com","potentialAction":[{"@type":"SearchAction","target":{"@type":"EntryPoint","urlTemplate":"https:\/\/azzurea.com\/en\/?s={search_term_string}"},"query-input":{"@type":"PropertyValueSpecification","valueRequired":true,"valueName":"search_term_string"}}],"inLanguage":"es"},{"@type":"Organization","@id":"https:\/\/azzurea.com\/en\/#organization","name":"AZZUREA","alternateName":"AZZUREA","url":"https:\/\/azzurea.com\/en\/","logo":{"@type":"ImageObject","inLanguage":"es","@id":"https:\/\/azzurea.com\/en\/#\/schema\/logo\/image\/","url":"https:\/\/azzurea.com\/wp-content\/uploads\/product_images\/prueba2\/azzurea-gris.png","contentUrl":"https:\/\/azzurea.com\/wp-content\/uploads\/product_images\/prueba2\/azzurea-gris.png","width":1146,"height":154,"caption":"AZZUREA"},"image":{"@id":"https:\/\/azzurea.com\/en\/#\/schema\/logo\/image\/"},"sameAs":["https:\/\/www.facebook.com\/azzurea.joyas","https:\/\/www.instagram.com\/azzurea.joyas\/","https:\/\/www.tiktok.com\/@azzurea.joyas"]}]}},"jetpack_sharing_enabled":true,"_links":{"self":[{"href":"https:\/\/azzurea.com\/es\/wp-json\/wp\/v2\/product\/684","targetHints":{"allow":["GET"]}}],"collection":[{"href":"https:\/\/azzurea.com\/es\/wp-json\/wp\/v2\/product"}],"about":[{"href":"https:\/\/azzurea.com\/es\/wp-json\/wp\/v2\/types\/product"}],"replies":[{"embeddable":true,"href":"https:\/\/azzurea.com\/es\/wp-json\/wp\/v2\/comments?post=684"}],"wp:featuredmedia":[{"embeddable":true,"href":"https:\/\/azzurea.com\/es\/wp-json\/wp\/v2\/media\/3284"}],"wp:attachment":[{"href":"https:\/\/azzurea.com\/es\/wp-json\/wp\/v2\/media?parent=684"}],"wp:term":[{"taxonomy":"product_brand","embeddable":true,"href":"https:\/\/azzurea.com\/es\/wp-json\/wp\/v2\/product_brand?post=684"},{"taxonomy":"product_cat","embeddable":true,"href":"https:\/\/azzurea.com\/es\/wp-json\/wp\/v2\/product_cat?post=684"},{"taxonomy":"product_tag","embeddable":true,"href":"https:\/\/azzurea.com\/es\/wp-json\/wp\/v2\/product_tag?post=684"}],"curies":[{"name":"wp","href":"https:\/\/api.w.org\/{rel}","templated":true}]}}