{"id":677,"date":"2023-07-09T09:57:43","date_gmt":"2023-07-09T07:57:43","guid":{"rendered":"http:\/\/azzurea.es\/?post_type=product&#038;p=677"},"modified":"2026-03-16T17:37:17","modified_gmt":"2026-03-16T16:37:17","slug":"little-butterfly-%c2%b7-butterfly-earrings-%c2%b7-wings-earrings-%c2%b7-fairy-earrings-%c2%b7-butterfly-dangle-%c2%b7-long-earrings-%c2%b7-silver-earrings","status":"publish","type":"product","link":"https:\/\/azzurea.com\/es\/products\/little-butterfly-%c2%b7-butterfly-earrings-%c2%b7-wings-earrings-%c2%b7-fairy-earrings-%c2%b7-butterfly-dangle-%c2%b7-long-earrings-%c2%b7-silver-earrings\/","title":{"rendered":"LITTLE BUTTERFLY"},"content":{"rendered":"<p>Estos pendientes son una de mis creaciones m\u00e1s especiales, no solo por su delicada belleza, sino tambi\u00e9n por el profundo significado que llevan consigo. \u00bfSab\u00edas que las mariposas blancas simbolizan la llegada de cosas positivas y buena suerte? Usarlas es un recordatorio constante de esperanza y de los nuevos comienzos que est\u00e1n por venir.<\/p>\n<p>Cada par est\u00e1 meticulosamente elaborado a mano en mi taller, donde cada mariposa es cortada y tallada manualmente con una segueta de joyero, haciendo que cada mariposa sea \u00fanica e irrepetible. Hechos bajo pedido, estos pendientes capturan la esencia de la artesan\u00eda tradicional combinada con la elegancia contempor\u00e1nea.<\/p>\n<p>Deja que estas mariposas se posen suavemente en tus orejas, trayendo consigo un toque de magia y la promesa de un futuro brillante.<\/p>\n<p><strong>DETALLES:<\/strong><\/p>\n<ul>\n<li>Se venden como par<\/li>\n<li>Material: disponibles en Plata de Ley 925 y en <a href=\"https:\/\/azzurea.com\/gold-vermeil-24k\/\">Oro Vermeil 24K\u00a0 <img loading=\"lazy\" decoding=\"async\" class=\"alignnone wp-image-4335\" src=\"https:\/\/azzurea.com\/wp-content\/uploads\/product_images\/prueba2\/boton-de-informacion-5.png\" alt=\"\" width=\"17\" height=\"17\" srcset=\"https:\/\/azzurea.com\/wp-content\/uploads\/product_images\/prueba2\/boton-de-informacion-5.png 190w, https:\/\/azzurea.com\/wp-content\/uploads\/product_images\/prueba2\/boton-de-informacion-5-150x150.png 150w\" sizes=\"auto, (max-width: 17px) 100vw, 17px\" \/><\/a><\/li>\n<li>Acabado pulido espejo<\/li>\n<li>Longitud: 8 cm<\/li>\n<li>Ancho: 1.5 cm<\/li>\n<\/ul>\n","protected":false},"excerpt":{"rendered":"<p>Estos pendientes son una de mis creaciones m\u00e1s especiales, no solo por su delicada belleza, sino tambi\u00e9n por el profundo significado que llevan consigo. \u00bfSab\u00edas que las mariposas blancas simbolizan la llegada de cosas positivas y buena suerte? Usarlas es un recordatorio constante de esperanza y de los nuevos comienzos que est\u00e1n por venir. Cada [&hellip;]<\/p>\n","protected":false},"featured_media":3380,"comment_status":"open","ping_status":"closed","template":"","meta":[],"product_brand":[],"product_cat":[597,226],"product_tag":[125,126,127,128,129,130,131,132,133,134,135,136],"class_list":{"0":"post-677","1":"product","2":"type-product","3":"status-publish","4":"has-post-thumbnail","6":"product_cat-regalos","7":"product_cat-pendientes","8":"product_tag-bohemian_earrings","9":"product_tag-bridal_earrings","10":"product_tag-butterfly_dangle","11":"product_tag-butterfly_earrings","12":"product_tag-dangling_earrings","13":"product_tag-drop_earrings","14":"product_tag-fairy_earrings","15":"product_tag-gift_for_her","16":"product_tag-kawaii_earrings","17":"product_tag-pendientes_mariposa","18":"product_tag-schmetterling_ohrringe","19":"product_tag-wings_earrings","21":"first","22":"instock","23":"purchasable","24":"product-type-variable"},"yoast_head":"<!-- This site is optimized with the Yoast SEO plugin v27.4 - https:\/\/yoast.com\/product\/yoast-seo-wordpress\/ -->\n<title>LITTLE BUTTERFLY - AZZUREA<\/title>\n<meta name=\"robots\" content=\"index, follow, max-snippet:-1, max-image-preview:large, max-video-preview:-1\" \/>\n<link rel=\"canonical\" href=\"https:\/\/azzurea.com\/es\/products\/little-butterfly-\u00b7-butterfly-earrings-\u00b7-wings-earrings-\u00b7-fairy-earrings-\u00b7-butterfly-dangle-\u00b7-long-earrings-\u00b7-silver-earrings\/\" \/>\n<meta property=\"og:locale\" content=\"es_ES\" \/>\n<meta property=\"og:type\" content=\"article\" \/>\n<meta property=\"og:title\" content=\"LITTLE BUTTERFLY - AZZUREA\" \/>\n<meta property=\"og:description\" content=\"Estos pendientes son una de mis creaciones m\u00e1s especiales, no solo por su delicada belleza, sino tambi\u00e9n por el profundo significado que llevan consigo. \u00bfSab\u00edas que las mariposas blancas simbolizan la llegada de cosas positivas y buena suerte? Usarlas es un recordatorio constante de esperanza y de los nuevos comienzos que est\u00e1n por venir. Cada [&hellip;]\" \/>\n<meta property=\"og:url\" content=\"https:\/\/azzurea.com\/es\/products\/little-butterfly-\u00b7-butterfly-earrings-\u00b7-wings-earrings-\u00b7-fairy-earrings-\u00b7-butterfly-dangle-\u00b7-long-earrings-\u00b7-silver-earrings\/\" \/>\n<meta property=\"og:site_name\" content=\"AZZUREA\" \/>\n<meta property=\"article:publisher\" content=\"https:\/\/www.facebook.com\/azzurea.joyas\" \/>\n<meta property=\"article:modified_time\" content=\"2026-03-16T16:37:17+00:00\" \/>\n<meta property=\"og:image\" content=\"https:\/\/azzurea.com\/wp-content\/uploads\/product_images\/little_butterfly\/1-scaled.jpg\" \/>\n\t<meta property=\"og:image:width\" content=\"1707\" \/>\n\t<meta property=\"og:image:height\" content=\"2560\" \/>\n\t<meta property=\"og:image:type\" content=\"image\/jpeg\" \/>\n<meta name=\"twitter:card\" content=\"summary_large_image\" \/>\n<meta name=\"twitter:label1\" content=\"Tiempo de lectura\" \/>\n\t<meta name=\"twitter:data1\" content=\"2 minutos\" \/>\n<script type=\"application\/ld+json\" class=\"yoast-schema-graph\">{\"@context\":\"https:\\\/\\\/schema.org\",\"@graph\":[{\"@type\":\"WebPage\",\"@id\":\"https:\\\/\\\/azzurea.com\\\/es\\\/products\\\/little-butterfly-%c2%b7-butterfly-earrings-%c2%b7-wings-earrings-%c2%b7-fairy-earrings-%c2%b7-butterfly-dangle-%c2%b7-long-earrings-%c2%b7-silver-earrings\\\/\",\"url\":\"https:\\\/\\\/azzurea.com\\\/es\\\/products\\\/little-butterfly-%c2%b7-butterfly-earrings-%c2%b7-wings-earrings-%c2%b7-fairy-earrings-%c2%b7-butterfly-dangle-%c2%b7-long-earrings-%c2%b7-silver-earrings\\\/\",\"name\":\"LITTLE BUTTERFLY - AZZUREA\",\"isPartOf\":{\"@id\":\"https:\\\/\\\/azzurea.com\\\/en\\\/#website\"},\"primaryImageOfPage\":{\"@id\":\"https:\\\/\\\/azzurea.com\\\/es\\\/products\\\/little-butterfly-%c2%b7-butterfly-earrings-%c2%b7-wings-earrings-%c2%b7-fairy-earrings-%c2%b7-butterfly-dangle-%c2%b7-long-earrings-%c2%b7-silver-earrings\\\/#primaryimage\"},\"image\":{\"@id\":\"https:\\\/\\\/azzurea.com\\\/es\\\/products\\\/little-butterfly-%c2%b7-butterfly-earrings-%c2%b7-wings-earrings-%c2%b7-fairy-earrings-%c2%b7-butterfly-dangle-%c2%b7-long-earrings-%c2%b7-silver-earrings\\\/#primaryimage\"},\"thumbnailUrl\":\"https:\\\/\\\/azzurea.com\\\/wp-content\\\/uploads\\\/product_images\\\/little_butterfly\\\/1-scaled.jpg\",\"datePublished\":\"2023-07-09T07:57:43+00:00\",\"dateModified\":\"2026-03-16T16:37:17+00:00\",\"breadcrumb\":{\"@id\":\"https:\\\/\\\/azzurea.com\\\/es\\\/products\\\/little-butterfly-%c2%b7-butterfly-earrings-%c2%b7-wings-earrings-%c2%b7-fairy-earrings-%c2%b7-butterfly-dangle-%c2%b7-long-earrings-%c2%b7-silver-earrings\\\/#breadcrumb\"},\"inLanguage\":\"es\",\"potentialAction\":[{\"@type\":\"ReadAction\",\"target\":[\"https:\\\/\\\/azzurea.com\\\/es\\\/products\\\/little-butterfly-%c2%b7-butterfly-earrings-%c2%b7-wings-earrings-%c2%b7-fairy-earrings-%c2%b7-butterfly-dangle-%c2%b7-long-earrings-%c2%b7-silver-earrings\\\/\"]}]},{\"@type\":\"ImageObject\",\"inLanguage\":\"es\",\"@id\":\"https:\\\/\\\/azzurea.com\\\/es\\\/products\\\/little-butterfly-%c2%b7-butterfly-earrings-%c2%b7-wings-earrings-%c2%b7-fairy-earrings-%c2%b7-butterfly-dangle-%c2%b7-long-earrings-%c2%b7-silver-earrings\\\/#primaryimage\",\"url\":\"https:\\\/\\\/azzurea.com\\\/wp-content\\\/uploads\\\/product_images\\\/little_butterfly\\\/1-scaled.jpg\",\"contentUrl\":\"https:\\\/\\\/azzurea.com\\\/wp-content\\\/uploads\\\/product_images\\\/little_butterfly\\\/1-scaled.jpg\",\"width\":1707,\"height\":2560},{\"@type\":\"BreadcrumbList\",\"@id\":\"https:\\\/\\\/azzurea.com\\\/es\\\/products\\\/little-butterfly-%c2%b7-butterfly-earrings-%c2%b7-wings-earrings-%c2%b7-fairy-earrings-%c2%b7-butterfly-dangle-%c2%b7-long-earrings-%c2%b7-silver-earrings\\\/#breadcrumb\",\"itemListElement\":[{\"@type\":\"ListItem\",\"position\":1,\"name\":\"Portada\",\"item\":\"https:\\\/\\\/azzurea.com\\\/es\\\/\"},{\"@type\":\"ListItem\",\"position\":2,\"name\":\"PRODUCTS\",\"item\":\"https:\\\/\\\/azzurea.com\\\/es\\\/products\\\/\"},{\"@type\":\"ListItem\",\"position\":3,\"name\":\"LITTLE BUTTERFLY\"}]},{\"@type\":\"WebSite\",\"@id\":\"https:\\\/\\\/azzurea.com\\\/en\\\/#website\",\"url\":\"https:\\\/\\\/azzurea.com\\\/en\\\/\",\"name\":\"AZZUREA\",\"description\":\"Minimalist sculptural jewelry. Made in Spain.\",\"publisher\":{\"@id\":\"https:\\\/\\\/azzurea.com\\\/en\\\/#organization\"},\"alternateName\":\"azzurea.com\",\"potentialAction\":[{\"@type\":\"SearchAction\",\"target\":{\"@type\":\"EntryPoint\",\"urlTemplate\":\"https:\\\/\\\/azzurea.com\\\/en\\\/?s={search_term_string}\"},\"query-input\":{\"@type\":\"PropertyValueSpecification\",\"valueRequired\":true,\"valueName\":\"search_term_string\"}}],\"inLanguage\":\"es\"},{\"@type\":\"Organization\",\"@id\":\"https:\\\/\\\/azzurea.com\\\/en\\\/#organization\",\"name\":\"AZZUREA\",\"alternateName\":\"AZZUREA\",\"url\":\"https:\\\/\\\/azzurea.com\\\/en\\\/\",\"logo\":{\"@type\":\"ImageObject\",\"inLanguage\":\"es\",\"@id\":\"https:\\\/\\\/azzurea.com\\\/en\\\/#\\\/schema\\\/logo\\\/image\\\/\",\"url\":\"https:\\\/\\\/azzurea.com\\\/wp-content\\\/uploads\\\/product_images\\\/prueba2\\\/azzurea-gris.png\",\"contentUrl\":\"https:\\\/\\\/azzurea.com\\\/wp-content\\\/uploads\\\/product_images\\\/prueba2\\\/azzurea-gris.png\",\"width\":1146,\"height\":154,\"caption\":\"AZZUREA\"},\"image\":{\"@id\":\"https:\\\/\\\/azzurea.com\\\/en\\\/#\\\/schema\\\/logo\\\/image\\\/\"},\"sameAs\":[\"https:\\\/\\\/www.facebook.com\\\/azzurea.joyas\",\"https:\\\/\\\/www.instagram.com\\\/azzurea.joyas\\\/\",\"https:\\\/\\\/www.tiktok.com\\\/@azzurea.joyas\"]}]}<\/script>\n<!-- \/ Yoast SEO plugin. -->","yoast_head_json":{"title":"LITTLE BUTTERFLY - AZZUREA","robots":{"index":"index","follow":"follow","max-snippet":"max-snippet:-1","max-image-preview":"max-image-preview:large","max-video-preview":"max-video-preview:-1"},"canonical":"https:\/\/azzurea.com\/es\/products\/little-butterfly-\u00b7-butterfly-earrings-\u00b7-wings-earrings-\u00b7-fairy-earrings-\u00b7-butterfly-dangle-\u00b7-long-earrings-\u00b7-silver-earrings\/","og_locale":"es_ES","og_type":"article","og_title":"LITTLE BUTTERFLY - AZZUREA","og_description":"Estos pendientes son una de mis creaciones m\u00e1s especiales, no solo por su delicada belleza, sino tambi\u00e9n por el profundo significado que llevan consigo. \u00bfSab\u00edas que las mariposas blancas simbolizan la llegada de cosas positivas y buena suerte? Usarlas es un recordatorio constante de esperanza y de los nuevos comienzos que est\u00e1n por venir. Cada [&hellip;]","og_url":"https:\/\/azzurea.com\/es\/products\/little-butterfly-\u00b7-butterfly-earrings-\u00b7-wings-earrings-\u00b7-fairy-earrings-\u00b7-butterfly-dangle-\u00b7-long-earrings-\u00b7-silver-earrings\/","og_site_name":"AZZUREA","article_publisher":"https:\/\/www.facebook.com\/azzurea.joyas","article_modified_time":"2026-03-16T16:37:17+00:00","og_image":[{"width":1707,"height":2560,"url":"https:\/\/azzurea.com\/wp-content\/uploads\/product_images\/little_butterfly\/1-scaled.jpg","type":"image\/jpeg"}],"twitter_card":"summary_large_image","twitter_misc":{"Tiempo de lectura":"2 minutos"},"schema":{"@context":"https:\/\/schema.org","@graph":[{"@type":"WebPage","@id":"https:\/\/azzurea.com\/es\/products\/little-butterfly-%c2%b7-butterfly-earrings-%c2%b7-wings-earrings-%c2%b7-fairy-earrings-%c2%b7-butterfly-dangle-%c2%b7-long-earrings-%c2%b7-silver-earrings\/","url":"https:\/\/azzurea.com\/es\/products\/little-butterfly-%c2%b7-butterfly-earrings-%c2%b7-wings-earrings-%c2%b7-fairy-earrings-%c2%b7-butterfly-dangle-%c2%b7-long-earrings-%c2%b7-silver-earrings\/","name":"LITTLE BUTTERFLY - AZZUREA","isPartOf":{"@id":"https:\/\/azzurea.com\/en\/#website"},"primaryImageOfPage":{"@id":"https:\/\/azzurea.com\/es\/products\/little-butterfly-%c2%b7-butterfly-earrings-%c2%b7-wings-earrings-%c2%b7-fairy-earrings-%c2%b7-butterfly-dangle-%c2%b7-long-earrings-%c2%b7-silver-earrings\/#primaryimage"},"image":{"@id":"https:\/\/azzurea.com\/es\/products\/little-butterfly-%c2%b7-butterfly-earrings-%c2%b7-wings-earrings-%c2%b7-fairy-earrings-%c2%b7-butterfly-dangle-%c2%b7-long-earrings-%c2%b7-silver-earrings\/#primaryimage"},"thumbnailUrl":"https:\/\/azzurea.com\/wp-content\/uploads\/product_images\/little_butterfly\/1-scaled.jpg","datePublished":"2023-07-09T07:57:43+00:00","dateModified":"2026-03-16T16:37:17+00:00","breadcrumb":{"@id":"https:\/\/azzurea.com\/es\/products\/little-butterfly-%c2%b7-butterfly-earrings-%c2%b7-wings-earrings-%c2%b7-fairy-earrings-%c2%b7-butterfly-dangle-%c2%b7-long-earrings-%c2%b7-silver-earrings\/#breadcrumb"},"inLanguage":"es","potentialAction":[{"@type":"ReadAction","target":["https:\/\/azzurea.com\/es\/products\/little-butterfly-%c2%b7-butterfly-earrings-%c2%b7-wings-earrings-%c2%b7-fairy-earrings-%c2%b7-butterfly-dangle-%c2%b7-long-earrings-%c2%b7-silver-earrings\/"]}]},{"@type":"ImageObject","inLanguage":"es","@id":"https:\/\/azzurea.com\/es\/products\/little-butterfly-%c2%b7-butterfly-earrings-%c2%b7-wings-earrings-%c2%b7-fairy-earrings-%c2%b7-butterfly-dangle-%c2%b7-long-earrings-%c2%b7-silver-earrings\/#primaryimage","url":"https:\/\/azzurea.com\/wp-content\/uploads\/product_images\/little_butterfly\/1-scaled.jpg","contentUrl":"https:\/\/azzurea.com\/wp-content\/uploads\/product_images\/little_butterfly\/1-scaled.jpg","width":1707,"height":2560},{"@type":"BreadcrumbList","@id":"https:\/\/azzurea.com\/es\/products\/little-butterfly-%c2%b7-butterfly-earrings-%c2%b7-wings-earrings-%c2%b7-fairy-earrings-%c2%b7-butterfly-dangle-%c2%b7-long-earrings-%c2%b7-silver-earrings\/#breadcrumb","itemListElement":[{"@type":"ListItem","position":1,"name":"Portada","item":"https:\/\/azzurea.com\/es\/"},{"@type":"ListItem","position":2,"name":"PRODUCTS","item":"https:\/\/azzurea.com\/es\/products\/"},{"@type":"ListItem","position":3,"name":"LITTLE BUTTERFLY"}]},{"@type":"WebSite","@id":"https:\/\/azzurea.com\/en\/#website","url":"https:\/\/azzurea.com\/en\/","name":"AZZUREA","description":"Minimalist sculptural jewelry. Made in Spain.","publisher":{"@id":"https:\/\/azzurea.com\/en\/#organization"},"alternateName":"azzurea.com","potentialAction":[{"@type":"SearchAction","target":{"@type":"EntryPoint","urlTemplate":"https:\/\/azzurea.com\/en\/?s={search_term_string}"},"query-input":{"@type":"PropertyValueSpecification","valueRequired":true,"valueName":"search_term_string"}}],"inLanguage":"es"},{"@type":"Organization","@id":"https:\/\/azzurea.com\/en\/#organization","name":"AZZUREA","alternateName":"AZZUREA","url":"https:\/\/azzurea.com\/en\/","logo":{"@type":"ImageObject","inLanguage":"es","@id":"https:\/\/azzurea.com\/en\/#\/schema\/logo\/image\/","url":"https:\/\/azzurea.com\/wp-content\/uploads\/product_images\/prueba2\/azzurea-gris.png","contentUrl":"https:\/\/azzurea.com\/wp-content\/uploads\/product_images\/prueba2\/azzurea-gris.png","width":1146,"height":154,"caption":"AZZUREA"},"image":{"@id":"https:\/\/azzurea.com\/en\/#\/schema\/logo\/image\/"},"sameAs":["https:\/\/www.facebook.com\/azzurea.joyas","https:\/\/www.instagram.com\/azzurea.joyas\/","https:\/\/www.tiktok.com\/@azzurea.joyas"]}]}},"jetpack_sharing_enabled":true,"_links":{"self":[{"href":"https:\/\/azzurea.com\/es\/wp-json\/wp\/v2\/product\/677","targetHints":{"allow":["GET"]}}],"collection":[{"href":"https:\/\/azzurea.com\/es\/wp-json\/wp\/v2\/product"}],"about":[{"href":"https:\/\/azzurea.com\/es\/wp-json\/wp\/v2\/types\/product"}],"replies":[{"embeddable":true,"href":"https:\/\/azzurea.com\/es\/wp-json\/wp\/v2\/comments?post=677"}],"wp:featuredmedia":[{"embeddable":true,"href":"https:\/\/azzurea.com\/es\/wp-json\/wp\/v2\/media\/3380"}],"wp:attachment":[{"href":"https:\/\/azzurea.com\/es\/wp-json\/wp\/v2\/media?parent=677"}],"wp:term":[{"taxonomy":"product_brand","embeddable":true,"href":"https:\/\/azzurea.com\/es\/wp-json\/wp\/v2\/product_brand?post=677"},{"taxonomy":"product_cat","embeddable":true,"href":"https:\/\/azzurea.com\/es\/wp-json\/wp\/v2\/product_cat?post=677"},{"taxonomy":"product_tag","embeddable":true,"href":"https:\/\/azzurea.com\/es\/wp-json\/wp\/v2\/product_tag?post=677"}],"curies":[{"name":"wp","href":"https:\/\/api.w.org\/{rel}","templated":true}]}}