{"id":659,"date":"2023-07-09T09:57:40","date_gmt":"2023-07-09T07:57:40","guid":{"rendered":"http:\/\/azzurea.es\/?post_type=product&#038;p=659"},"modified":"2026-03-16T17:45:12","modified_gmt":"2026-03-16T16:45:12","slug":"ear-cuff-line-ear-cuff-plata-silver-ear-cuff-gold-ear-cuff-conch-ear-cuff-huggie-ear-cuff-fake-piercing","status":"publish","type":"product","link":"https:\/\/azzurea.com\/es\/products\/ear-cuff-line-ear-cuff-plata-silver-ear-cuff-gold-ear-cuff-conch-ear-cuff-huggie-ear-cuff-fake-piercing\/","title":{"rendered":"EAR CUFF LINE"},"content":{"rendered":"<p data-pm-slice=\"1 1 []\"><strong>Ear Cuff Line<\/strong>, es una pieza minimalista y sofisticada que a\u00f1adir\u00e1 un toque de elegancia discreta a tu estilo. Su dise\u00f1o sutil lo convierte en un b\u00e1sico vers\u00e1til, ideal para realzar tu look diario con un toque de distinci\u00f3n o para aportar un destello refinado en esos momentos especiales.<\/p>\n<p data-pm-slice=\"1 1 []\"><strong>DETALLES:\u00a0<\/strong><\/p>\n<ul>\n<li data-pm-slice=\"1 1 []\">Se vende por unidad.<\/li>\n<li data-pm-slice=\"1 1 []\">Disponible en: Plata de Ley 925 y <a href=\"https:\/\/azzurea.com\/gold-vermeil-24k\/\">Oro Vermeil 24K\u00a0 <img loading=\"lazy\" decoding=\"async\" class=\"alignnone wp-image-4335\" src=\"https:\/\/azzurea.com\/wp-content\/uploads\/product_images\/prueba2\/boton-de-informacion-5.png\" alt=\"\" width=\"17\" height=\"17\" srcset=\"https:\/\/azzurea.com\/wp-content\/uploads\/product_images\/prueba2\/boton-de-informacion-5.png 190w, https:\/\/azzurea.com\/wp-content\/uploads\/product_images\/prueba2\/boton-de-informacion-5-150x150.png 150w\" sizes=\"auto, (max-width: 17px) 100vw, 17px\" \/><\/a><\/li>\n<li data-pm-slice=\"1 1 []\">Acabado: pulido espejo<\/li>\n<li data-pm-slice=\"1 1 []\">Longitud interior (sin contar el grosor del pendiente): 13 mm<\/li>\n<li data-pm-slice=\"1 1 []\">Grosor: 1.6 mm<\/li>\n<\/ul>\n","protected":false},"excerpt":{"rendered":"<p>Ear Cuff Line, es una pieza minimalista y sofisticada que a\u00f1adir\u00e1 un toque de elegancia discreta a tu estilo. Su dise\u00f1o sutil lo convierte en un b\u00e1sico vers\u00e1til, ideal para realzar tu look diario con un toque de distinci\u00f3n o para aportar un destello refinado en esos momentos especiales. DETALLES:\u00a0 Se vende por unidad. Disponible [&hellip;]<\/p>\n","protected":false},"featured_media":3238,"comment_status":"open","ping_status":"closed","template":"","meta":[],"product_brand":[],"product_cat":[205,597],"product_tag":[60,61,62,63,64,65,66,67,68,69,70,44,71],"class_list":{"0":"post-659","1":"product","2":"type-product","3":"status-publish","4":"has-post-thumbnail","6":"product_cat-ear-cuffs","7":"product_cat-regalos","8":"product_tag-conch_ear_cuff","9":"product_tag-dainty_ear_cuff","10":"product_tag-delicate_ear_cuff","11":"product_tag-ear_cuff_earrings","12":"product_tag-ear_cuff_no_piercing","13":"product_tag-fake_piercing","14":"product_tag-gold_ear_cuff","15":"product_tag-huggie_ear_cuff","16":"product_tag-minimal_ear_cuff","17":"product_tag-non_pierced_ear_cuff","18":"product_tag-silver_ear_cuff","19":"product_tag-silver_earrings","20":"product_tag-tiny_ear_cuff","22":"first","23":"instock","24":"purchasable","25":"product-type-variable"},"yoast_head":"<!-- This site is optimized with the Yoast SEO plugin v27.4 - https:\/\/yoast.com\/product\/yoast-seo-wordpress\/ -->\n<title>EAR CUFF LINE - AZZUREA<\/title>\n<meta name=\"robots\" content=\"index, follow, max-snippet:-1, max-image-preview:large, max-video-preview:-1\" \/>\n<link rel=\"canonical\" href=\"https:\/\/azzurea.com\/es\/products\/ear-cuff-line-ear-cuff-plata-silver-ear-cuff-gold-ear-cuff-conch-ear-cuff-huggie-ear-cuff-fake-piercing\/\" \/>\n<meta property=\"og:locale\" content=\"es_ES\" \/>\n<meta property=\"og:type\" content=\"article\" \/>\n<meta property=\"og:title\" content=\"EAR CUFF LINE - AZZUREA\" \/>\n<meta property=\"og:description\" content=\"Ear Cuff Line, es una pieza minimalista y sofisticada que a\u00f1adir\u00e1 un toque de elegancia discreta a tu estilo. Su dise\u00f1o sutil lo convierte en un b\u00e1sico vers\u00e1til, ideal para realzar tu look diario con un toque de distinci\u00f3n o para aportar un destello refinado en esos momentos especiales. DETALLES:\u00a0 Se vende por unidad. Disponible [&hellip;]\" \/>\n<meta property=\"og:url\" content=\"https:\/\/azzurea.com\/es\/products\/ear-cuff-line-ear-cuff-plata-silver-ear-cuff-gold-ear-cuff-conch-ear-cuff-huggie-ear-cuff-fake-piercing\/\" \/>\n<meta property=\"og:site_name\" content=\"AZZUREA\" \/>\n<meta property=\"article:publisher\" content=\"https:\/\/www.facebook.com\/azzurea.joyas\" \/>\n<meta property=\"article:modified_time\" content=\"2026-03-16T16:45:12+00:00\" \/>\n<meta property=\"og:image\" content=\"https:\/\/azzurea.com\/wp-content\/uploads\/product_images\/ear_cuff_line\/4-scaled.jpg\" \/>\n\t<meta property=\"og:image:width\" content=\"2558\" \/>\n\t<meta property=\"og:image:height\" content=\"2560\" \/>\n\t<meta property=\"og:image:type\" content=\"image\/jpeg\" \/>\n<meta name=\"twitter:card\" content=\"summary_large_image\" \/>\n<meta name=\"twitter:label1\" content=\"Tiempo de lectura\" \/>\n\t<meta name=\"twitter:data1\" content=\"1 minuto\" \/>\n<script type=\"application\/ld+json\" class=\"yoast-schema-graph\">{\"@context\":\"https:\\\/\\\/schema.org\",\"@graph\":[{\"@type\":\"WebPage\",\"@id\":\"https:\\\/\\\/azzurea.com\\\/es\\\/products\\\/ear-cuff-line-ear-cuff-plata-silver-ear-cuff-gold-ear-cuff-conch-ear-cuff-huggie-ear-cuff-fake-piercing\\\/\",\"url\":\"https:\\\/\\\/azzurea.com\\\/es\\\/products\\\/ear-cuff-line-ear-cuff-plata-silver-ear-cuff-gold-ear-cuff-conch-ear-cuff-huggie-ear-cuff-fake-piercing\\\/\",\"name\":\"EAR CUFF LINE - AZZUREA\",\"isPartOf\":{\"@id\":\"https:\\\/\\\/azzurea.com\\\/en\\\/#website\"},\"primaryImageOfPage\":{\"@id\":\"https:\\\/\\\/azzurea.com\\\/es\\\/products\\\/ear-cuff-line-ear-cuff-plata-silver-ear-cuff-gold-ear-cuff-conch-ear-cuff-huggie-ear-cuff-fake-piercing\\\/#primaryimage\"},\"image\":{\"@id\":\"https:\\\/\\\/azzurea.com\\\/es\\\/products\\\/ear-cuff-line-ear-cuff-plata-silver-ear-cuff-gold-ear-cuff-conch-ear-cuff-huggie-ear-cuff-fake-piercing\\\/#primaryimage\"},\"thumbnailUrl\":\"https:\\\/\\\/azzurea.com\\\/wp-content\\\/uploads\\\/product_images\\\/ear_cuff_line\\\/4-scaled.jpg\",\"datePublished\":\"2023-07-09T07:57:40+00:00\",\"dateModified\":\"2026-03-16T16:45:12+00:00\",\"breadcrumb\":{\"@id\":\"https:\\\/\\\/azzurea.com\\\/es\\\/products\\\/ear-cuff-line-ear-cuff-plata-silver-ear-cuff-gold-ear-cuff-conch-ear-cuff-huggie-ear-cuff-fake-piercing\\\/#breadcrumb\"},\"inLanguage\":\"es\",\"potentialAction\":[{\"@type\":\"ReadAction\",\"target\":[\"https:\\\/\\\/azzurea.com\\\/es\\\/products\\\/ear-cuff-line-ear-cuff-plata-silver-ear-cuff-gold-ear-cuff-conch-ear-cuff-huggie-ear-cuff-fake-piercing\\\/\"]}]},{\"@type\":\"ImageObject\",\"inLanguage\":\"es\",\"@id\":\"https:\\\/\\\/azzurea.com\\\/es\\\/products\\\/ear-cuff-line-ear-cuff-plata-silver-ear-cuff-gold-ear-cuff-conch-ear-cuff-huggie-ear-cuff-fake-piercing\\\/#primaryimage\",\"url\":\"https:\\\/\\\/azzurea.com\\\/wp-content\\\/uploads\\\/product_images\\\/ear_cuff_line\\\/4-scaled.jpg\",\"contentUrl\":\"https:\\\/\\\/azzurea.com\\\/wp-content\\\/uploads\\\/product_images\\\/ear_cuff_line\\\/4-scaled.jpg\",\"width\":2558,\"height\":2560},{\"@type\":\"BreadcrumbList\",\"@id\":\"https:\\\/\\\/azzurea.com\\\/es\\\/products\\\/ear-cuff-line-ear-cuff-plata-silver-ear-cuff-gold-ear-cuff-conch-ear-cuff-huggie-ear-cuff-fake-piercing\\\/#breadcrumb\",\"itemListElement\":[{\"@type\":\"ListItem\",\"position\":1,\"name\":\"Portada\",\"item\":\"https:\\\/\\\/azzurea.com\\\/es\\\/\"},{\"@type\":\"ListItem\",\"position\":2,\"name\":\"PRODUCTS\",\"item\":\"https:\\\/\\\/azzurea.com\\\/es\\\/products\\\/\"},{\"@type\":\"ListItem\",\"position\":3,\"name\":\"EAR CUFF LINE\"}]},{\"@type\":\"WebSite\",\"@id\":\"https:\\\/\\\/azzurea.com\\\/en\\\/#website\",\"url\":\"https:\\\/\\\/azzurea.com\\\/en\\\/\",\"name\":\"AZZUREA\",\"description\":\"Minimalist sculptural jewelry. Made in Spain.\",\"publisher\":{\"@id\":\"https:\\\/\\\/azzurea.com\\\/en\\\/#organization\"},\"alternateName\":\"azzurea.com\",\"potentialAction\":[{\"@type\":\"SearchAction\",\"target\":{\"@type\":\"EntryPoint\",\"urlTemplate\":\"https:\\\/\\\/azzurea.com\\\/en\\\/?s={search_term_string}\"},\"query-input\":{\"@type\":\"PropertyValueSpecification\",\"valueRequired\":true,\"valueName\":\"search_term_string\"}}],\"inLanguage\":\"es\"},{\"@type\":\"Organization\",\"@id\":\"https:\\\/\\\/azzurea.com\\\/en\\\/#organization\",\"name\":\"AZZUREA\",\"alternateName\":\"AZZUREA\",\"url\":\"https:\\\/\\\/azzurea.com\\\/en\\\/\",\"logo\":{\"@type\":\"ImageObject\",\"inLanguage\":\"es\",\"@id\":\"https:\\\/\\\/azzurea.com\\\/en\\\/#\\\/schema\\\/logo\\\/image\\\/\",\"url\":\"https:\\\/\\\/azzurea.com\\\/wp-content\\\/uploads\\\/product_images\\\/prueba2\\\/azzurea-gris.png\",\"contentUrl\":\"https:\\\/\\\/azzurea.com\\\/wp-content\\\/uploads\\\/product_images\\\/prueba2\\\/azzurea-gris.png\",\"width\":1146,\"height\":154,\"caption\":\"AZZUREA\"},\"image\":{\"@id\":\"https:\\\/\\\/azzurea.com\\\/en\\\/#\\\/schema\\\/logo\\\/image\\\/\"},\"sameAs\":[\"https:\\\/\\\/www.facebook.com\\\/azzurea.joyas\",\"https:\\\/\\\/www.instagram.com\\\/azzurea.joyas\\\/\",\"https:\\\/\\\/www.tiktok.com\\\/@azzurea.joyas\"]}]}<\/script>\n<!-- \/ Yoast SEO plugin. -->","yoast_head_json":{"title":"EAR CUFF LINE - AZZUREA","robots":{"index":"index","follow":"follow","max-snippet":"max-snippet:-1","max-image-preview":"max-image-preview:large","max-video-preview":"max-video-preview:-1"},"canonical":"https:\/\/azzurea.com\/es\/products\/ear-cuff-line-ear-cuff-plata-silver-ear-cuff-gold-ear-cuff-conch-ear-cuff-huggie-ear-cuff-fake-piercing\/","og_locale":"es_ES","og_type":"article","og_title":"EAR CUFF LINE - AZZUREA","og_description":"Ear Cuff Line, es una pieza minimalista y sofisticada que a\u00f1adir\u00e1 un toque de elegancia discreta a tu estilo. Su dise\u00f1o sutil lo convierte en un b\u00e1sico vers\u00e1til, ideal para realzar tu look diario con un toque de distinci\u00f3n o para aportar un destello refinado en esos momentos especiales. DETALLES:\u00a0 Se vende por unidad. Disponible [&hellip;]","og_url":"https:\/\/azzurea.com\/es\/products\/ear-cuff-line-ear-cuff-plata-silver-ear-cuff-gold-ear-cuff-conch-ear-cuff-huggie-ear-cuff-fake-piercing\/","og_site_name":"AZZUREA","article_publisher":"https:\/\/www.facebook.com\/azzurea.joyas","article_modified_time":"2026-03-16T16:45:12+00:00","og_image":[{"width":2558,"height":2560,"url":"https:\/\/azzurea.com\/wp-content\/uploads\/product_images\/ear_cuff_line\/4-scaled.jpg","type":"image\/jpeg"}],"twitter_card":"summary_large_image","twitter_misc":{"Tiempo de lectura":"1 minuto"},"schema":{"@context":"https:\/\/schema.org","@graph":[{"@type":"WebPage","@id":"https:\/\/azzurea.com\/es\/products\/ear-cuff-line-ear-cuff-plata-silver-ear-cuff-gold-ear-cuff-conch-ear-cuff-huggie-ear-cuff-fake-piercing\/","url":"https:\/\/azzurea.com\/es\/products\/ear-cuff-line-ear-cuff-plata-silver-ear-cuff-gold-ear-cuff-conch-ear-cuff-huggie-ear-cuff-fake-piercing\/","name":"EAR CUFF LINE - AZZUREA","isPartOf":{"@id":"https:\/\/azzurea.com\/en\/#website"},"primaryImageOfPage":{"@id":"https:\/\/azzurea.com\/es\/products\/ear-cuff-line-ear-cuff-plata-silver-ear-cuff-gold-ear-cuff-conch-ear-cuff-huggie-ear-cuff-fake-piercing\/#primaryimage"},"image":{"@id":"https:\/\/azzurea.com\/es\/products\/ear-cuff-line-ear-cuff-plata-silver-ear-cuff-gold-ear-cuff-conch-ear-cuff-huggie-ear-cuff-fake-piercing\/#primaryimage"},"thumbnailUrl":"https:\/\/azzurea.com\/wp-content\/uploads\/product_images\/ear_cuff_line\/4-scaled.jpg","datePublished":"2023-07-09T07:57:40+00:00","dateModified":"2026-03-16T16:45:12+00:00","breadcrumb":{"@id":"https:\/\/azzurea.com\/es\/products\/ear-cuff-line-ear-cuff-plata-silver-ear-cuff-gold-ear-cuff-conch-ear-cuff-huggie-ear-cuff-fake-piercing\/#breadcrumb"},"inLanguage":"es","potentialAction":[{"@type":"ReadAction","target":["https:\/\/azzurea.com\/es\/products\/ear-cuff-line-ear-cuff-plata-silver-ear-cuff-gold-ear-cuff-conch-ear-cuff-huggie-ear-cuff-fake-piercing\/"]}]},{"@type":"ImageObject","inLanguage":"es","@id":"https:\/\/azzurea.com\/es\/products\/ear-cuff-line-ear-cuff-plata-silver-ear-cuff-gold-ear-cuff-conch-ear-cuff-huggie-ear-cuff-fake-piercing\/#primaryimage","url":"https:\/\/azzurea.com\/wp-content\/uploads\/product_images\/ear_cuff_line\/4-scaled.jpg","contentUrl":"https:\/\/azzurea.com\/wp-content\/uploads\/product_images\/ear_cuff_line\/4-scaled.jpg","width":2558,"height":2560},{"@type":"BreadcrumbList","@id":"https:\/\/azzurea.com\/es\/products\/ear-cuff-line-ear-cuff-plata-silver-ear-cuff-gold-ear-cuff-conch-ear-cuff-huggie-ear-cuff-fake-piercing\/#breadcrumb","itemListElement":[{"@type":"ListItem","position":1,"name":"Portada","item":"https:\/\/azzurea.com\/es\/"},{"@type":"ListItem","position":2,"name":"PRODUCTS","item":"https:\/\/azzurea.com\/es\/products\/"},{"@type":"ListItem","position":3,"name":"EAR CUFF LINE"}]},{"@type":"WebSite","@id":"https:\/\/azzurea.com\/en\/#website","url":"https:\/\/azzurea.com\/en\/","name":"AZZUREA","description":"Minimalist sculptural jewelry. Made in Spain.","publisher":{"@id":"https:\/\/azzurea.com\/en\/#organization"},"alternateName":"azzurea.com","potentialAction":[{"@type":"SearchAction","target":{"@type":"EntryPoint","urlTemplate":"https:\/\/azzurea.com\/en\/?s={search_term_string}"},"query-input":{"@type":"PropertyValueSpecification","valueRequired":true,"valueName":"search_term_string"}}],"inLanguage":"es"},{"@type":"Organization","@id":"https:\/\/azzurea.com\/en\/#organization","name":"AZZUREA","alternateName":"AZZUREA","url":"https:\/\/azzurea.com\/en\/","logo":{"@type":"ImageObject","inLanguage":"es","@id":"https:\/\/azzurea.com\/en\/#\/schema\/logo\/image\/","url":"https:\/\/azzurea.com\/wp-content\/uploads\/product_images\/prueba2\/azzurea-gris.png","contentUrl":"https:\/\/azzurea.com\/wp-content\/uploads\/product_images\/prueba2\/azzurea-gris.png","width":1146,"height":154,"caption":"AZZUREA"},"image":{"@id":"https:\/\/azzurea.com\/en\/#\/schema\/logo\/image\/"},"sameAs":["https:\/\/www.facebook.com\/azzurea.joyas","https:\/\/www.instagram.com\/azzurea.joyas\/","https:\/\/www.tiktok.com\/@azzurea.joyas"]}]}},"jetpack_sharing_enabled":true,"_links":{"self":[{"href":"https:\/\/azzurea.com\/es\/wp-json\/wp\/v2\/product\/659","targetHints":{"allow":["GET"]}}],"collection":[{"href":"https:\/\/azzurea.com\/es\/wp-json\/wp\/v2\/product"}],"about":[{"href":"https:\/\/azzurea.com\/es\/wp-json\/wp\/v2\/types\/product"}],"replies":[{"embeddable":true,"href":"https:\/\/azzurea.com\/es\/wp-json\/wp\/v2\/comments?post=659"}],"wp:featuredmedia":[{"embeddable":true,"href":"https:\/\/azzurea.com\/es\/wp-json\/wp\/v2\/media\/3238"}],"wp:attachment":[{"href":"https:\/\/azzurea.com\/es\/wp-json\/wp\/v2\/media?parent=659"}],"wp:term":[{"taxonomy":"product_brand","embeddable":true,"href":"https:\/\/azzurea.com\/es\/wp-json\/wp\/v2\/product_brand?post=659"},{"taxonomy":"product_cat","embeddable":true,"href":"https:\/\/azzurea.com\/es\/wp-json\/wp\/v2\/product_cat?post=659"},{"taxonomy":"product_tag","embeddable":true,"href":"https:\/\/azzurea.com\/es\/wp-json\/wp\/v2\/product_tag?post=659"}],"curies":[{"name":"wp","href":"https:\/\/api.w.org\/{rel}","templated":true}]}}