{"id":657,"date":"2023-07-09T09:57:40","date_gmt":"2023-07-09T07:57:40","guid":{"rendered":"http:\/\/azzurea.es\/?post_type=product&#038;p=657"},"modified":"2026-03-16T17:50:50","modified_gmt":"2026-03-16T16:50:50","slug":"double-s-lobe-cuff-%c2%b7-custom-size-%c2%b7-modern-suspender-earrings-%c2%b7-ear-hangers-%c2%b7-tiny-bar-stud-%c2%b7-geometric-earrings-%c2%b7-edgy-earrings-%c2%b7-ear-jacket","status":"publish","type":"product","link":"https:\/\/azzurea.com\/es\/products\/double-s-lobe-cuff-%c2%b7-custom-size-%c2%b7-modern-suspender-earrings-%c2%b7-ear-hangers-%c2%b7-tiny-bar-stud-%c2%b7-geometric-earrings-%c2%b7-edgy-earrings-%c2%b7-ear-jacket\/","title":{"rendered":"DOUBLE S LOBE CUFF"},"content":{"rendered":"<p>El pendiente <strong>Double S Lobe Cuff<\/strong> es una pieza escult\u00f3rica dise\u00f1ada para abrazar elegantemente el l\u00f3bulo de la oreja. Su juego de formas lineales crea un efecto \u00f3ptico sofisticado, dando la ilusi\u00f3n de llevar m\u00faltiples pendientes o tener varios piercings, realzando as\u00ed la apariencia de la oreja con un solo accesorio.<\/p>\n<p>Este pendiente combina un estilo moderno con la atemporalidad del minimalismo, lo que lo convierte en un accesorio vers\u00e1til y duradero. Con sus acabados de alta calidad, este pendiente no es solo una pieza de dise\u00f1o, sino tambi\u00e9n una inversi\u00f3n en una creaci\u00f3n que te acompa\u00f1ar\u00e1 toda la vida.<\/p>\n<p><strong>DETALLES:<\/strong><\/p>\n<ul>\n<li>Se vende por unidad<\/li>\n<li><strong>Talla:<\/strong> puedes elegir el tama\u00f1o <strong>est\u00e1ndar<\/strong> o uno <strong>personalizado<\/strong> para ti (ve a la secci\u00f3n <strong>\u00abC\u00d3MO SABER MI TALLA\u00bb<\/strong>)<\/li>\n<li>Material: disponible en Plata de Ley y Oro <a href=\"https:\/\/azzurea.com\/gold-vermeil-24k\/\">Oro Vermeil 24K\u00a0 <img loading=\"lazy\" decoding=\"async\" class=\"alignnone wp-image-4335\" src=\"https:\/\/azzurea.com\/wp-content\/uploads\/product_images\/prueba2\/boton-de-informacion-5.png\" alt=\"\" width=\"17\" height=\"17\" srcset=\"https:\/\/azzurea.com\/wp-content\/uploads\/product_images\/prueba2\/boton-de-informacion-5.png 190w, https:\/\/azzurea.com\/wp-content\/uploads\/product_images\/prueba2\/boton-de-informacion-5-150x150.png 150w\" sizes=\"auto, (max-width: 17px) 100vw, 17px\" \/><\/a><\/li>\n<li>Acabado pulido espejo<\/li>\n<li>Grosor: 1 mm<\/li>\n<\/ul>\n","protected":false},"excerpt":{"rendered":"<p>El pendiente Double S Lobe Cuff es una pieza escult\u00f3rica dise\u00f1ada para abrazar elegantemente el l\u00f3bulo de la oreja. Su juego de formas lineales crea un efecto \u00f3ptico sofisticado, dando la ilusi\u00f3n de llevar m\u00faltiples pendientes o tener varios piercings, realzando as\u00ed la apariencia de la oreja con un solo accesorio. Este pendiente combina un [&hellip;]<\/p>\n","protected":false},"featured_media":3317,"comment_status":"open","ping_status":"closed","template":"","meta":[],"product_brand":[],"product_cat":[226],"product_tag":[36,37,38,39,40,41,42,43,44,45,46,47,48],"class_list":{"0":"post-657","1":"product","2":"type-product","3":"status-publish","4":"has-post-thumbnail","6":"product_cat-pendientes","7":"product_tag-dainty_earrings","8":"product_tag-ear_climbers","9":"product_tag-ear_cuff","10":"product_tag-ear_lobe_cuff_earring","11":"product_tag-earlobe_hug_earrings","12":"product_tag-gold_plated_silver_earrings","13":"product_tag-huggier_earrings","14":"product_tag-minimalist_earrings","15":"product_tag-silver_earrings","16":"product_tag-simple_earrings","17":"product_tag-solid_gold","18":"product_tag-stud_lobe_cuff","19":"product_tag-suspender_earrings","21":"first","22":"instock","23":"purchasable","24":"product-type-variable"},"yoast_head":"<!-- This site is optimized with the Yoast SEO plugin v27.4 - https:\/\/yoast.com\/product\/yoast-seo-wordpress\/ -->\n<title>DOUBLE S LOBE CUFF - AZZUREA<\/title>\n<meta name=\"robots\" content=\"index, follow, max-snippet:-1, max-image-preview:large, max-video-preview:-1\" \/>\n<link rel=\"canonical\" href=\"https:\/\/azzurea.com\/es\/products\/double-s-lobe-cuff-\u00b7-custom-size-\u00b7-modern-suspender-earrings-\u00b7-ear-hangers-\u00b7-tiny-bar-stud-\u00b7-geometric-earrings-\u00b7-edgy-earrings-\u00b7-ear-jacket\/\" \/>\n<meta property=\"og:locale\" content=\"es_ES\" \/>\n<meta property=\"og:type\" content=\"article\" \/>\n<meta property=\"og:title\" content=\"DOUBLE S LOBE CUFF - AZZUREA\" \/>\n<meta property=\"og:description\" content=\"El pendiente Double S Lobe Cuff es una pieza escult\u00f3rica dise\u00f1ada para abrazar elegantemente el l\u00f3bulo de la oreja. Su juego de formas lineales crea un efecto \u00f3ptico sofisticado, dando la ilusi\u00f3n de llevar m\u00faltiples pendientes o tener varios piercings, realzando as\u00ed la apariencia de la oreja con un solo accesorio. Este pendiente combina un [&hellip;]\" \/>\n<meta property=\"og:url\" content=\"https:\/\/azzurea.com\/es\/products\/double-s-lobe-cuff-\u00b7-custom-size-\u00b7-modern-suspender-earrings-\u00b7-ear-hangers-\u00b7-tiny-bar-stud-\u00b7-geometric-earrings-\u00b7-edgy-earrings-\u00b7-ear-jacket\/\" \/>\n<meta property=\"og:site_name\" content=\"AZZUREA\" \/>\n<meta property=\"article:publisher\" content=\"https:\/\/www.facebook.com\/azzurea.joyas\" \/>\n<meta property=\"article:modified_time\" content=\"2026-03-16T16:50:50+00:00\" \/>\n<meta property=\"og:image\" content=\"https:\/\/azzurea.com\/wp-content\/uploads\/product_images\/double_s_lobe_cuff\/4-nueva-relaci\u00f3n-2-3-scaled.jpg\" \/>\n\t<meta property=\"og:image:width\" content=\"1707\" \/>\n\t<meta property=\"og:image:height\" content=\"2560\" \/>\n\t<meta property=\"og:image:type\" content=\"image\/jpeg\" \/>\n<meta name=\"twitter:card\" content=\"summary_large_image\" \/>\n<meta name=\"twitter:label1\" content=\"Tiempo de lectura\" \/>\n\t<meta name=\"twitter:data1\" content=\"2 minutos\" \/>\n<script type=\"application\/ld+json\" class=\"yoast-schema-graph\">{\"@context\":\"https:\\\/\\\/schema.org\",\"@graph\":[{\"@type\":\"WebPage\",\"@id\":\"https:\\\/\\\/azzurea.com\\\/es\\\/products\\\/double-s-lobe-cuff-%c2%b7-custom-size-%c2%b7-modern-suspender-earrings-%c2%b7-ear-hangers-%c2%b7-tiny-bar-stud-%c2%b7-geometric-earrings-%c2%b7-edgy-earrings-%c2%b7-ear-jacket\\\/\",\"url\":\"https:\\\/\\\/azzurea.com\\\/es\\\/products\\\/double-s-lobe-cuff-%c2%b7-custom-size-%c2%b7-modern-suspender-earrings-%c2%b7-ear-hangers-%c2%b7-tiny-bar-stud-%c2%b7-geometric-earrings-%c2%b7-edgy-earrings-%c2%b7-ear-jacket\\\/\",\"name\":\"DOUBLE S LOBE CUFF - AZZUREA\",\"isPartOf\":{\"@id\":\"https:\\\/\\\/azzurea.com\\\/en\\\/#website\"},\"primaryImageOfPage\":{\"@id\":\"https:\\\/\\\/azzurea.com\\\/es\\\/products\\\/double-s-lobe-cuff-%c2%b7-custom-size-%c2%b7-modern-suspender-earrings-%c2%b7-ear-hangers-%c2%b7-tiny-bar-stud-%c2%b7-geometric-earrings-%c2%b7-edgy-earrings-%c2%b7-ear-jacket\\\/#primaryimage\"},\"image\":{\"@id\":\"https:\\\/\\\/azzurea.com\\\/es\\\/products\\\/double-s-lobe-cuff-%c2%b7-custom-size-%c2%b7-modern-suspender-earrings-%c2%b7-ear-hangers-%c2%b7-tiny-bar-stud-%c2%b7-geometric-earrings-%c2%b7-edgy-earrings-%c2%b7-ear-jacket\\\/#primaryimage\"},\"thumbnailUrl\":\"https:\\\/\\\/azzurea.com\\\/wp-content\\\/uploads\\\/product_images\\\/double_s_lobe_cuff\\\/4-nueva-relaci\u00f3n-2-3-scaled.jpg\",\"datePublished\":\"2023-07-09T07:57:40+00:00\",\"dateModified\":\"2026-03-16T16:50:50+00:00\",\"breadcrumb\":{\"@id\":\"https:\\\/\\\/azzurea.com\\\/es\\\/products\\\/double-s-lobe-cuff-%c2%b7-custom-size-%c2%b7-modern-suspender-earrings-%c2%b7-ear-hangers-%c2%b7-tiny-bar-stud-%c2%b7-geometric-earrings-%c2%b7-edgy-earrings-%c2%b7-ear-jacket\\\/#breadcrumb\"},\"inLanguage\":\"es\",\"potentialAction\":[{\"@type\":\"ReadAction\",\"target\":[\"https:\\\/\\\/azzurea.com\\\/es\\\/products\\\/double-s-lobe-cuff-%c2%b7-custom-size-%c2%b7-modern-suspender-earrings-%c2%b7-ear-hangers-%c2%b7-tiny-bar-stud-%c2%b7-geometric-earrings-%c2%b7-edgy-earrings-%c2%b7-ear-jacket\\\/\"]}]},{\"@type\":\"ImageObject\",\"inLanguage\":\"es\",\"@id\":\"https:\\\/\\\/azzurea.com\\\/es\\\/products\\\/double-s-lobe-cuff-%c2%b7-custom-size-%c2%b7-modern-suspender-earrings-%c2%b7-ear-hangers-%c2%b7-tiny-bar-stud-%c2%b7-geometric-earrings-%c2%b7-edgy-earrings-%c2%b7-ear-jacket\\\/#primaryimage\",\"url\":\"https:\\\/\\\/azzurea.com\\\/wp-content\\\/uploads\\\/product_images\\\/double_s_lobe_cuff\\\/4-nueva-relaci\u00f3n-2-3-scaled.jpg\",\"contentUrl\":\"https:\\\/\\\/azzurea.com\\\/wp-content\\\/uploads\\\/product_images\\\/double_s_lobe_cuff\\\/4-nueva-relaci\u00f3n-2-3-scaled.jpg\",\"width\":1707,\"height\":2560},{\"@type\":\"BreadcrumbList\",\"@id\":\"https:\\\/\\\/azzurea.com\\\/es\\\/products\\\/double-s-lobe-cuff-%c2%b7-custom-size-%c2%b7-modern-suspender-earrings-%c2%b7-ear-hangers-%c2%b7-tiny-bar-stud-%c2%b7-geometric-earrings-%c2%b7-edgy-earrings-%c2%b7-ear-jacket\\\/#breadcrumb\",\"itemListElement\":[{\"@type\":\"ListItem\",\"position\":1,\"name\":\"Portada\",\"item\":\"https:\\\/\\\/azzurea.com\\\/es\\\/\"},{\"@type\":\"ListItem\",\"position\":2,\"name\":\"PRODUCTS\",\"item\":\"https:\\\/\\\/azzurea.com\\\/es\\\/products\\\/\"},{\"@type\":\"ListItem\",\"position\":3,\"name\":\"DOUBLE S LOBE CUFF\"}]},{\"@type\":\"WebSite\",\"@id\":\"https:\\\/\\\/azzurea.com\\\/en\\\/#website\",\"url\":\"https:\\\/\\\/azzurea.com\\\/en\\\/\",\"name\":\"AZZUREA\",\"description\":\"Minimalist sculptural jewelry. Made in Spain.\",\"publisher\":{\"@id\":\"https:\\\/\\\/azzurea.com\\\/en\\\/#organization\"},\"alternateName\":\"azzurea.com\",\"potentialAction\":[{\"@type\":\"SearchAction\",\"target\":{\"@type\":\"EntryPoint\",\"urlTemplate\":\"https:\\\/\\\/azzurea.com\\\/en\\\/?s={search_term_string}\"},\"query-input\":{\"@type\":\"PropertyValueSpecification\",\"valueRequired\":true,\"valueName\":\"search_term_string\"}}],\"inLanguage\":\"es\"},{\"@type\":\"Organization\",\"@id\":\"https:\\\/\\\/azzurea.com\\\/en\\\/#organization\",\"name\":\"AZZUREA\",\"alternateName\":\"AZZUREA\",\"url\":\"https:\\\/\\\/azzurea.com\\\/en\\\/\",\"logo\":{\"@type\":\"ImageObject\",\"inLanguage\":\"es\",\"@id\":\"https:\\\/\\\/azzurea.com\\\/en\\\/#\\\/schema\\\/logo\\\/image\\\/\",\"url\":\"https:\\\/\\\/azzurea.com\\\/wp-content\\\/uploads\\\/product_images\\\/prueba2\\\/azzurea-gris.png\",\"contentUrl\":\"https:\\\/\\\/azzurea.com\\\/wp-content\\\/uploads\\\/product_images\\\/prueba2\\\/azzurea-gris.png\",\"width\":1146,\"height\":154,\"caption\":\"AZZUREA\"},\"image\":{\"@id\":\"https:\\\/\\\/azzurea.com\\\/en\\\/#\\\/schema\\\/logo\\\/image\\\/\"},\"sameAs\":[\"https:\\\/\\\/www.facebook.com\\\/azzurea.joyas\",\"https:\\\/\\\/www.instagram.com\\\/azzurea.joyas\\\/\",\"https:\\\/\\\/www.tiktok.com\\\/@azzurea.joyas\"]}]}<\/script>\n<!-- \/ Yoast SEO plugin. -->","yoast_head_json":{"title":"DOUBLE S LOBE CUFF - AZZUREA","robots":{"index":"index","follow":"follow","max-snippet":"max-snippet:-1","max-image-preview":"max-image-preview:large","max-video-preview":"max-video-preview:-1"},"canonical":"https:\/\/azzurea.com\/es\/products\/double-s-lobe-cuff-\u00b7-custom-size-\u00b7-modern-suspender-earrings-\u00b7-ear-hangers-\u00b7-tiny-bar-stud-\u00b7-geometric-earrings-\u00b7-edgy-earrings-\u00b7-ear-jacket\/","og_locale":"es_ES","og_type":"article","og_title":"DOUBLE S LOBE CUFF - AZZUREA","og_description":"El pendiente Double S Lobe Cuff es una pieza escult\u00f3rica dise\u00f1ada para abrazar elegantemente el l\u00f3bulo de la oreja. Su juego de formas lineales crea un efecto \u00f3ptico sofisticado, dando la ilusi\u00f3n de llevar m\u00faltiples pendientes o tener varios piercings, realzando as\u00ed la apariencia de la oreja con un solo accesorio. Este pendiente combina un [&hellip;]","og_url":"https:\/\/azzurea.com\/es\/products\/double-s-lobe-cuff-\u00b7-custom-size-\u00b7-modern-suspender-earrings-\u00b7-ear-hangers-\u00b7-tiny-bar-stud-\u00b7-geometric-earrings-\u00b7-edgy-earrings-\u00b7-ear-jacket\/","og_site_name":"AZZUREA","article_publisher":"https:\/\/www.facebook.com\/azzurea.joyas","article_modified_time":"2026-03-16T16:50:50+00:00","og_image":[{"width":1707,"height":2560,"url":"https:\/\/azzurea.com\/wp-content\/uploads\/product_images\/double_s_lobe_cuff\/4-nueva-relaci\u00f3n-2-3-scaled.jpg","type":"image\/jpeg"}],"twitter_card":"summary_large_image","twitter_misc":{"Tiempo de lectura":"2 minutos"},"schema":{"@context":"https:\/\/schema.org","@graph":[{"@type":"WebPage","@id":"https:\/\/azzurea.com\/es\/products\/double-s-lobe-cuff-%c2%b7-custom-size-%c2%b7-modern-suspender-earrings-%c2%b7-ear-hangers-%c2%b7-tiny-bar-stud-%c2%b7-geometric-earrings-%c2%b7-edgy-earrings-%c2%b7-ear-jacket\/","url":"https:\/\/azzurea.com\/es\/products\/double-s-lobe-cuff-%c2%b7-custom-size-%c2%b7-modern-suspender-earrings-%c2%b7-ear-hangers-%c2%b7-tiny-bar-stud-%c2%b7-geometric-earrings-%c2%b7-edgy-earrings-%c2%b7-ear-jacket\/","name":"DOUBLE S LOBE CUFF - AZZUREA","isPartOf":{"@id":"https:\/\/azzurea.com\/en\/#website"},"primaryImageOfPage":{"@id":"https:\/\/azzurea.com\/es\/products\/double-s-lobe-cuff-%c2%b7-custom-size-%c2%b7-modern-suspender-earrings-%c2%b7-ear-hangers-%c2%b7-tiny-bar-stud-%c2%b7-geometric-earrings-%c2%b7-edgy-earrings-%c2%b7-ear-jacket\/#primaryimage"},"image":{"@id":"https:\/\/azzurea.com\/es\/products\/double-s-lobe-cuff-%c2%b7-custom-size-%c2%b7-modern-suspender-earrings-%c2%b7-ear-hangers-%c2%b7-tiny-bar-stud-%c2%b7-geometric-earrings-%c2%b7-edgy-earrings-%c2%b7-ear-jacket\/#primaryimage"},"thumbnailUrl":"https:\/\/azzurea.com\/wp-content\/uploads\/product_images\/double_s_lobe_cuff\/4-nueva-relaci\u00f3n-2-3-scaled.jpg","datePublished":"2023-07-09T07:57:40+00:00","dateModified":"2026-03-16T16:50:50+00:00","breadcrumb":{"@id":"https:\/\/azzurea.com\/es\/products\/double-s-lobe-cuff-%c2%b7-custom-size-%c2%b7-modern-suspender-earrings-%c2%b7-ear-hangers-%c2%b7-tiny-bar-stud-%c2%b7-geometric-earrings-%c2%b7-edgy-earrings-%c2%b7-ear-jacket\/#breadcrumb"},"inLanguage":"es","potentialAction":[{"@type":"ReadAction","target":["https:\/\/azzurea.com\/es\/products\/double-s-lobe-cuff-%c2%b7-custom-size-%c2%b7-modern-suspender-earrings-%c2%b7-ear-hangers-%c2%b7-tiny-bar-stud-%c2%b7-geometric-earrings-%c2%b7-edgy-earrings-%c2%b7-ear-jacket\/"]}]},{"@type":"ImageObject","inLanguage":"es","@id":"https:\/\/azzurea.com\/es\/products\/double-s-lobe-cuff-%c2%b7-custom-size-%c2%b7-modern-suspender-earrings-%c2%b7-ear-hangers-%c2%b7-tiny-bar-stud-%c2%b7-geometric-earrings-%c2%b7-edgy-earrings-%c2%b7-ear-jacket\/#primaryimage","url":"https:\/\/azzurea.com\/wp-content\/uploads\/product_images\/double_s_lobe_cuff\/4-nueva-relaci\u00f3n-2-3-scaled.jpg","contentUrl":"https:\/\/azzurea.com\/wp-content\/uploads\/product_images\/double_s_lobe_cuff\/4-nueva-relaci\u00f3n-2-3-scaled.jpg","width":1707,"height":2560},{"@type":"BreadcrumbList","@id":"https:\/\/azzurea.com\/es\/products\/double-s-lobe-cuff-%c2%b7-custom-size-%c2%b7-modern-suspender-earrings-%c2%b7-ear-hangers-%c2%b7-tiny-bar-stud-%c2%b7-geometric-earrings-%c2%b7-edgy-earrings-%c2%b7-ear-jacket\/#breadcrumb","itemListElement":[{"@type":"ListItem","position":1,"name":"Portada","item":"https:\/\/azzurea.com\/es\/"},{"@type":"ListItem","position":2,"name":"PRODUCTS","item":"https:\/\/azzurea.com\/es\/products\/"},{"@type":"ListItem","position":3,"name":"DOUBLE S LOBE CUFF"}]},{"@type":"WebSite","@id":"https:\/\/azzurea.com\/en\/#website","url":"https:\/\/azzurea.com\/en\/","name":"AZZUREA","description":"Minimalist sculptural jewelry. Made in Spain.","publisher":{"@id":"https:\/\/azzurea.com\/en\/#organization"},"alternateName":"azzurea.com","potentialAction":[{"@type":"SearchAction","target":{"@type":"EntryPoint","urlTemplate":"https:\/\/azzurea.com\/en\/?s={search_term_string}"},"query-input":{"@type":"PropertyValueSpecification","valueRequired":true,"valueName":"search_term_string"}}],"inLanguage":"es"},{"@type":"Organization","@id":"https:\/\/azzurea.com\/en\/#organization","name":"AZZUREA","alternateName":"AZZUREA","url":"https:\/\/azzurea.com\/en\/","logo":{"@type":"ImageObject","inLanguage":"es","@id":"https:\/\/azzurea.com\/en\/#\/schema\/logo\/image\/","url":"https:\/\/azzurea.com\/wp-content\/uploads\/product_images\/prueba2\/azzurea-gris.png","contentUrl":"https:\/\/azzurea.com\/wp-content\/uploads\/product_images\/prueba2\/azzurea-gris.png","width":1146,"height":154,"caption":"AZZUREA"},"image":{"@id":"https:\/\/azzurea.com\/en\/#\/schema\/logo\/image\/"},"sameAs":["https:\/\/www.facebook.com\/azzurea.joyas","https:\/\/www.instagram.com\/azzurea.joyas\/","https:\/\/www.tiktok.com\/@azzurea.joyas"]}]}},"jetpack_sharing_enabled":true,"_links":{"self":[{"href":"https:\/\/azzurea.com\/es\/wp-json\/wp\/v2\/product\/657","targetHints":{"allow":["GET"]}}],"collection":[{"href":"https:\/\/azzurea.com\/es\/wp-json\/wp\/v2\/product"}],"about":[{"href":"https:\/\/azzurea.com\/es\/wp-json\/wp\/v2\/types\/product"}],"replies":[{"embeddable":true,"href":"https:\/\/azzurea.com\/es\/wp-json\/wp\/v2\/comments?post=657"}],"wp:featuredmedia":[{"embeddable":true,"href":"https:\/\/azzurea.com\/es\/wp-json\/wp\/v2\/media\/3317"}],"wp:attachment":[{"href":"https:\/\/azzurea.com\/es\/wp-json\/wp\/v2\/media?parent=657"}],"wp:term":[{"taxonomy":"product_brand","embeddable":true,"href":"https:\/\/azzurea.com\/es\/wp-json\/wp\/v2\/product_brand?post=657"},{"taxonomy":"product_cat","embeddable":true,"href":"https:\/\/azzurea.com\/es\/wp-json\/wp\/v2\/product_cat?post=657"},{"taxonomy":"product_tag","embeddable":true,"href":"https:\/\/azzurea.com\/es\/wp-json\/wp\/v2\/product_tag?post=657"}],"curies":[{"name":"wp","href":"https:\/\/api.w.org\/{rel}","templated":true}]}}