{"id":5166,"date":"2025-10-16T12:14:50","date_gmt":"2025-10-16T10:14:50","guid":{"rendered":"https:\/\/azzurea.com\/?post_type=product&#038;p=5166"},"modified":"2026-03-16T16:09:42","modified_gmt":"2026-03-16T15:09:42","slug":"alada-earrings","status":"publish","type":"product","link":"https:\/\/azzurea.com\/es\/products\/alada-earrings\/","title":{"rendered":"ALADA EARRINGS"},"content":{"rendered":"<p data-start=\"501\" data-end=\"756\">Dise\u00f1\u00e9 estos pendientes a partir de un recuerdo muy especial. Desde peque\u00f1a, mi madre y mi abuela me dec\u00edan que si alguna vez ve\u00eda una mariposa blanca, me traer\u00eda buena suerte. Con el tiempo, esa creencia se transform\u00f3 en una forma de sentirlas cerca.<\/p>\n<p data-start=\"758\" data-end=\"956\"><em data-start=\"758\" data-end=\"765\"><strong>ALADA<\/strong><\/em> nace de ese v\u00ednculo, como un homenaje a ellas.<br data-start=\"812\" data-end=\"815\" \/>Cada pendiente representa un ala de mariposa: un dise\u00f1o <strong data-start=\"871\" data-end=\"907\">escultural, atemporal y elegante<\/strong>, elaborado artesanalmente en <strong data-start=\"937\" data-end=\"953\">plata de ley<\/strong>.<\/p>\n<p data-start=\"958\" data-end=\"1322\">Unos pendientes que simbolizan la <strong data-start=\"984\" data-end=\"1032\">buena suerte, <\/strong>la<strong data-start=\"984\" data-end=\"1032\"> transformaci\u00f3n <\/strong>y el<strong data-start=\"984\" data-end=\"1032\"> renacer<\/strong>.<br data-start=\"1033\" data-end=\"1036\" \/>Un <strong data-start=\"1039\" data-end=\"1063\">amuleto de esperanza<\/strong>, creado para recordarnos que las cosas buenas siempre encuentran su camino, y que los v\u00ednculos m\u00e1s profundos permanecen.<\/p>\n<p data-start=\"958\" data-end=\"1322\">Perfectos para llevar en <strong data-start=\"1212\" data-end=\"1253\">ocasiones especiales, eventos o cenas<\/strong>, como ese detalle que conecta con lo que realmente somos.<\/p>\n<p data-start=\"958\" data-end=\"1322\"><strong>DETALLES:<\/strong><\/p>\n<ul>\n<li data-start=\"501\" data-end=\"652\">Se venden como par<\/li>\n<li data-start=\"553\" data-end=\"723\">Material: disponible en Plata de Ley y en <a href=\"https:\/\/azzurea.com\/gold-vermeil-24k\/\">Oro Vermeil 24K\u00a0\u00a0<img loading=\"lazy\" decoding=\"async\" class=\"alignnone wp-image-4335\" src=\"https:\/\/azzurea.com\/wp-content\/uploads\/product_images\/prueba2\/boton-de-informacion-5.png\" sizes=\"auto, (max-width: 17px) 100vw, 17px\" srcset=\"https:\/\/azzurea.com\/wp-content\/uploads\/product_images\/prueba2\/boton-de-informacion-5.png 190w, https:\/\/azzurea.com\/wp-content\/uploads\/product_images\/prueba2\/boton-de-informacion-5-150x150.png 150w\" alt=\"\" width=\"17\" height=\"17\" \/><\/a><\/li>\n<li>Acabado pulido espejo<\/li>\n<li>Longitud: 5.5 cm<\/li>\n<li>Ancho: 3.5 cm<\/li>\n<\/ul>\n","protected":false},"excerpt":{"rendered":"<p>Dise\u00f1\u00e9 estos pendientes a partir de un recuerdo muy especial. Desde peque\u00f1a, mi madre y mi abuela me dec\u00edan que si alguna vez ve\u00eda una mariposa blanca, me traer\u00eda buena suerte. Con el tiempo, esa creencia se transform\u00f3 en una forma de sentirlas cerca. ALADA nace de ese v\u00ednculo, como un homenaje a ellas.Cada pendiente [&hellip;]<\/p>\n","protected":false},"featured_media":5185,"comment_status":"open","ping_status":"closed","template":"","meta":[],"product_brand":[],"product_cat":[226],"product_tag":[],"class_list":{"0":"post-5166","1":"product","2":"type-product","3":"status-publish","4":"has-post-thumbnail","6":"product_cat-pendientes","8":"first","9":"instock","10":"purchasable","11":"product-type-variable"},"yoast_head":"<!-- This site is optimized with the Yoast SEO plugin v27.4 - https:\/\/yoast.com\/product\/yoast-seo-wordpress\/ -->\n<title>ALADA EARRINGS - AZZUREA<\/title>\n<meta name=\"robots\" content=\"index, follow, max-snippet:-1, max-image-preview:large, max-video-preview:-1\" \/>\n<link rel=\"canonical\" href=\"https:\/\/azzurea.com\/es\/products\/alada-earrings\/\" \/>\n<meta property=\"og:locale\" content=\"es_ES\" \/>\n<meta property=\"og:type\" content=\"article\" \/>\n<meta property=\"og:title\" content=\"ALADA EARRINGS - AZZUREA\" \/>\n<meta property=\"og:description\" content=\"Dise\u00f1\u00e9 estos pendientes a partir de un recuerdo muy especial. Desde peque\u00f1a, mi madre y mi abuela me dec\u00edan que si alguna vez ve\u00eda una mariposa blanca, me traer\u00eda buena suerte. Con el tiempo, esa creencia se transform\u00f3 en una forma de sentirlas cerca. ALADA nace de ese v\u00ednculo, como un homenaje a ellas.Cada pendiente [&hellip;]\" \/>\n<meta property=\"og:url\" content=\"https:\/\/azzurea.com\/es\/products\/alada-earrings\/\" \/>\n<meta property=\"og:site_name\" content=\"AZZUREA\" \/>\n<meta property=\"article:publisher\" content=\"https:\/\/www.facebook.com\/azzurea.joyas\" \/>\n<meta property=\"article:modified_time\" content=\"2026-03-16T15:09:42+00:00\" \/>\n<meta property=\"og:image\" content=\"https:\/\/azzurea.com\/wp-content\/uploads\/product_images\/prueba2\/02__Alada-Modelo-1-scaled.jpg\" \/>\n\t<meta property=\"og:image:width\" content=\"1707\" \/>\n\t<meta property=\"og:image:height\" content=\"2560\" \/>\n\t<meta property=\"og:image:type\" content=\"image\/jpeg\" \/>\n<meta name=\"twitter:card\" content=\"summary_large_image\" \/>\n<meta name=\"twitter:label1\" content=\"Tiempo de lectura\" \/>\n\t<meta name=\"twitter:data1\" content=\"2 minutos\" \/>\n<script type=\"application\/ld+json\" class=\"yoast-schema-graph\">{\"@context\":\"https:\\\/\\\/schema.org\",\"@graph\":[{\"@type\":\"WebPage\",\"@id\":\"https:\\\/\\\/azzurea.com\\\/es\\\/products\\\/alada-earrings\\\/\",\"url\":\"https:\\\/\\\/azzurea.com\\\/es\\\/products\\\/alada-earrings\\\/\",\"name\":\"ALADA EARRINGS - AZZUREA\",\"isPartOf\":{\"@id\":\"https:\\\/\\\/azzurea.com\\\/en\\\/#website\"},\"primaryImageOfPage\":{\"@id\":\"https:\\\/\\\/azzurea.com\\\/es\\\/products\\\/alada-earrings\\\/#primaryimage\"},\"image\":{\"@id\":\"https:\\\/\\\/azzurea.com\\\/es\\\/products\\\/alada-earrings\\\/#primaryimage\"},\"thumbnailUrl\":\"https:\\\/\\\/azzurea.com\\\/wp-content\\\/uploads\\\/product_images\\\/prueba2\\\/02__Alada-Modelo-1-scaled.jpg\",\"datePublished\":\"2025-10-16T10:14:50+00:00\",\"dateModified\":\"2026-03-16T15:09:42+00:00\",\"breadcrumb\":{\"@id\":\"https:\\\/\\\/azzurea.com\\\/es\\\/products\\\/alada-earrings\\\/#breadcrumb\"},\"inLanguage\":\"es\",\"potentialAction\":[{\"@type\":\"ReadAction\",\"target\":[\"https:\\\/\\\/azzurea.com\\\/es\\\/products\\\/alada-earrings\\\/\"]}]},{\"@type\":\"ImageObject\",\"inLanguage\":\"es\",\"@id\":\"https:\\\/\\\/azzurea.com\\\/es\\\/products\\\/alada-earrings\\\/#primaryimage\",\"url\":\"https:\\\/\\\/azzurea.com\\\/wp-content\\\/uploads\\\/product_images\\\/prueba2\\\/02__Alada-Modelo-1-scaled.jpg\",\"contentUrl\":\"https:\\\/\\\/azzurea.com\\\/wp-content\\\/uploads\\\/product_images\\\/prueba2\\\/02__Alada-Modelo-1-scaled.jpg\",\"width\":1707,\"height\":2560},{\"@type\":\"BreadcrumbList\",\"@id\":\"https:\\\/\\\/azzurea.com\\\/es\\\/products\\\/alada-earrings\\\/#breadcrumb\",\"itemListElement\":[{\"@type\":\"ListItem\",\"position\":1,\"name\":\"Portada\",\"item\":\"https:\\\/\\\/azzurea.com\\\/es\\\/\"},{\"@type\":\"ListItem\",\"position\":2,\"name\":\"PRODUCTS\",\"item\":\"https:\\\/\\\/azzurea.com\\\/es\\\/products\\\/\"},{\"@type\":\"ListItem\",\"position\":3,\"name\":\"ALADA EARRINGS\"}]},{\"@type\":\"WebSite\",\"@id\":\"https:\\\/\\\/azzurea.com\\\/en\\\/#website\",\"url\":\"https:\\\/\\\/azzurea.com\\\/en\\\/\",\"name\":\"AZZUREA\",\"description\":\"Minimalist sculptural jewelry. Made in Spain.\",\"publisher\":{\"@id\":\"https:\\\/\\\/azzurea.com\\\/en\\\/#organization\"},\"alternateName\":\"azzurea.com\",\"potentialAction\":[{\"@type\":\"SearchAction\",\"target\":{\"@type\":\"EntryPoint\",\"urlTemplate\":\"https:\\\/\\\/azzurea.com\\\/en\\\/?s={search_term_string}\"},\"query-input\":{\"@type\":\"PropertyValueSpecification\",\"valueRequired\":true,\"valueName\":\"search_term_string\"}}],\"inLanguage\":\"es\"},{\"@type\":\"Organization\",\"@id\":\"https:\\\/\\\/azzurea.com\\\/en\\\/#organization\",\"name\":\"AZZUREA\",\"alternateName\":\"AZZUREA\",\"url\":\"https:\\\/\\\/azzurea.com\\\/en\\\/\",\"logo\":{\"@type\":\"ImageObject\",\"inLanguage\":\"es\",\"@id\":\"https:\\\/\\\/azzurea.com\\\/en\\\/#\\\/schema\\\/logo\\\/image\\\/\",\"url\":\"https:\\\/\\\/azzurea.com\\\/wp-content\\\/uploads\\\/product_images\\\/prueba2\\\/azzurea-gris.png\",\"contentUrl\":\"https:\\\/\\\/azzurea.com\\\/wp-content\\\/uploads\\\/product_images\\\/prueba2\\\/azzurea-gris.png\",\"width\":1146,\"height\":154,\"caption\":\"AZZUREA\"},\"image\":{\"@id\":\"https:\\\/\\\/azzurea.com\\\/en\\\/#\\\/schema\\\/logo\\\/image\\\/\"},\"sameAs\":[\"https:\\\/\\\/www.facebook.com\\\/azzurea.joyas\",\"https:\\\/\\\/www.instagram.com\\\/azzurea.joyas\\\/\",\"https:\\\/\\\/www.tiktok.com\\\/@azzurea.joyas\"]}]}<\/script>\n<!-- \/ Yoast SEO plugin. -->","yoast_head_json":{"title":"ALADA EARRINGS - AZZUREA","robots":{"index":"index","follow":"follow","max-snippet":"max-snippet:-1","max-image-preview":"max-image-preview:large","max-video-preview":"max-video-preview:-1"},"canonical":"https:\/\/azzurea.com\/es\/products\/alada-earrings\/","og_locale":"es_ES","og_type":"article","og_title":"ALADA EARRINGS - AZZUREA","og_description":"Dise\u00f1\u00e9 estos pendientes a partir de un recuerdo muy especial. Desde peque\u00f1a, mi madre y mi abuela me dec\u00edan que si alguna vez ve\u00eda una mariposa blanca, me traer\u00eda buena suerte. Con el tiempo, esa creencia se transform\u00f3 en una forma de sentirlas cerca. ALADA nace de ese v\u00ednculo, como un homenaje a ellas.Cada pendiente [&hellip;]","og_url":"https:\/\/azzurea.com\/es\/products\/alada-earrings\/","og_site_name":"AZZUREA","article_publisher":"https:\/\/www.facebook.com\/azzurea.joyas","article_modified_time":"2026-03-16T15:09:42+00:00","og_image":[{"width":1707,"height":2560,"url":"https:\/\/azzurea.com\/wp-content\/uploads\/product_images\/prueba2\/02__Alada-Modelo-1-scaled.jpg","type":"image\/jpeg"}],"twitter_card":"summary_large_image","twitter_misc":{"Tiempo de lectura":"2 minutos"},"schema":{"@context":"https:\/\/schema.org","@graph":[{"@type":"WebPage","@id":"https:\/\/azzurea.com\/es\/products\/alada-earrings\/","url":"https:\/\/azzurea.com\/es\/products\/alada-earrings\/","name":"ALADA EARRINGS - AZZUREA","isPartOf":{"@id":"https:\/\/azzurea.com\/en\/#website"},"primaryImageOfPage":{"@id":"https:\/\/azzurea.com\/es\/products\/alada-earrings\/#primaryimage"},"image":{"@id":"https:\/\/azzurea.com\/es\/products\/alada-earrings\/#primaryimage"},"thumbnailUrl":"https:\/\/azzurea.com\/wp-content\/uploads\/product_images\/prueba2\/02__Alada-Modelo-1-scaled.jpg","datePublished":"2025-10-16T10:14:50+00:00","dateModified":"2026-03-16T15:09:42+00:00","breadcrumb":{"@id":"https:\/\/azzurea.com\/es\/products\/alada-earrings\/#breadcrumb"},"inLanguage":"es","potentialAction":[{"@type":"ReadAction","target":["https:\/\/azzurea.com\/es\/products\/alada-earrings\/"]}]},{"@type":"ImageObject","inLanguage":"es","@id":"https:\/\/azzurea.com\/es\/products\/alada-earrings\/#primaryimage","url":"https:\/\/azzurea.com\/wp-content\/uploads\/product_images\/prueba2\/02__Alada-Modelo-1-scaled.jpg","contentUrl":"https:\/\/azzurea.com\/wp-content\/uploads\/product_images\/prueba2\/02__Alada-Modelo-1-scaled.jpg","width":1707,"height":2560},{"@type":"BreadcrumbList","@id":"https:\/\/azzurea.com\/es\/products\/alada-earrings\/#breadcrumb","itemListElement":[{"@type":"ListItem","position":1,"name":"Portada","item":"https:\/\/azzurea.com\/es\/"},{"@type":"ListItem","position":2,"name":"PRODUCTS","item":"https:\/\/azzurea.com\/es\/products\/"},{"@type":"ListItem","position":3,"name":"ALADA EARRINGS"}]},{"@type":"WebSite","@id":"https:\/\/azzurea.com\/en\/#website","url":"https:\/\/azzurea.com\/en\/","name":"AZZUREA","description":"Minimalist sculptural jewelry. Made in Spain.","publisher":{"@id":"https:\/\/azzurea.com\/en\/#organization"},"alternateName":"azzurea.com","potentialAction":[{"@type":"SearchAction","target":{"@type":"EntryPoint","urlTemplate":"https:\/\/azzurea.com\/en\/?s={search_term_string}"},"query-input":{"@type":"PropertyValueSpecification","valueRequired":true,"valueName":"search_term_string"}}],"inLanguage":"es"},{"@type":"Organization","@id":"https:\/\/azzurea.com\/en\/#organization","name":"AZZUREA","alternateName":"AZZUREA","url":"https:\/\/azzurea.com\/en\/","logo":{"@type":"ImageObject","inLanguage":"es","@id":"https:\/\/azzurea.com\/en\/#\/schema\/logo\/image\/","url":"https:\/\/azzurea.com\/wp-content\/uploads\/product_images\/prueba2\/azzurea-gris.png","contentUrl":"https:\/\/azzurea.com\/wp-content\/uploads\/product_images\/prueba2\/azzurea-gris.png","width":1146,"height":154,"caption":"AZZUREA"},"image":{"@id":"https:\/\/azzurea.com\/en\/#\/schema\/logo\/image\/"},"sameAs":["https:\/\/www.facebook.com\/azzurea.joyas","https:\/\/www.instagram.com\/azzurea.joyas\/","https:\/\/www.tiktok.com\/@azzurea.joyas"]}]}},"jetpack_sharing_enabled":true,"_links":{"self":[{"href":"https:\/\/azzurea.com\/es\/wp-json\/wp\/v2\/product\/5166","targetHints":{"allow":["GET"]}}],"collection":[{"href":"https:\/\/azzurea.com\/es\/wp-json\/wp\/v2\/product"}],"about":[{"href":"https:\/\/azzurea.com\/es\/wp-json\/wp\/v2\/types\/product"}],"replies":[{"embeddable":true,"href":"https:\/\/azzurea.com\/es\/wp-json\/wp\/v2\/comments?post=5166"}],"wp:featuredmedia":[{"embeddable":true,"href":"https:\/\/azzurea.com\/es\/wp-json\/wp\/v2\/media\/5185"}],"wp:attachment":[{"href":"https:\/\/azzurea.com\/es\/wp-json\/wp\/v2\/media?parent=5166"}],"wp:term":[{"taxonomy":"product_brand","embeddable":true,"href":"https:\/\/azzurea.com\/es\/wp-json\/wp\/v2\/product_brand?post=5166"},{"taxonomy":"product_cat","embeddable":true,"href":"https:\/\/azzurea.com\/es\/wp-json\/wp\/v2\/product_cat?post=5166"},{"taxonomy":"product_tag","embeddable":true,"href":"https:\/\/azzurea.com\/es\/wp-json\/wp\/v2\/product_tag?post=5166"}],"curies":[{"name":"wp","href":"https:\/\/api.w.org\/{rel}","templated":true}]}}