{"id":5117,"date":"2025-07-27T09:33:02","date_gmt":"2025-07-27T07:33:02","guid":{"rendered":"https:\/\/azzurea.com\/?post_type=product&#038;p=5117"},"modified":"2025-07-27T09:33:03","modified_gmt":"2025-07-27T07:33:03","slug":"hypatia-earrings","status":"publish","type":"product","link":"https:\/\/azzurea.com\/es\/products\/hypatia-earrings\/","title":{"rendered":"HYPATIA EARRINGS"},"content":{"rendered":"<p data-start=\"301\" data-end=\"467\"><strong>PENDIENTES HYPATIA &#8211; PIEZA \u00daNICA<\/strong><\/p>\n<p data-start=\"301\" data-end=\"467\">Inspirados en Hipatia de Alejandr\u00eda, fil\u00f3sofa, matem\u00e1tica y astr\u00f3noma, estos pendientes rinden homenaje a una de las grandes figuras femeninas del pensamiento libre.<\/p>\n<p data-start=\"469\" data-end=\"726\">La elipse, forma central de la pieza, hace referencia a las secciones c\u00f3nicas que Hipatia estudi\u00f3 a trav\u00e9s de los tratados de Apolonio. Su curva suave y alargada evoca la trayectoria de los planetas, la mirada al cielo, y la armon\u00eda entre ciencia y belleza.<\/p>\n<p data-start=\"728\" data-end=\"881\">La perla, suspendida en equilibrio, simboliza la sabidur\u00eda femenina cultivada en silencio. Una luz interior serena que brilla con fuerza.<\/p>\n<p data-start=\"883\" data-end=\"1047\">Un dise\u00f1o minimalista y profundamente simb\u00f3lico, elaborado a mano con materiales de alta calidad. Una joya \u00fanica e irrepetible, creada con alma\u2026 y con historia.<\/p>\n<p><strong>DETALLES:<\/strong><\/p>\n<ul>\n<li data-start=\"501\" data-end=\"652\">Se venden como par<\/li>\n<li data-start=\"553\" data-end=\"723\">Material: disponible solamente en <a href=\"https:\/\/azzurea.com\/gold-vermeil-24k\/\">Oro Vermeil 24K\u00a0\u00a0<img loading=\"lazy\" decoding=\"async\" class=\"alignnone wp-image-4335\" src=\"https:\/\/azzurea.com\/wp-content\/uploads\/product_images\/prueba2\/boton-de-informacion-5.png\" sizes=\"auto, (max-width: 17px) 100vw, 17px\" srcset=\"https:\/\/azzurea.com\/wp-content\/uploads\/product_images\/prueba2\/boton-de-informacion-5.png 190w, https:\/\/azzurea.com\/wp-content\/uploads\/product_images\/prueba2\/boton-de-informacion-5-150x150.png 150w\" alt=\"\" width=\"17\" height=\"17\" \/><\/a><\/li>\n<li>Perla barroca de agua dulce<\/li>\n<li>Acabado pulido espejo<\/li>\n<li>Longitud: 4.5 cm<\/li>\n<li>Ancho: 2.3 cm<\/li>\n<\/ul>\n<p data-start=\"883\" data-end=\"1047\">\n","protected":false},"excerpt":{"rendered":"<p>PENDIENTES HYPATIA &#8211; PIEZA \u00daNICA Inspirados en Hipatia de Alejandr\u00eda, fil\u00f3sofa, matem\u00e1tica y astr\u00f3noma, estos pendientes rinden homenaje a una de las grandes figuras femeninas del pensamiento libre. La elipse, forma central de la pieza, hace referencia a las secciones c\u00f3nicas que Hipatia estudi\u00f3 a trav\u00e9s de los tratados de Apolonio. Su curva suave y [&hellip;]<\/p>\n","protected":false},"featured_media":5118,"comment_status":"open","ping_status":"closed","template":"","meta":[],"product_brand":[],"product_cat":[602,226],"product_tag":[],"class_list":{"0":"post-5117","1":"product","2":"type-product","3":"status-publish","4":"has-post-thumbnail","6":"product_cat-oneofakind","7":"product_cat-pendientes","9":"first","10":"instock","11":"sold-individually","12":"taxable","13":"shipping-taxable","14":"purchasable","15":"product-type-simple"},"yoast_head":"<!-- This site is optimized with the Yoast SEO plugin v27.4 - https:\/\/yoast.com\/product\/yoast-seo-wordpress\/ -->\n<title>HYPATIA EARRINGS - AZZUREA<\/title>\n<meta name=\"robots\" content=\"index, follow, max-snippet:-1, max-image-preview:large, max-video-preview:-1\" \/>\n<link rel=\"canonical\" href=\"https:\/\/azzurea.com\/es\/products\/hypatia-earrings\/\" \/>\n<meta property=\"og:locale\" content=\"es_ES\" \/>\n<meta property=\"og:type\" content=\"article\" \/>\n<meta property=\"og:title\" content=\"HYPATIA EARRINGS - AZZUREA\" \/>\n<meta property=\"og:description\" content=\"PENDIENTES HYPATIA &#8211; PIEZA \u00daNICA Inspirados en Hipatia de Alejandr\u00eda, fil\u00f3sofa, matem\u00e1tica y astr\u00f3noma, estos pendientes rinden homenaje a una de las grandes figuras femeninas del pensamiento libre. La elipse, forma central de la pieza, hace referencia a las secciones c\u00f3nicas que Hipatia estudi\u00f3 a trav\u00e9s de los tratados de Apolonio. Su curva suave y [&hellip;]\" \/>\n<meta property=\"og:url\" content=\"https:\/\/azzurea.com\/es\/products\/hypatia-earrings\/\" \/>\n<meta property=\"og:site_name\" content=\"AZZUREA\" \/>\n<meta property=\"article:publisher\" content=\"https:\/\/www.facebook.com\/azzurea.joyas\" \/>\n<meta property=\"article:modified_time\" content=\"2025-07-27T07:33:03+00:00\" \/>\n<meta property=\"og:image\" content=\"https:\/\/azzurea.com\/wp-content\/uploads\/product_images\/prueba2\/01__Hypatia-scaled.jpg\" \/>\n\t<meta property=\"og:image:width\" content=\"1707\" \/>\n\t<meta property=\"og:image:height\" content=\"2560\" \/>\n\t<meta property=\"og:image:type\" content=\"image\/jpeg\" \/>\n<meta name=\"twitter:card\" content=\"summary_large_image\" \/>\n<meta name=\"twitter:label1\" content=\"Tiempo de lectura\" \/>\n\t<meta name=\"twitter:data1\" content=\"2 minutos\" \/>\n<script type=\"application\/ld+json\" class=\"yoast-schema-graph\">{\"@context\":\"https:\\\/\\\/schema.org\",\"@graph\":[{\"@type\":\"WebPage\",\"@id\":\"https:\\\/\\\/azzurea.com\\\/es\\\/products\\\/hypatia-earrings\\\/\",\"url\":\"https:\\\/\\\/azzurea.com\\\/es\\\/products\\\/hypatia-earrings\\\/\",\"name\":\"HYPATIA EARRINGS - AZZUREA\",\"isPartOf\":{\"@id\":\"https:\\\/\\\/azzurea.com\\\/en\\\/#website\"},\"primaryImageOfPage\":{\"@id\":\"https:\\\/\\\/azzurea.com\\\/es\\\/products\\\/hypatia-earrings\\\/#primaryimage\"},\"image\":{\"@id\":\"https:\\\/\\\/azzurea.com\\\/es\\\/products\\\/hypatia-earrings\\\/#primaryimage\"},\"thumbnailUrl\":\"https:\\\/\\\/azzurea.com\\\/wp-content\\\/uploads\\\/product_images\\\/prueba2\\\/01__Hypatia-scaled.jpg\",\"datePublished\":\"2025-07-27T07:33:02+00:00\",\"dateModified\":\"2025-07-27T07:33:03+00:00\",\"breadcrumb\":{\"@id\":\"https:\\\/\\\/azzurea.com\\\/es\\\/products\\\/hypatia-earrings\\\/#breadcrumb\"},\"inLanguage\":\"es\",\"potentialAction\":[{\"@type\":\"ReadAction\",\"target\":[\"https:\\\/\\\/azzurea.com\\\/es\\\/products\\\/hypatia-earrings\\\/\"]}]},{\"@type\":\"ImageObject\",\"inLanguage\":\"es\",\"@id\":\"https:\\\/\\\/azzurea.com\\\/es\\\/products\\\/hypatia-earrings\\\/#primaryimage\",\"url\":\"https:\\\/\\\/azzurea.com\\\/wp-content\\\/uploads\\\/product_images\\\/prueba2\\\/01__Hypatia-scaled.jpg\",\"contentUrl\":\"https:\\\/\\\/azzurea.com\\\/wp-content\\\/uploads\\\/product_images\\\/prueba2\\\/01__Hypatia-scaled.jpg\",\"width\":1707,\"height\":2560},{\"@type\":\"BreadcrumbList\",\"@id\":\"https:\\\/\\\/azzurea.com\\\/es\\\/products\\\/hypatia-earrings\\\/#breadcrumb\",\"itemListElement\":[{\"@type\":\"ListItem\",\"position\":1,\"name\":\"Portada\",\"item\":\"https:\\\/\\\/azzurea.com\\\/es\\\/\"},{\"@type\":\"ListItem\",\"position\":2,\"name\":\"PRODUCTS\",\"item\":\"https:\\\/\\\/azzurea.com\\\/es\\\/products\\\/\"},{\"@type\":\"ListItem\",\"position\":3,\"name\":\"HYPATIA EARRINGS\"}]},{\"@type\":\"WebSite\",\"@id\":\"https:\\\/\\\/azzurea.com\\\/en\\\/#website\",\"url\":\"https:\\\/\\\/azzurea.com\\\/en\\\/\",\"name\":\"AZZUREA\",\"description\":\"Minimalist sculptural jewelry. Made in Spain.\",\"publisher\":{\"@id\":\"https:\\\/\\\/azzurea.com\\\/en\\\/#organization\"},\"alternateName\":\"azzurea.com\",\"potentialAction\":[{\"@type\":\"SearchAction\",\"target\":{\"@type\":\"EntryPoint\",\"urlTemplate\":\"https:\\\/\\\/azzurea.com\\\/en\\\/?s={search_term_string}\"},\"query-input\":{\"@type\":\"PropertyValueSpecification\",\"valueRequired\":true,\"valueName\":\"search_term_string\"}}],\"inLanguage\":\"es\"},{\"@type\":\"Organization\",\"@id\":\"https:\\\/\\\/azzurea.com\\\/en\\\/#organization\",\"name\":\"AZZUREA\",\"alternateName\":\"AZZUREA\",\"url\":\"https:\\\/\\\/azzurea.com\\\/en\\\/\",\"logo\":{\"@type\":\"ImageObject\",\"inLanguage\":\"es\",\"@id\":\"https:\\\/\\\/azzurea.com\\\/en\\\/#\\\/schema\\\/logo\\\/image\\\/\",\"url\":\"https:\\\/\\\/azzurea.com\\\/wp-content\\\/uploads\\\/product_images\\\/prueba2\\\/azzurea-gris.png\",\"contentUrl\":\"https:\\\/\\\/azzurea.com\\\/wp-content\\\/uploads\\\/product_images\\\/prueba2\\\/azzurea-gris.png\",\"width\":1146,\"height\":154,\"caption\":\"AZZUREA\"},\"image\":{\"@id\":\"https:\\\/\\\/azzurea.com\\\/en\\\/#\\\/schema\\\/logo\\\/image\\\/\"},\"sameAs\":[\"https:\\\/\\\/www.facebook.com\\\/azzurea.joyas\",\"https:\\\/\\\/www.instagram.com\\\/azzurea.joyas\\\/\",\"https:\\\/\\\/www.tiktok.com\\\/@azzurea.joyas\"]}]}<\/script>\n<!-- \/ Yoast SEO plugin. -->","yoast_head_json":{"title":"HYPATIA EARRINGS - AZZUREA","robots":{"index":"index","follow":"follow","max-snippet":"max-snippet:-1","max-image-preview":"max-image-preview:large","max-video-preview":"max-video-preview:-1"},"canonical":"https:\/\/azzurea.com\/es\/products\/hypatia-earrings\/","og_locale":"es_ES","og_type":"article","og_title":"HYPATIA EARRINGS - AZZUREA","og_description":"PENDIENTES HYPATIA &#8211; PIEZA \u00daNICA Inspirados en Hipatia de Alejandr\u00eda, fil\u00f3sofa, matem\u00e1tica y astr\u00f3noma, estos pendientes rinden homenaje a una de las grandes figuras femeninas del pensamiento libre. La elipse, forma central de la pieza, hace referencia a las secciones c\u00f3nicas que Hipatia estudi\u00f3 a trav\u00e9s de los tratados de Apolonio. Su curva suave y [&hellip;]","og_url":"https:\/\/azzurea.com\/es\/products\/hypatia-earrings\/","og_site_name":"AZZUREA","article_publisher":"https:\/\/www.facebook.com\/azzurea.joyas","article_modified_time":"2025-07-27T07:33:03+00:00","og_image":[{"width":1707,"height":2560,"url":"https:\/\/azzurea.com\/wp-content\/uploads\/product_images\/prueba2\/01__Hypatia-scaled.jpg","type":"image\/jpeg"}],"twitter_card":"summary_large_image","twitter_misc":{"Tiempo de lectura":"2 minutos"},"schema":{"@context":"https:\/\/schema.org","@graph":[{"@type":"WebPage","@id":"https:\/\/azzurea.com\/es\/products\/hypatia-earrings\/","url":"https:\/\/azzurea.com\/es\/products\/hypatia-earrings\/","name":"HYPATIA EARRINGS - AZZUREA","isPartOf":{"@id":"https:\/\/azzurea.com\/en\/#website"},"primaryImageOfPage":{"@id":"https:\/\/azzurea.com\/es\/products\/hypatia-earrings\/#primaryimage"},"image":{"@id":"https:\/\/azzurea.com\/es\/products\/hypatia-earrings\/#primaryimage"},"thumbnailUrl":"https:\/\/azzurea.com\/wp-content\/uploads\/product_images\/prueba2\/01__Hypatia-scaled.jpg","datePublished":"2025-07-27T07:33:02+00:00","dateModified":"2025-07-27T07:33:03+00:00","breadcrumb":{"@id":"https:\/\/azzurea.com\/es\/products\/hypatia-earrings\/#breadcrumb"},"inLanguage":"es","potentialAction":[{"@type":"ReadAction","target":["https:\/\/azzurea.com\/es\/products\/hypatia-earrings\/"]}]},{"@type":"ImageObject","inLanguage":"es","@id":"https:\/\/azzurea.com\/es\/products\/hypatia-earrings\/#primaryimage","url":"https:\/\/azzurea.com\/wp-content\/uploads\/product_images\/prueba2\/01__Hypatia-scaled.jpg","contentUrl":"https:\/\/azzurea.com\/wp-content\/uploads\/product_images\/prueba2\/01__Hypatia-scaled.jpg","width":1707,"height":2560},{"@type":"BreadcrumbList","@id":"https:\/\/azzurea.com\/es\/products\/hypatia-earrings\/#breadcrumb","itemListElement":[{"@type":"ListItem","position":1,"name":"Portada","item":"https:\/\/azzurea.com\/es\/"},{"@type":"ListItem","position":2,"name":"PRODUCTS","item":"https:\/\/azzurea.com\/es\/products\/"},{"@type":"ListItem","position":3,"name":"HYPATIA EARRINGS"}]},{"@type":"WebSite","@id":"https:\/\/azzurea.com\/en\/#website","url":"https:\/\/azzurea.com\/en\/","name":"AZZUREA","description":"Minimalist sculptural jewelry. Made in Spain.","publisher":{"@id":"https:\/\/azzurea.com\/en\/#organization"},"alternateName":"azzurea.com","potentialAction":[{"@type":"SearchAction","target":{"@type":"EntryPoint","urlTemplate":"https:\/\/azzurea.com\/en\/?s={search_term_string}"},"query-input":{"@type":"PropertyValueSpecification","valueRequired":true,"valueName":"search_term_string"}}],"inLanguage":"es"},{"@type":"Organization","@id":"https:\/\/azzurea.com\/en\/#organization","name":"AZZUREA","alternateName":"AZZUREA","url":"https:\/\/azzurea.com\/en\/","logo":{"@type":"ImageObject","inLanguage":"es","@id":"https:\/\/azzurea.com\/en\/#\/schema\/logo\/image\/","url":"https:\/\/azzurea.com\/wp-content\/uploads\/product_images\/prueba2\/azzurea-gris.png","contentUrl":"https:\/\/azzurea.com\/wp-content\/uploads\/product_images\/prueba2\/azzurea-gris.png","width":1146,"height":154,"caption":"AZZUREA"},"image":{"@id":"https:\/\/azzurea.com\/en\/#\/schema\/logo\/image\/"},"sameAs":["https:\/\/www.facebook.com\/azzurea.joyas","https:\/\/www.instagram.com\/azzurea.joyas\/","https:\/\/www.tiktok.com\/@azzurea.joyas"]}]}},"jetpack_sharing_enabled":true,"_links":{"self":[{"href":"https:\/\/azzurea.com\/es\/wp-json\/wp\/v2\/product\/5117","targetHints":{"allow":["GET"]}}],"collection":[{"href":"https:\/\/azzurea.com\/es\/wp-json\/wp\/v2\/product"}],"about":[{"href":"https:\/\/azzurea.com\/es\/wp-json\/wp\/v2\/types\/product"}],"replies":[{"embeddable":true,"href":"https:\/\/azzurea.com\/es\/wp-json\/wp\/v2\/comments?post=5117"}],"wp:featuredmedia":[{"embeddable":true,"href":"https:\/\/azzurea.com\/es\/wp-json\/wp\/v2\/media\/5118"}],"wp:attachment":[{"href":"https:\/\/azzurea.com\/es\/wp-json\/wp\/v2\/media?parent=5117"}],"wp:term":[{"taxonomy":"product_brand","embeddable":true,"href":"https:\/\/azzurea.com\/es\/wp-json\/wp\/v2\/product_brand?post=5117"},{"taxonomy":"product_cat","embeddable":true,"href":"https:\/\/azzurea.com\/es\/wp-json\/wp\/v2\/product_cat?post=5117"},{"taxonomy":"product_tag","embeddable":true,"href":"https:\/\/azzurea.com\/es\/wp-json\/wp\/v2\/product_tag?post=5117"}],"curies":[{"name":"wp","href":"https:\/\/api.w.org\/{rel}","templated":true}]}}