{"id":4799,"date":"2025-03-09T21:23:41","date_gmt":"2025-03-09T20:23:41","guid":{"rendered":"https:\/\/azzurea.com\/?post_type=product&#038;p=4799"},"modified":"2026-03-16T16:38:02","modified_gmt":"2026-03-16T15:38:02","slug":"luma-ear-cuff","status":"publish","type":"product","link":"https:\/\/azzurea.com\/es\/products\/luma-ear-cuff\/","title":{"rendered":"LUMA EAR CUFF"},"content":{"rendered":"<p data-start=\"730\" data-end=\"1340\">El ear cuff Luma es una pieza de dise\u00f1o escultural que envuelve la oreja con una suavidad inigualable. Su forma fluida y org\u00e1nica ha sido cuidadosamente creada para seguir las l\u00edneas naturales de la oreja, evocando la elegancia de una onda de luz que se desplaza. Esta joya \u00fanica se adapta de forma ergon\u00f3mica y c\u00f3moda, ofreciendo un ajuste perfecto sin perder su esencia minimalista.<\/p>\n<p data-start=\"730\" data-end=\"1340\">Hecho completamente a mano, con materiales de calidad y acabados excepcionales, el ear cuff Luma es una joya exclusiva, pensada para la mujer moderna que aprecia el dise\u00f1o atemporal y la calidad artesanal.<\/p>\n<p data-start=\"730\" data-end=\"1340\">Puedes combinarlo con el pendiente <a href=\"https:\/\/azzurea.com\/products\/suspender-earring-%C2%B7-custom-size-%C2%B7-stud-bar-earring-%C2%B7-stud-lobe-cuff-earring-%C2%B7-minimalist-earlobe-cuff-%C2%B7-edgy-earring-%C2%B7-silver-%C2%B7-gold\/\"><strong>Line Lobe Cuff<\/strong><\/a>.<\/p>\n<p><strong>DETALLES:<\/strong><\/p>\n<ul>\n<li>Se vende por unidad (elige si quieres llevarlo en la oreja derecha o izquierda).<\/li>\n<li>Material: disponible en Plata de Ley 925 y en\u00a0<a href=\"https:\/\/azzurea.com\/gold-vermeil-24k\/\">Oro Vermeil 24K\u00a0<\/a>\u00a0<a href=\"https:\/\/azzurea.com\/gold-vermeil-24k\/\"><img loading=\"lazy\" decoding=\"async\" class=\"alignnone wp-image-4335\" src=\"https:\/\/azzurea.com\/wp-content\/uploads\/product_images\/prueba2\/boton-de-informacion-5.png\" sizes=\"auto, (max-width: 17px) 100vw, 17px\" srcset=\"https:\/\/azzurea.com\/wp-content\/uploads\/product_images\/prueba2\/boton-de-informacion-5.png 190w, https:\/\/azzurea.com\/wp-content\/uploads\/product_images\/prueba2\/boton-de-informacion-5-150x150.png 150w\" alt=\"\" width=\"17\" height=\"17\" \/><\/a><\/li>\n<li>Acabado: Pulido espejo<\/li>\n<li>Grosor del pendiente: 1.6 mm<\/li>\n<\/ul>\n","protected":false},"excerpt":{"rendered":"<p>El ear cuff Luma es una pieza de dise\u00f1o escultural que envuelve la oreja con una suavidad inigualable. Su forma fluida y org\u00e1nica ha sido cuidadosamente creada para seguir las l\u00edneas naturales de la oreja, evocando la elegancia de una onda de luz que se desplaza. Esta joya \u00fanica se adapta de forma ergon\u00f3mica y [&hellip;]<\/p>\n","protected":false},"featured_media":4834,"comment_status":"open","ping_status":"closed","template":"","meta":[],"product_brand":[],"product_cat":[205],"product_tag":[],"class_list":{"0":"post-4799","1":"product","2":"type-product","3":"status-publish","4":"has-post-thumbnail","6":"product_cat-ear-cuffs","8":"first","9":"instock","10":"purchasable","11":"product-type-variable"},"yoast_head":"<!-- This site is optimized with the Yoast SEO plugin v27.4 - https:\/\/yoast.com\/product\/yoast-seo-wordpress\/ -->\n<title>LUMA EAR CUFF - AZZUREA<\/title>\n<meta name=\"robots\" content=\"index, follow, max-snippet:-1, max-image-preview:large, max-video-preview:-1\" \/>\n<link rel=\"canonical\" href=\"https:\/\/azzurea.com\/es\/products\/luma-ear-cuff\/\" \/>\n<meta property=\"og:locale\" content=\"es_ES\" \/>\n<meta property=\"og:type\" content=\"article\" \/>\n<meta property=\"og:title\" content=\"LUMA EAR CUFF - AZZUREA\" \/>\n<meta property=\"og:description\" content=\"El ear cuff Luma es una pieza de dise\u00f1o escultural que envuelve la oreja con una suavidad inigualable. Su forma fluida y org\u00e1nica ha sido cuidadosamente creada para seguir las l\u00edneas naturales de la oreja, evocando la elegancia de una onda de luz que se desplaza. Esta joya \u00fanica se adapta de forma ergon\u00f3mica y [&hellip;]\" \/>\n<meta property=\"og:url\" content=\"https:\/\/azzurea.com\/es\/products\/luma-ear-cuff\/\" \/>\n<meta property=\"og:site_name\" content=\"AZZUREA\" \/>\n<meta property=\"article:publisher\" content=\"https:\/\/www.facebook.com\/azzurea.joyas\" \/>\n<meta property=\"article:modified_time\" content=\"2026-03-16T15:38:02+00:00\" \/>\n<meta property=\"og:image\" content=\"https:\/\/azzurea.com\/wp-content\/uploads\/product_images\/prueba2\/04__Ear-Cuff-Luma-Modelo-scaled.jpg\" \/>\n\t<meta property=\"og:image:width\" content=\"1707\" \/>\n\t<meta property=\"og:image:height\" content=\"2560\" \/>\n\t<meta property=\"og:image:type\" content=\"image\/jpeg\" \/>\n<meta name=\"twitter:card\" content=\"summary_large_image\" \/>\n<meta name=\"twitter:label1\" content=\"Tiempo de lectura\" \/>\n\t<meta name=\"twitter:data1\" content=\"2 minutos\" \/>\n<script type=\"application\/ld+json\" class=\"yoast-schema-graph\">{\"@context\":\"https:\\\/\\\/schema.org\",\"@graph\":[{\"@type\":\"WebPage\",\"@id\":\"https:\\\/\\\/azzurea.com\\\/es\\\/products\\\/luma-ear-cuff\\\/\",\"url\":\"https:\\\/\\\/azzurea.com\\\/es\\\/products\\\/luma-ear-cuff\\\/\",\"name\":\"LUMA EAR CUFF - AZZUREA\",\"isPartOf\":{\"@id\":\"https:\\\/\\\/azzurea.com\\\/en\\\/#website\"},\"primaryImageOfPage\":{\"@id\":\"https:\\\/\\\/azzurea.com\\\/es\\\/products\\\/luma-ear-cuff\\\/#primaryimage\"},\"image\":{\"@id\":\"https:\\\/\\\/azzurea.com\\\/es\\\/products\\\/luma-ear-cuff\\\/#primaryimage\"},\"thumbnailUrl\":\"https:\\\/\\\/azzurea.com\\\/wp-content\\\/uploads\\\/product_images\\\/prueba2\\\/04__Ear-Cuff-Luma-Modelo-scaled.jpg\",\"datePublished\":\"2025-03-09T20:23:41+00:00\",\"dateModified\":\"2026-03-16T15:38:02+00:00\",\"breadcrumb\":{\"@id\":\"https:\\\/\\\/azzurea.com\\\/es\\\/products\\\/luma-ear-cuff\\\/#breadcrumb\"},\"inLanguage\":\"es\",\"potentialAction\":[{\"@type\":\"ReadAction\",\"target\":[\"https:\\\/\\\/azzurea.com\\\/es\\\/products\\\/luma-ear-cuff\\\/\"]}]},{\"@type\":\"ImageObject\",\"inLanguage\":\"es\",\"@id\":\"https:\\\/\\\/azzurea.com\\\/es\\\/products\\\/luma-ear-cuff\\\/#primaryimage\",\"url\":\"https:\\\/\\\/azzurea.com\\\/wp-content\\\/uploads\\\/product_images\\\/prueba2\\\/04__Ear-Cuff-Luma-Modelo-scaled.jpg\",\"contentUrl\":\"https:\\\/\\\/azzurea.com\\\/wp-content\\\/uploads\\\/product_images\\\/prueba2\\\/04__Ear-Cuff-Luma-Modelo-scaled.jpg\",\"width\":1707,\"height\":2560},{\"@type\":\"BreadcrumbList\",\"@id\":\"https:\\\/\\\/azzurea.com\\\/es\\\/products\\\/luma-ear-cuff\\\/#breadcrumb\",\"itemListElement\":[{\"@type\":\"ListItem\",\"position\":1,\"name\":\"Portada\",\"item\":\"https:\\\/\\\/azzurea.com\\\/es\\\/\"},{\"@type\":\"ListItem\",\"position\":2,\"name\":\"PRODUCTS\",\"item\":\"https:\\\/\\\/azzurea.com\\\/es\\\/products\\\/\"},{\"@type\":\"ListItem\",\"position\":3,\"name\":\"LUMA EAR CUFF\"}]},{\"@type\":\"WebSite\",\"@id\":\"https:\\\/\\\/azzurea.com\\\/en\\\/#website\",\"url\":\"https:\\\/\\\/azzurea.com\\\/en\\\/\",\"name\":\"AZZUREA\",\"description\":\"Minimalist sculptural jewelry. Made in Spain.\",\"publisher\":{\"@id\":\"https:\\\/\\\/azzurea.com\\\/en\\\/#organization\"},\"alternateName\":\"azzurea.com\",\"potentialAction\":[{\"@type\":\"SearchAction\",\"target\":{\"@type\":\"EntryPoint\",\"urlTemplate\":\"https:\\\/\\\/azzurea.com\\\/en\\\/?s={search_term_string}\"},\"query-input\":{\"@type\":\"PropertyValueSpecification\",\"valueRequired\":true,\"valueName\":\"search_term_string\"}}],\"inLanguage\":\"es\"},{\"@type\":\"Organization\",\"@id\":\"https:\\\/\\\/azzurea.com\\\/en\\\/#organization\",\"name\":\"AZZUREA\",\"alternateName\":\"AZZUREA\",\"url\":\"https:\\\/\\\/azzurea.com\\\/en\\\/\",\"logo\":{\"@type\":\"ImageObject\",\"inLanguage\":\"es\",\"@id\":\"https:\\\/\\\/azzurea.com\\\/en\\\/#\\\/schema\\\/logo\\\/image\\\/\",\"url\":\"https:\\\/\\\/azzurea.com\\\/wp-content\\\/uploads\\\/product_images\\\/prueba2\\\/azzurea-gris.png\",\"contentUrl\":\"https:\\\/\\\/azzurea.com\\\/wp-content\\\/uploads\\\/product_images\\\/prueba2\\\/azzurea-gris.png\",\"width\":1146,\"height\":154,\"caption\":\"AZZUREA\"},\"image\":{\"@id\":\"https:\\\/\\\/azzurea.com\\\/en\\\/#\\\/schema\\\/logo\\\/image\\\/\"},\"sameAs\":[\"https:\\\/\\\/www.facebook.com\\\/azzurea.joyas\",\"https:\\\/\\\/www.instagram.com\\\/azzurea.joyas\\\/\",\"https:\\\/\\\/www.tiktok.com\\\/@azzurea.joyas\"]}]}<\/script>\n<!-- \/ Yoast SEO plugin. -->","yoast_head_json":{"title":"LUMA EAR CUFF - AZZUREA","robots":{"index":"index","follow":"follow","max-snippet":"max-snippet:-1","max-image-preview":"max-image-preview:large","max-video-preview":"max-video-preview:-1"},"canonical":"https:\/\/azzurea.com\/es\/products\/luma-ear-cuff\/","og_locale":"es_ES","og_type":"article","og_title":"LUMA EAR CUFF - AZZUREA","og_description":"El ear cuff Luma es una pieza de dise\u00f1o escultural que envuelve la oreja con una suavidad inigualable. Su forma fluida y org\u00e1nica ha sido cuidadosamente creada para seguir las l\u00edneas naturales de la oreja, evocando la elegancia de una onda de luz que se desplaza. Esta joya \u00fanica se adapta de forma ergon\u00f3mica y [&hellip;]","og_url":"https:\/\/azzurea.com\/es\/products\/luma-ear-cuff\/","og_site_name":"AZZUREA","article_publisher":"https:\/\/www.facebook.com\/azzurea.joyas","article_modified_time":"2026-03-16T15:38:02+00:00","og_image":[{"width":1707,"height":2560,"url":"https:\/\/azzurea.com\/wp-content\/uploads\/product_images\/prueba2\/04__Ear-Cuff-Luma-Modelo-scaled.jpg","type":"image\/jpeg"}],"twitter_card":"summary_large_image","twitter_misc":{"Tiempo de lectura":"2 minutos"},"schema":{"@context":"https:\/\/schema.org","@graph":[{"@type":"WebPage","@id":"https:\/\/azzurea.com\/es\/products\/luma-ear-cuff\/","url":"https:\/\/azzurea.com\/es\/products\/luma-ear-cuff\/","name":"LUMA EAR CUFF - AZZUREA","isPartOf":{"@id":"https:\/\/azzurea.com\/en\/#website"},"primaryImageOfPage":{"@id":"https:\/\/azzurea.com\/es\/products\/luma-ear-cuff\/#primaryimage"},"image":{"@id":"https:\/\/azzurea.com\/es\/products\/luma-ear-cuff\/#primaryimage"},"thumbnailUrl":"https:\/\/azzurea.com\/wp-content\/uploads\/product_images\/prueba2\/04__Ear-Cuff-Luma-Modelo-scaled.jpg","datePublished":"2025-03-09T20:23:41+00:00","dateModified":"2026-03-16T15:38:02+00:00","breadcrumb":{"@id":"https:\/\/azzurea.com\/es\/products\/luma-ear-cuff\/#breadcrumb"},"inLanguage":"es","potentialAction":[{"@type":"ReadAction","target":["https:\/\/azzurea.com\/es\/products\/luma-ear-cuff\/"]}]},{"@type":"ImageObject","inLanguage":"es","@id":"https:\/\/azzurea.com\/es\/products\/luma-ear-cuff\/#primaryimage","url":"https:\/\/azzurea.com\/wp-content\/uploads\/product_images\/prueba2\/04__Ear-Cuff-Luma-Modelo-scaled.jpg","contentUrl":"https:\/\/azzurea.com\/wp-content\/uploads\/product_images\/prueba2\/04__Ear-Cuff-Luma-Modelo-scaled.jpg","width":1707,"height":2560},{"@type":"BreadcrumbList","@id":"https:\/\/azzurea.com\/es\/products\/luma-ear-cuff\/#breadcrumb","itemListElement":[{"@type":"ListItem","position":1,"name":"Portada","item":"https:\/\/azzurea.com\/es\/"},{"@type":"ListItem","position":2,"name":"PRODUCTS","item":"https:\/\/azzurea.com\/es\/products\/"},{"@type":"ListItem","position":3,"name":"LUMA EAR CUFF"}]},{"@type":"WebSite","@id":"https:\/\/azzurea.com\/en\/#website","url":"https:\/\/azzurea.com\/en\/","name":"AZZUREA","description":"Minimalist sculptural jewelry. Made in Spain.","publisher":{"@id":"https:\/\/azzurea.com\/en\/#organization"},"alternateName":"azzurea.com","potentialAction":[{"@type":"SearchAction","target":{"@type":"EntryPoint","urlTemplate":"https:\/\/azzurea.com\/en\/?s={search_term_string}"},"query-input":{"@type":"PropertyValueSpecification","valueRequired":true,"valueName":"search_term_string"}}],"inLanguage":"es"},{"@type":"Organization","@id":"https:\/\/azzurea.com\/en\/#organization","name":"AZZUREA","alternateName":"AZZUREA","url":"https:\/\/azzurea.com\/en\/","logo":{"@type":"ImageObject","inLanguage":"es","@id":"https:\/\/azzurea.com\/en\/#\/schema\/logo\/image\/","url":"https:\/\/azzurea.com\/wp-content\/uploads\/product_images\/prueba2\/azzurea-gris.png","contentUrl":"https:\/\/azzurea.com\/wp-content\/uploads\/product_images\/prueba2\/azzurea-gris.png","width":1146,"height":154,"caption":"AZZUREA"},"image":{"@id":"https:\/\/azzurea.com\/en\/#\/schema\/logo\/image\/"},"sameAs":["https:\/\/www.facebook.com\/azzurea.joyas","https:\/\/www.instagram.com\/azzurea.joyas\/","https:\/\/www.tiktok.com\/@azzurea.joyas"]}]}},"jetpack_sharing_enabled":true,"_links":{"self":[{"href":"https:\/\/azzurea.com\/es\/wp-json\/wp\/v2\/product\/4799","targetHints":{"allow":["GET"]}}],"collection":[{"href":"https:\/\/azzurea.com\/es\/wp-json\/wp\/v2\/product"}],"about":[{"href":"https:\/\/azzurea.com\/es\/wp-json\/wp\/v2\/types\/product"}],"replies":[{"embeddable":true,"href":"https:\/\/azzurea.com\/es\/wp-json\/wp\/v2\/comments?post=4799"}],"wp:featuredmedia":[{"embeddable":true,"href":"https:\/\/azzurea.com\/es\/wp-json\/wp\/v2\/media\/4834"}],"wp:attachment":[{"href":"https:\/\/azzurea.com\/es\/wp-json\/wp\/v2\/media?parent=4799"}],"wp:term":[{"taxonomy":"product_brand","embeddable":true,"href":"https:\/\/azzurea.com\/es\/wp-json\/wp\/v2\/product_brand?post=4799"},{"taxonomy":"product_cat","embeddable":true,"href":"https:\/\/azzurea.com\/es\/wp-json\/wp\/v2\/product_cat?post=4799"},{"taxonomy":"product_tag","embeddable":true,"href":"https:\/\/azzurea.com\/es\/wp-json\/wp\/v2\/product_tag?post=4799"}],"curies":[{"name":"wp","href":"https:\/\/api.w.org\/{rel}","templated":true}]}}