{"id":3183,"date":"2024-10-22T12:11:09","date_gmt":"2024-10-22T10:11:09","guid":{"rendered":"https:\/\/azzurea.com\/?post_type=product&#038;p=3183"},"modified":"2026-03-16T16:59:38","modified_gmt":"2026-03-16T15:59:38","slug":"eme-ear-cuff","status":"publish","type":"product","link":"https:\/\/azzurea.com\/es\/products\/eme-ear-cuff\/","title":{"rendered":"EME EAR CUFF"},"content":{"rendered":"<p>Descubre la esencia de tu estilo con este ear cuff en forma de M, un accesorio que resaltar\u00e1 tu individualidad sin esfuerzo.<\/p>\n<p>Elaborado a mano con materiales y acabados de alta calidad, sus curvas org\u00e1nicas aportan un toque atrevido, manteni\u00e9ndose lo suficientemente vers\u00e1til para cualquier ocasi\u00f3n. Ya sea que busques darle un giro sutil a tu look diario o elevar tu estilo para un evento especial, esta pieza te har\u00e1 sentir \u00fanica y sofisticada. Dise\u00f1ada para llevar con facilidad y para durar en el tiempo, acompa\u00f1\u00e1ndote siempre con su toque distintivo.<\/p>\n<p><strong>DETALLES:<\/strong><\/p>\n<ul>\n<li>Se vende por unidad.<\/li>\n<li>Material: disponible en Plata de Ley 925 y en <a href=\"https:\/\/azzurea.com\/gold-vermeil-24k\/\">Oro Vermeil 24K\u00a0<\/a> <a href=\"https:\/\/azzurea.com\/gold-vermeil-24k\/\"><img loading=\"lazy\" decoding=\"async\" class=\"alignnone wp-image-4335\" src=\"https:\/\/azzurea.com\/wp-content\/uploads\/product_images\/prueba2\/boton-de-informacion-5.png\" alt=\"\" width=\"17\" height=\"17\" srcset=\"https:\/\/azzurea.com\/wp-content\/uploads\/product_images\/prueba2\/boton-de-informacion-5.png 190w, https:\/\/azzurea.com\/wp-content\/uploads\/product_images\/prueba2\/boton-de-informacion-5-150x150.png 150w\" sizes=\"auto, (max-width: 17px) 100vw, 17px\" \/><\/a><\/li>\n<li>Acabado: Pulido espejo<\/li>\n<li>Longitud interior (sin contar el grosor del pendiente): 14 mm<\/li>\n<li>Grosor del pendiente: 1.6 mm<\/li>\n<\/ul>\n<p><strong>ESTILO:<\/strong><\/p>\n<p>Puedes elegir entre dos opciones de dise\u00f1o: <strong>A<\/strong> o <strong>B<\/strong>. Ambas se pueden usar en ambas orejas, pero cada opci\u00f3n tendr\u00e1 un aspecto diferente en la oreja derecha y en la izquierda. Tambi\u00e9n puedes combinarlas si lo deseas. Elige la opci\u00f3n que mejor se adapte a tu estilo y disfruta de un look \u00fanico.<\/p>\n<p><img loading=\"lazy\" decoding=\"async\" class=\"alignnone size-full wp-image-3429\" src=\"https:\/\/azzurea.com\/wp-content\/uploads\/product_images\/prueba2\/Opciones-WEB-1-scaled.jpg\" alt=\"\" width=\"2560\" height=\"973\" srcset=\"https:\/\/azzurea.com\/wp-content\/uploads\/product_images\/prueba2\/Opciones-WEB-1-scaled.jpg 2560w, https:\/\/azzurea.com\/wp-content\/uploads\/product_images\/prueba2\/Opciones-WEB-1-scaled-550x209.jpg 550w, https:\/\/azzurea.com\/wp-content\/uploads\/product_images\/prueba2\/Opciones-WEB-1-1024x389.jpg 1024w, https:\/\/azzurea.com\/wp-content\/uploads\/product_images\/prueba2\/Opciones-WEB-1-300x114.jpg 300w, https:\/\/azzurea.com\/wp-content\/uploads\/product_images\/prueba2\/Opciones-WEB-1-768x292.jpg 768w, https:\/\/azzurea.com\/wp-content\/uploads\/product_images\/prueba2\/Opciones-WEB-1-1536x584.jpg 1536w, https:\/\/azzurea.com\/wp-content\/uploads\/product_images\/prueba2\/Opciones-WEB-1-2048x778.jpg 2048w, https:\/\/azzurea.com\/wp-content\/uploads\/product_images\/prueba2\/Opciones-WEB-1-18x7.jpg 18w\" sizes=\"auto, (max-width: 2560px) 100vw, 2560px\" \/><\/p>\n","protected":false},"excerpt":{"rendered":"<p>Descubre la esencia de tu estilo con este ear cuff en forma de M, un accesorio que resaltar\u00e1 tu individualidad sin esfuerzo. Elaborado a mano con materiales y acabados de alta calidad, sus curvas org\u00e1nicas aportan un toque atrevido, manteni\u00e9ndose lo suficientemente vers\u00e1til para cualquier ocasi\u00f3n. Ya sea que busques darle un giro sutil a [&hellip;]<\/p>\n","protected":false},"featured_media":3249,"comment_status":"open","ping_status":"closed","template":"","meta":[],"product_brand":[],"product_cat":[205,597],"product_tag":[],"class_list":{"0":"post-3183","1":"product","2":"type-product","3":"status-publish","4":"has-post-thumbnail","6":"product_cat-ear-cuffs","7":"product_cat-regalos","9":"first","10":"instock","11":"purchasable","12":"product-type-variable"},"yoast_head":"<!-- This site is optimized with the Yoast SEO plugin v27.4 - https:\/\/yoast.com\/product\/yoast-seo-wordpress\/ -->\n<title>EME EAR CUFF - AZZUREA<\/title>\n<meta name=\"robots\" content=\"index, follow, max-snippet:-1, max-image-preview:large, max-video-preview:-1\" \/>\n<link rel=\"canonical\" href=\"https:\/\/azzurea.com\/es\/products\/eme-ear-cuff\/\" \/>\n<meta property=\"og:locale\" content=\"es_ES\" \/>\n<meta property=\"og:type\" content=\"article\" \/>\n<meta property=\"og:title\" content=\"EME EAR CUFF - AZZUREA\" \/>\n<meta property=\"og:description\" content=\"Descubre la esencia de tu estilo con este ear cuff en forma de M, un accesorio que resaltar\u00e1 tu individualidad sin esfuerzo. Elaborado a mano con materiales y acabados de alta calidad, sus curvas org\u00e1nicas aportan un toque atrevido, manteni\u00e9ndose lo suficientemente vers\u00e1til para cualquier ocasi\u00f3n. Ya sea que busques darle un giro sutil a [&hellip;]\" \/>\n<meta property=\"og:url\" content=\"https:\/\/azzurea.com\/es\/products\/eme-ear-cuff\/\" \/>\n<meta property=\"og:site_name\" content=\"AZZUREA\" \/>\n<meta property=\"article:publisher\" content=\"https:\/\/www.facebook.com\/azzurea.joyas\" \/>\n<meta property=\"article:modified_time\" content=\"2026-03-16T15:59:38+00:00\" \/>\n<meta property=\"og:image\" content=\"https:\/\/azzurea.com\/wp-content\/uploads\/product_images\/eme_ear_cuff\/6-scaled.jpg\" \/>\n\t<meta property=\"og:image:width\" content=\"1707\" \/>\n\t<meta property=\"og:image:height\" content=\"2560\" \/>\n\t<meta property=\"og:image:type\" content=\"image\/jpeg\" \/>\n<meta name=\"twitter:card\" content=\"summary_large_image\" \/>\n<meta name=\"twitter:label1\" content=\"Tiempo de lectura\" \/>\n\t<meta name=\"twitter:data1\" content=\"2 minutos\" \/>\n<script type=\"application\/ld+json\" class=\"yoast-schema-graph\">{\"@context\":\"https:\\\/\\\/schema.org\",\"@graph\":[{\"@type\":\"WebPage\",\"@id\":\"https:\\\/\\\/azzurea.com\\\/es\\\/products\\\/eme-ear-cuff\\\/\",\"url\":\"https:\\\/\\\/azzurea.com\\\/es\\\/products\\\/eme-ear-cuff\\\/\",\"name\":\"EME EAR CUFF - AZZUREA\",\"isPartOf\":{\"@id\":\"https:\\\/\\\/azzurea.com\\\/en\\\/#website\"},\"primaryImageOfPage\":{\"@id\":\"https:\\\/\\\/azzurea.com\\\/es\\\/products\\\/eme-ear-cuff\\\/#primaryimage\"},\"image\":{\"@id\":\"https:\\\/\\\/azzurea.com\\\/es\\\/products\\\/eme-ear-cuff\\\/#primaryimage\"},\"thumbnailUrl\":\"https:\\\/\\\/azzurea.com\\\/wp-content\\\/uploads\\\/product_images\\\/eme_ear_cuff\\\/6-scaled.jpg\",\"datePublished\":\"2024-10-22T10:11:09+00:00\",\"dateModified\":\"2026-03-16T15:59:38+00:00\",\"breadcrumb\":{\"@id\":\"https:\\\/\\\/azzurea.com\\\/es\\\/products\\\/eme-ear-cuff\\\/#breadcrumb\"},\"inLanguage\":\"es\",\"potentialAction\":[{\"@type\":\"ReadAction\",\"target\":[\"https:\\\/\\\/azzurea.com\\\/es\\\/products\\\/eme-ear-cuff\\\/\"]}]},{\"@type\":\"ImageObject\",\"inLanguage\":\"es\",\"@id\":\"https:\\\/\\\/azzurea.com\\\/es\\\/products\\\/eme-ear-cuff\\\/#primaryimage\",\"url\":\"https:\\\/\\\/azzurea.com\\\/wp-content\\\/uploads\\\/product_images\\\/eme_ear_cuff\\\/6-scaled.jpg\",\"contentUrl\":\"https:\\\/\\\/azzurea.com\\\/wp-content\\\/uploads\\\/product_images\\\/eme_ear_cuff\\\/6-scaled.jpg\",\"width\":1707,\"height\":2560},{\"@type\":\"BreadcrumbList\",\"@id\":\"https:\\\/\\\/azzurea.com\\\/es\\\/products\\\/eme-ear-cuff\\\/#breadcrumb\",\"itemListElement\":[{\"@type\":\"ListItem\",\"position\":1,\"name\":\"Portada\",\"item\":\"https:\\\/\\\/azzurea.com\\\/es\\\/\"},{\"@type\":\"ListItem\",\"position\":2,\"name\":\"PRODUCTS\",\"item\":\"https:\\\/\\\/azzurea.com\\\/es\\\/products\\\/\"},{\"@type\":\"ListItem\",\"position\":3,\"name\":\"EME EAR CUFF\"}]},{\"@type\":\"WebSite\",\"@id\":\"https:\\\/\\\/azzurea.com\\\/en\\\/#website\",\"url\":\"https:\\\/\\\/azzurea.com\\\/en\\\/\",\"name\":\"AZZUREA\",\"description\":\"Minimalist sculptural jewelry. Made in Spain.\",\"publisher\":{\"@id\":\"https:\\\/\\\/azzurea.com\\\/en\\\/#organization\"},\"alternateName\":\"azzurea.com\",\"potentialAction\":[{\"@type\":\"SearchAction\",\"target\":{\"@type\":\"EntryPoint\",\"urlTemplate\":\"https:\\\/\\\/azzurea.com\\\/en\\\/?s={search_term_string}\"},\"query-input\":{\"@type\":\"PropertyValueSpecification\",\"valueRequired\":true,\"valueName\":\"search_term_string\"}}],\"inLanguage\":\"es\"},{\"@type\":\"Organization\",\"@id\":\"https:\\\/\\\/azzurea.com\\\/en\\\/#organization\",\"name\":\"AZZUREA\",\"alternateName\":\"AZZUREA\",\"url\":\"https:\\\/\\\/azzurea.com\\\/en\\\/\",\"logo\":{\"@type\":\"ImageObject\",\"inLanguage\":\"es\",\"@id\":\"https:\\\/\\\/azzurea.com\\\/en\\\/#\\\/schema\\\/logo\\\/image\\\/\",\"url\":\"https:\\\/\\\/azzurea.com\\\/wp-content\\\/uploads\\\/product_images\\\/prueba2\\\/azzurea-gris.png\",\"contentUrl\":\"https:\\\/\\\/azzurea.com\\\/wp-content\\\/uploads\\\/product_images\\\/prueba2\\\/azzurea-gris.png\",\"width\":1146,\"height\":154,\"caption\":\"AZZUREA\"},\"image\":{\"@id\":\"https:\\\/\\\/azzurea.com\\\/en\\\/#\\\/schema\\\/logo\\\/image\\\/\"},\"sameAs\":[\"https:\\\/\\\/www.facebook.com\\\/azzurea.joyas\",\"https:\\\/\\\/www.instagram.com\\\/azzurea.joyas\\\/\",\"https:\\\/\\\/www.tiktok.com\\\/@azzurea.joyas\"]}]}<\/script>\n<!-- \/ Yoast SEO plugin. -->","yoast_head_json":{"title":"EME EAR CUFF - AZZUREA","robots":{"index":"index","follow":"follow","max-snippet":"max-snippet:-1","max-image-preview":"max-image-preview:large","max-video-preview":"max-video-preview:-1"},"canonical":"https:\/\/azzurea.com\/es\/products\/eme-ear-cuff\/","og_locale":"es_ES","og_type":"article","og_title":"EME EAR CUFF - AZZUREA","og_description":"Descubre la esencia de tu estilo con este ear cuff en forma de M, un accesorio que resaltar\u00e1 tu individualidad sin esfuerzo. Elaborado a mano con materiales y acabados de alta calidad, sus curvas org\u00e1nicas aportan un toque atrevido, manteni\u00e9ndose lo suficientemente vers\u00e1til para cualquier ocasi\u00f3n. Ya sea que busques darle un giro sutil a [&hellip;]","og_url":"https:\/\/azzurea.com\/es\/products\/eme-ear-cuff\/","og_site_name":"AZZUREA","article_publisher":"https:\/\/www.facebook.com\/azzurea.joyas","article_modified_time":"2026-03-16T15:59:38+00:00","og_image":[{"width":1707,"height":2560,"url":"https:\/\/azzurea.com\/wp-content\/uploads\/product_images\/eme_ear_cuff\/6-scaled.jpg","type":"image\/jpeg"}],"twitter_card":"summary_large_image","twitter_misc":{"Tiempo de lectura":"2 minutos"},"schema":{"@context":"https:\/\/schema.org","@graph":[{"@type":"WebPage","@id":"https:\/\/azzurea.com\/es\/products\/eme-ear-cuff\/","url":"https:\/\/azzurea.com\/es\/products\/eme-ear-cuff\/","name":"EME EAR CUFF - AZZUREA","isPartOf":{"@id":"https:\/\/azzurea.com\/en\/#website"},"primaryImageOfPage":{"@id":"https:\/\/azzurea.com\/es\/products\/eme-ear-cuff\/#primaryimage"},"image":{"@id":"https:\/\/azzurea.com\/es\/products\/eme-ear-cuff\/#primaryimage"},"thumbnailUrl":"https:\/\/azzurea.com\/wp-content\/uploads\/product_images\/eme_ear_cuff\/6-scaled.jpg","datePublished":"2024-10-22T10:11:09+00:00","dateModified":"2026-03-16T15:59:38+00:00","breadcrumb":{"@id":"https:\/\/azzurea.com\/es\/products\/eme-ear-cuff\/#breadcrumb"},"inLanguage":"es","potentialAction":[{"@type":"ReadAction","target":["https:\/\/azzurea.com\/es\/products\/eme-ear-cuff\/"]}]},{"@type":"ImageObject","inLanguage":"es","@id":"https:\/\/azzurea.com\/es\/products\/eme-ear-cuff\/#primaryimage","url":"https:\/\/azzurea.com\/wp-content\/uploads\/product_images\/eme_ear_cuff\/6-scaled.jpg","contentUrl":"https:\/\/azzurea.com\/wp-content\/uploads\/product_images\/eme_ear_cuff\/6-scaled.jpg","width":1707,"height":2560},{"@type":"BreadcrumbList","@id":"https:\/\/azzurea.com\/es\/products\/eme-ear-cuff\/#breadcrumb","itemListElement":[{"@type":"ListItem","position":1,"name":"Portada","item":"https:\/\/azzurea.com\/es\/"},{"@type":"ListItem","position":2,"name":"PRODUCTS","item":"https:\/\/azzurea.com\/es\/products\/"},{"@type":"ListItem","position":3,"name":"EME EAR CUFF"}]},{"@type":"WebSite","@id":"https:\/\/azzurea.com\/en\/#website","url":"https:\/\/azzurea.com\/en\/","name":"AZZUREA","description":"Minimalist sculptural jewelry. Made in Spain.","publisher":{"@id":"https:\/\/azzurea.com\/en\/#organization"},"alternateName":"azzurea.com","potentialAction":[{"@type":"SearchAction","target":{"@type":"EntryPoint","urlTemplate":"https:\/\/azzurea.com\/en\/?s={search_term_string}"},"query-input":{"@type":"PropertyValueSpecification","valueRequired":true,"valueName":"search_term_string"}}],"inLanguage":"es"},{"@type":"Organization","@id":"https:\/\/azzurea.com\/en\/#organization","name":"AZZUREA","alternateName":"AZZUREA","url":"https:\/\/azzurea.com\/en\/","logo":{"@type":"ImageObject","inLanguage":"es","@id":"https:\/\/azzurea.com\/en\/#\/schema\/logo\/image\/","url":"https:\/\/azzurea.com\/wp-content\/uploads\/product_images\/prueba2\/azzurea-gris.png","contentUrl":"https:\/\/azzurea.com\/wp-content\/uploads\/product_images\/prueba2\/azzurea-gris.png","width":1146,"height":154,"caption":"AZZUREA"},"image":{"@id":"https:\/\/azzurea.com\/en\/#\/schema\/logo\/image\/"},"sameAs":["https:\/\/www.facebook.com\/azzurea.joyas","https:\/\/www.instagram.com\/azzurea.joyas\/","https:\/\/www.tiktok.com\/@azzurea.joyas"]}]}},"jetpack_sharing_enabled":true,"_links":{"self":[{"href":"https:\/\/azzurea.com\/es\/wp-json\/wp\/v2\/product\/3183","targetHints":{"allow":["GET"]}}],"collection":[{"href":"https:\/\/azzurea.com\/es\/wp-json\/wp\/v2\/product"}],"about":[{"href":"https:\/\/azzurea.com\/es\/wp-json\/wp\/v2\/types\/product"}],"replies":[{"embeddable":true,"href":"https:\/\/azzurea.com\/es\/wp-json\/wp\/v2\/comments?post=3183"}],"wp:featuredmedia":[{"embeddable":true,"href":"https:\/\/azzurea.com\/es\/wp-json\/wp\/v2\/media\/3249"}],"wp:attachment":[{"href":"https:\/\/azzurea.com\/es\/wp-json\/wp\/v2\/media?parent=3183"}],"wp:term":[{"taxonomy":"product_brand","embeddable":true,"href":"https:\/\/azzurea.com\/es\/wp-json\/wp\/v2\/product_brand?post=3183"},{"taxonomy":"product_cat","embeddable":true,"href":"https:\/\/azzurea.com\/es\/wp-json\/wp\/v2\/product_cat?post=3183"},{"taxonomy":"product_tag","embeddable":true,"href":"https:\/\/azzurea.com\/es\/wp-json\/wp\/v2\/product_tag?post=3183"}],"curies":[{"name":"wp","href":"https:\/\/api.w.org\/{rel}","templated":true}]}}