{"id":3029,"date":"2024-10-11T21:01:02","date_gmt":"2024-10-11T19:01:02","guid":{"rendered":"https:\/\/azzurea.com\/?post_type=product&#038;p=3029"},"modified":"2026-03-16T17:11:29","modified_gmt":"2026-03-16T16:11:29","slug":"curve-ear-cuff","status":"publish","type":"product","link":"https:\/\/azzurea.com\/es\/products\/curve-ear-cuff\/","title":{"rendered":"CURVE EAR CUFF"},"content":{"rendered":"<p>Este discreto y sencillo ear cuff a\u00f1ade un toque de brillo, elegancia y modernidad a tus looks cotidianos. Su dise\u00f1o sutil realza tu estilo con un destello delicado, convirti\u00e9ndolo en el accesorio perfecto para quienes aprecian los detalles refinados pero contempor\u00e1neos. Elaborado para integrarse de una forma natural a tu look y elevarlo sin esfuerzo.<\/p>\n<p><strong>DETALLES:\u00a0<\/strong><\/p>\n<ul>\n<li>Se vende por unidad<\/li>\n<li>Material: disponible en Plata de Ley 925 y en <a href=\"https:\/\/azzurea.com\/gold-vermeil-24k\/\">Oro Vermeil 24K\u00a0 <img loading=\"lazy\" decoding=\"async\" class=\"alignnone wp-image-4335\" src=\"https:\/\/azzurea.com\/wp-content\/uploads\/product_images\/prueba2\/boton-de-informacion-5.png\" alt=\"\" width=\"17\" height=\"17\" srcset=\"https:\/\/azzurea.com\/wp-content\/uploads\/product_images\/prueba2\/boton-de-informacion-5.png 190w, https:\/\/azzurea.com\/wp-content\/uploads\/product_images\/prueba2\/boton-de-informacion-5-150x150.png 150w\" sizes=\"auto, (max-width: 17px) 100vw, 17px\" \/><\/a><\/li>\n<li>Acabado pulido espejo<\/li>\n<li>Longitud interior (sin contar el grosor del pendiente): 14 mm<\/li>\n<li>Grosor: 2 mm<\/li>\n<\/ul>\n<p><strong>ESTILO:\u00a0<\/strong><\/p>\n<p>Puedes elegir entre dos opciones de dise\u00f1o:\u00a0<strong>A<\/strong>\u00a0o\u00a0<strong>B<\/strong>. Ambas se pueden usar en ambas orejas, pero cada opci\u00f3n tendr\u00e1 un aspecto diferente en la oreja derecha y en la izquierda. Tambi\u00e9n puedes combinarlas si lo deseas. Elige la opci\u00f3n que mejor se adapte a tu estilo y disfruta de un look \u00fanico.<\/p>\n<p><img loading=\"lazy\" decoding=\"async\" class=\"alignnone size-full wp-image-3463\" src=\"https:\/\/azzurea.com\/wp-content\/uploads\/product_images\/prueba2\/Opciones-WEB-1.png\" alt=\"\" width=\"8192\" height=\"2936\" srcset=\"https:\/\/azzurea.com\/wp-content\/uploads\/product_images\/prueba2\/Opciones-WEB-1.png 8192w, https:\/\/azzurea.com\/wp-content\/uploads\/product_images\/prueba2\/Opciones-WEB-1-550x197.png 550w, https:\/\/azzurea.com\/wp-content\/uploads\/product_images\/prueba2\/Opciones-WEB-1-1024x367.png 1024w, https:\/\/azzurea.com\/wp-content\/uploads\/product_images\/prueba2\/Opciones-WEB-1-300x108.png 300w, https:\/\/azzurea.com\/wp-content\/uploads\/product_images\/prueba2\/Opciones-WEB-1-768x275.png 768w, https:\/\/azzurea.com\/wp-content\/uploads\/product_images\/prueba2\/Opciones-WEB-1-1536x551.png 1536w, https:\/\/azzurea.com\/wp-content\/uploads\/product_images\/prueba2\/Opciones-WEB-1-2048x734.png 2048w, https:\/\/azzurea.com\/wp-content\/uploads\/product_images\/prueba2\/Opciones-WEB-1-18x6.png 18w\" sizes=\"auto, (max-width: 8192px) 100vw, 8192px\" \/><\/p>\n","protected":false},"excerpt":{"rendered":"<p>Este discreto y sencillo ear cuff a\u00f1ade un toque de brillo, elegancia y modernidad a tus looks cotidianos. Su dise\u00f1o sutil realza tu estilo con un destello delicado, convirti\u00e9ndolo en el accesorio perfecto para quienes aprecian los detalles refinados pero contempor\u00e1neos. Elaborado para integrarse de una forma natural a tu look y elevarlo sin esfuerzo. [&hellip;]<\/p>\n","protected":false},"featured_media":3272,"comment_status":"open","ping_status":"closed","template":"","meta":[],"product_brand":[],"product_cat":[205,597],"product_tag":[],"class_list":{"0":"post-3029","1":"product","2":"type-product","3":"status-publish","4":"has-post-thumbnail","6":"product_cat-ear-cuffs","7":"product_cat-regalos","9":"first","10":"instock","11":"purchasable","12":"product-type-variable"},"yoast_head":"<!-- This site is optimized with the Yoast SEO plugin v27.4 - https:\/\/yoast.com\/product\/yoast-seo-wordpress\/ -->\n<title>CURVE EAR CUFF - AZZUREA<\/title>\n<meta name=\"robots\" content=\"index, follow, max-snippet:-1, max-image-preview:large, max-video-preview:-1\" \/>\n<link rel=\"canonical\" href=\"https:\/\/azzurea.com\/es\/products\/curve-ear-cuff\/\" \/>\n<meta property=\"og:locale\" content=\"es_ES\" \/>\n<meta property=\"og:type\" content=\"article\" \/>\n<meta property=\"og:title\" content=\"CURVE EAR CUFF - AZZUREA\" \/>\n<meta property=\"og:description\" content=\"Este discreto y sencillo ear cuff a\u00f1ade un toque de brillo, elegancia y modernidad a tus looks cotidianos. Su dise\u00f1o sutil realza tu estilo con un destello delicado, convirti\u00e9ndolo en el accesorio perfecto para quienes aprecian los detalles refinados pero contempor\u00e1neos. Elaborado para integrarse de una forma natural a tu look y elevarlo sin esfuerzo. [&hellip;]\" \/>\n<meta property=\"og:url\" content=\"https:\/\/azzurea.com\/es\/products\/curve-ear-cuff\/\" \/>\n<meta property=\"og:site_name\" content=\"AZZUREA\" \/>\n<meta property=\"article:publisher\" content=\"https:\/\/www.facebook.com\/azzurea.joyas\" \/>\n<meta property=\"article:modified_time\" content=\"2026-03-16T16:11:29+00:00\" \/>\n<meta property=\"og:image\" content=\"https:\/\/azzurea.com\/wp-content\/uploads\/product_images\/curve_ear_cuff\/4-scaled.jpg\" \/>\n\t<meta property=\"og:image:width\" content=\"1707\" \/>\n\t<meta property=\"og:image:height\" content=\"2560\" \/>\n\t<meta property=\"og:image:type\" content=\"image\/jpeg\" \/>\n<meta name=\"twitter:card\" content=\"summary_large_image\" \/>\n<meta name=\"twitter:label1\" content=\"Tiempo de lectura\" \/>\n\t<meta name=\"twitter:data1\" content=\"2 minutos\" \/>\n<script type=\"application\/ld+json\" class=\"yoast-schema-graph\">{\"@context\":\"https:\\\/\\\/schema.org\",\"@graph\":[{\"@type\":\"WebPage\",\"@id\":\"https:\\\/\\\/azzurea.com\\\/es\\\/products\\\/curve-ear-cuff\\\/\",\"url\":\"https:\\\/\\\/azzurea.com\\\/es\\\/products\\\/curve-ear-cuff\\\/\",\"name\":\"CURVE EAR CUFF - AZZUREA\",\"isPartOf\":{\"@id\":\"https:\\\/\\\/azzurea.com\\\/en\\\/#website\"},\"primaryImageOfPage\":{\"@id\":\"https:\\\/\\\/azzurea.com\\\/es\\\/products\\\/curve-ear-cuff\\\/#primaryimage\"},\"image\":{\"@id\":\"https:\\\/\\\/azzurea.com\\\/es\\\/products\\\/curve-ear-cuff\\\/#primaryimage\"},\"thumbnailUrl\":\"https:\\\/\\\/azzurea.com\\\/wp-content\\\/uploads\\\/product_images\\\/curve_ear_cuff\\\/4-scaled.jpg\",\"datePublished\":\"2024-10-11T19:01:02+00:00\",\"dateModified\":\"2026-03-16T16:11:29+00:00\",\"breadcrumb\":{\"@id\":\"https:\\\/\\\/azzurea.com\\\/es\\\/products\\\/curve-ear-cuff\\\/#breadcrumb\"},\"inLanguage\":\"es\",\"potentialAction\":[{\"@type\":\"ReadAction\",\"target\":[\"https:\\\/\\\/azzurea.com\\\/es\\\/products\\\/curve-ear-cuff\\\/\"]}]},{\"@type\":\"ImageObject\",\"inLanguage\":\"es\",\"@id\":\"https:\\\/\\\/azzurea.com\\\/es\\\/products\\\/curve-ear-cuff\\\/#primaryimage\",\"url\":\"https:\\\/\\\/azzurea.com\\\/wp-content\\\/uploads\\\/product_images\\\/curve_ear_cuff\\\/4-scaled.jpg\",\"contentUrl\":\"https:\\\/\\\/azzurea.com\\\/wp-content\\\/uploads\\\/product_images\\\/curve_ear_cuff\\\/4-scaled.jpg\",\"width\":1707,\"height\":2560},{\"@type\":\"BreadcrumbList\",\"@id\":\"https:\\\/\\\/azzurea.com\\\/es\\\/products\\\/curve-ear-cuff\\\/#breadcrumb\",\"itemListElement\":[{\"@type\":\"ListItem\",\"position\":1,\"name\":\"Portada\",\"item\":\"https:\\\/\\\/azzurea.com\\\/es\\\/\"},{\"@type\":\"ListItem\",\"position\":2,\"name\":\"PRODUCTS\",\"item\":\"https:\\\/\\\/azzurea.com\\\/es\\\/products\\\/\"},{\"@type\":\"ListItem\",\"position\":3,\"name\":\"CURVE EAR CUFF\"}]},{\"@type\":\"WebSite\",\"@id\":\"https:\\\/\\\/azzurea.com\\\/en\\\/#website\",\"url\":\"https:\\\/\\\/azzurea.com\\\/en\\\/\",\"name\":\"AZZUREA\",\"description\":\"Minimalist sculptural jewelry. Made in Spain.\",\"publisher\":{\"@id\":\"https:\\\/\\\/azzurea.com\\\/en\\\/#organization\"},\"alternateName\":\"azzurea.com\",\"potentialAction\":[{\"@type\":\"SearchAction\",\"target\":{\"@type\":\"EntryPoint\",\"urlTemplate\":\"https:\\\/\\\/azzurea.com\\\/en\\\/?s={search_term_string}\"},\"query-input\":{\"@type\":\"PropertyValueSpecification\",\"valueRequired\":true,\"valueName\":\"search_term_string\"}}],\"inLanguage\":\"es\"},{\"@type\":\"Organization\",\"@id\":\"https:\\\/\\\/azzurea.com\\\/en\\\/#organization\",\"name\":\"AZZUREA\",\"alternateName\":\"AZZUREA\",\"url\":\"https:\\\/\\\/azzurea.com\\\/en\\\/\",\"logo\":{\"@type\":\"ImageObject\",\"inLanguage\":\"es\",\"@id\":\"https:\\\/\\\/azzurea.com\\\/en\\\/#\\\/schema\\\/logo\\\/image\\\/\",\"url\":\"https:\\\/\\\/azzurea.com\\\/wp-content\\\/uploads\\\/product_images\\\/prueba2\\\/azzurea-gris.png\",\"contentUrl\":\"https:\\\/\\\/azzurea.com\\\/wp-content\\\/uploads\\\/product_images\\\/prueba2\\\/azzurea-gris.png\",\"width\":1146,\"height\":154,\"caption\":\"AZZUREA\"},\"image\":{\"@id\":\"https:\\\/\\\/azzurea.com\\\/en\\\/#\\\/schema\\\/logo\\\/image\\\/\"},\"sameAs\":[\"https:\\\/\\\/www.facebook.com\\\/azzurea.joyas\",\"https:\\\/\\\/www.instagram.com\\\/azzurea.joyas\\\/\",\"https:\\\/\\\/www.tiktok.com\\\/@azzurea.joyas\"]}]}<\/script>\n<!-- \/ Yoast SEO plugin. -->","yoast_head_json":{"title":"CURVE EAR CUFF - AZZUREA","robots":{"index":"index","follow":"follow","max-snippet":"max-snippet:-1","max-image-preview":"max-image-preview:large","max-video-preview":"max-video-preview:-1"},"canonical":"https:\/\/azzurea.com\/es\/products\/curve-ear-cuff\/","og_locale":"es_ES","og_type":"article","og_title":"CURVE EAR CUFF - AZZUREA","og_description":"Este discreto y sencillo ear cuff a\u00f1ade un toque de brillo, elegancia y modernidad a tus looks cotidianos. Su dise\u00f1o sutil realza tu estilo con un destello delicado, convirti\u00e9ndolo en el accesorio perfecto para quienes aprecian los detalles refinados pero contempor\u00e1neos. Elaborado para integrarse de una forma natural a tu look y elevarlo sin esfuerzo. [&hellip;]","og_url":"https:\/\/azzurea.com\/es\/products\/curve-ear-cuff\/","og_site_name":"AZZUREA","article_publisher":"https:\/\/www.facebook.com\/azzurea.joyas","article_modified_time":"2026-03-16T16:11:29+00:00","og_image":[{"width":1707,"height":2560,"url":"https:\/\/azzurea.com\/wp-content\/uploads\/product_images\/curve_ear_cuff\/4-scaled.jpg","type":"image\/jpeg"}],"twitter_card":"summary_large_image","twitter_misc":{"Tiempo de lectura":"2 minutos"},"schema":{"@context":"https:\/\/schema.org","@graph":[{"@type":"WebPage","@id":"https:\/\/azzurea.com\/es\/products\/curve-ear-cuff\/","url":"https:\/\/azzurea.com\/es\/products\/curve-ear-cuff\/","name":"CURVE EAR CUFF - AZZUREA","isPartOf":{"@id":"https:\/\/azzurea.com\/en\/#website"},"primaryImageOfPage":{"@id":"https:\/\/azzurea.com\/es\/products\/curve-ear-cuff\/#primaryimage"},"image":{"@id":"https:\/\/azzurea.com\/es\/products\/curve-ear-cuff\/#primaryimage"},"thumbnailUrl":"https:\/\/azzurea.com\/wp-content\/uploads\/product_images\/curve_ear_cuff\/4-scaled.jpg","datePublished":"2024-10-11T19:01:02+00:00","dateModified":"2026-03-16T16:11:29+00:00","breadcrumb":{"@id":"https:\/\/azzurea.com\/es\/products\/curve-ear-cuff\/#breadcrumb"},"inLanguage":"es","potentialAction":[{"@type":"ReadAction","target":["https:\/\/azzurea.com\/es\/products\/curve-ear-cuff\/"]}]},{"@type":"ImageObject","inLanguage":"es","@id":"https:\/\/azzurea.com\/es\/products\/curve-ear-cuff\/#primaryimage","url":"https:\/\/azzurea.com\/wp-content\/uploads\/product_images\/curve_ear_cuff\/4-scaled.jpg","contentUrl":"https:\/\/azzurea.com\/wp-content\/uploads\/product_images\/curve_ear_cuff\/4-scaled.jpg","width":1707,"height":2560},{"@type":"BreadcrumbList","@id":"https:\/\/azzurea.com\/es\/products\/curve-ear-cuff\/#breadcrumb","itemListElement":[{"@type":"ListItem","position":1,"name":"Portada","item":"https:\/\/azzurea.com\/es\/"},{"@type":"ListItem","position":2,"name":"PRODUCTS","item":"https:\/\/azzurea.com\/es\/products\/"},{"@type":"ListItem","position":3,"name":"CURVE EAR CUFF"}]},{"@type":"WebSite","@id":"https:\/\/azzurea.com\/en\/#website","url":"https:\/\/azzurea.com\/en\/","name":"AZZUREA","description":"Minimalist sculptural jewelry. Made in Spain.","publisher":{"@id":"https:\/\/azzurea.com\/en\/#organization"},"alternateName":"azzurea.com","potentialAction":[{"@type":"SearchAction","target":{"@type":"EntryPoint","urlTemplate":"https:\/\/azzurea.com\/en\/?s={search_term_string}"},"query-input":{"@type":"PropertyValueSpecification","valueRequired":true,"valueName":"search_term_string"}}],"inLanguage":"es"},{"@type":"Organization","@id":"https:\/\/azzurea.com\/en\/#organization","name":"AZZUREA","alternateName":"AZZUREA","url":"https:\/\/azzurea.com\/en\/","logo":{"@type":"ImageObject","inLanguage":"es","@id":"https:\/\/azzurea.com\/en\/#\/schema\/logo\/image\/","url":"https:\/\/azzurea.com\/wp-content\/uploads\/product_images\/prueba2\/azzurea-gris.png","contentUrl":"https:\/\/azzurea.com\/wp-content\/uploads\/product_images\/prueba2\/azzurea-gris.png","width":1146,"height":154,"caption":"AZZUREA"},"image":{"@id":"https:\/\/azzurea.com\/en\/#\/schema\/logo\/image\/"},"sameAs":["https:\/\/www.facebook.com\/azzurea.joyas","https:\/\/www.instagram.com\/azzurea.joyas\/","https:\/\/www.tiktok.com\/@azzurea.joyas"]}]}},"jetpack_sharing_enabled":true,"_links":{"self":[{"href":"https:\/\/azzurea.com\/es\/wp-json\/wp\/v2\/product\/3029","targetHints":{"allow":["GET"]}}],"collection":[{"href":"https:\/\/azzurea.com\/es\/wp-json\/wp\/v2\/product"}],"about":[{"href":"https:\/\/azzurea.com\/es\/wp-json\/wp\/v2\/types\/product"}],"replies":[{"embeddable":true,"href":"https:\/\/azzurea.com\/es\/wp-json\/wp\/v2\/comments?post=3029"}],"wp:featuredmedia":[{"embeddable":true,"href":"https:\/\/azzurea.com\/es\/wp-json\/wp\/v2\/media\/3272"}],"wp:attachment":[{"href":"https:\/\/azzurea.com\/es\/wp-json\/wp\/v2\/media?parent=3029"}],"wp:term":[{"taxonomy":"product_brand","embeddable":true,"href":"https:\/\/azzurea.com\/es\/wp-json\/wp\/v2\/product_brand?post=3029"},{"taxonomy":"product_cat","embeddable":true,"href":"https:\/\/azzurea.com\/es\/wp-json\/wp\/v2\/product_cat?post=3029"},{"taxonomy":"product_tag","embeddable":true,"href":"https:\/\/azzurea.com\/es\/wp-json\/wp\/v2\/product_tag?post=3029"}],"curies":[{"name":"wp","href":"https:\/\/api.w.org\/{rel}","templated":true}]}}