{"id":1725,"date":"2023-08-13T20:24:33","date_gmt":"2023-08-13T18:24:33","guid":{"rendered":"http:\/\/azzurea.es\/producto\/sleek-earring-%c2%b7-ear-jacket-%c2%b7-front-and-back-earring-%c2%b7-silver-earring-%c2%b7-24k-gold-vermeil-%c2%b7-edgy-earring-%c2%b7-modern-earring-%c2%b7\/"},"modified":"2026-03-16T17:18:26","modified_gmt":"2026-03-16T16:18:26","slug":"sleek-earring","status":"publish","type":"product","link":"https:\/\/azzurea.com\/es\/products\/sleek-earring\/","title":{"rendered":"SLEEK EARRING"},"content":{"rendered":"<p>Descubre la elegancia sin esfuerzo de dise\u00f1o hecho a mano, elaborado en plata de ley 925 y disponible en oro vermeil de 24K. Con su dise\u00f1o curvado y elegante, esta pieza \u00fanica ofrece una est\u00e9tica minimalista y atemporal que realza cualquier estilo de manera impecable. Perfecto para quienes valoran la belleza de la simplicidad y el estilo refinado.<\/p>\n<p><strong>DETALLES:<\/strong><\/p>\n<ul>\n<li>Se vende por unidad<\/li>\n<li>Material: disponible en Plata de Ley 925 y <a href=\"https:\/\/azzurea.com\/gold-vermeil-24k\/\">Oro Vermeil 24K\u00a0 <img loading=\"lazy\" decoding=\"async\" class=\"alignnone wp-image-4335\" src=\"https:\/\/azzurea.com\/wp-content\/uploads\/product_images\/prueba2\/boton-de-informacion-5.png\" alt=\"\" width=\"17\" height=\"17\" srcset=\"https:\/\/azzurea.com\/wp-content\/uploads\/product_images\/prueba2\/boton-de-informacion-5.png 190w, https:\/\/azzurea.com\/wp-content\/uploads\/product_images\/prueba2\/boton-de-informacion-5-150x150.png 150w\" sizes=\"auto, (max-width: 17px) 100vw, 17px\" \/><\/a><\/li>\n<li>Acabado pulido espejo<\/li>\n<li><strong>Talla:<\/strong> elige entre la talla <strong>peque\u00f1a<\/strong> o <strong>grande<\/strong> (consulta la secci\u00f3n <strong>\u00abC\u00d3MO SABER MI TALLA\u00bb<\/strong>)<\/li>\n<li>Grosor: 1 mm<\/li>\n<\/ul>\n","protected":false},"excerpt":{"rendered":"<p>Descubre la elegancia sin esfuerzo de dise\u00f1o hecho a mano, elaborado en plata de ley 925 y disponible en oro vermeil de 24K. Con su dise\u00f1o curvado y elegante, esta pieza \u00fanica ofrece una est\u00e9tica minimalista y atemporal que realza cualquier estilo de manera impecable. Perfecto para quienes valoran la belleza de la simplicidad y [&hellip;]<\/p>\n","protected":false},"featured_media":3335,"comment_status":"open","ping_status":"closed","template":"","meta":[],"product_brand":[],"product_cat":[226],"product_tag":[418,201,422,423,414,416,420,421,75,419,417],"class_list":{"0":"post-1725","1":"product","2":"type-product","3":"status-publish","4":"has-post-thumbnail","6":"product_cat-pendientes","7":"product_tag-bar","8":"product_tag-climber_earring","9":"product_tag-dainty_earring","10":"product_tag-earlobe","11":"product_tag-front_and_back","12":"product_tag-geometric_ear_jackets","13":"product_tag-large","14":"product_tag-line_ear_jacket","15":"product_tag-lobe_cuff","16":"product_tag-minimalist_ear_jackets","17":"product_tag-thin_earrings","19":"first","20":"instock","21":"purchasable","22":"product-type-variable"},"yoast_head":"<!-- This site is optimized with the Yoast SEO plugin v27.4 - https:\/\/yoast.com\/product\/yoast-seo-wordpress\/ -->\n<title>SLEEK EARRING - AZZUREA<\/title>\n<meta name=\"robots\" content=\"index, follow, max-snippet:-1, max-image-preview:large, max-video-preview:-1\" \/>\n<link rel=\"canonical\" href=\"https:\/\/azzurea.com\/es\/products\/sleek-earring\/\" \/>\n<meta property=\"og:locale\" content=\"es_ES\" \/>\n<meta property=\"og:type\" content=\"article\" \/>\n<meta property=\"og:title\" content=\"SLEEK EARRING - AZZUREA\" \/>\n<meta property=\"og:description\" content=\"Descubre la elegancia sin esfuerzo de dise\u00f1o hecho a mano, elaborado en plata de ley 925 y disponible en oro vermeil de 24K. Con su dise\u00f1o curvado y elegante, esta pieza \u00fanica ofrece una est\u00e9tica minimalista y atemporal que realza cualquier estilo de manera impecable. Perfecto para quienes valoran la belleza de la simplicidad y [&hellip;]\" \/>\n<meta property=\"og:url\" content=\"https:\/\/azzurea.com\/es\/products\/sleek-earring\/\" \/>\n<meta property=\"og:site_name\" content=\"AZZUREA\" \/>\n<meta property=\"article:publisher\" content=\"https:\/\/www.facebook.com\/azzurea.joyas\" \/>\n<meta property=\"article:modified_time\" content=\"2026-03-16T16:18:26+00:00\" \/>\n<meta property=\"og:image\" content=\"https:\/\/azzurea.com\/wp-content\/uploads\/product_images\/sleek_earring\/Sleek%20Earring%20Modelo%204-scaled.jpg\" \/>\n\t<meta property=\"og:image:width\" content=\"1707\" \/>\n\t<meta property=\"og:image:height\" content=\"2560\" \/>\n\t<meta property=\"og:image:type\" content=\"image\/jpeg\" \/>\n<meta name=\"twitter:card\" content=\"summary_large_image\" \/>\n<meta name=\"twitter:label1\" content=\"Tiempo de lectura\" \/>\n\t<meta name=\"twitter:data1\" content=\"1 minuto\" \/>\n<script type=\"application\/ld+json\" class=\"yoast-schema-graph\">{\"@context\":\"https:\\\/\\\/schema.org\",\"@graph\":[{\"@type\":\"WebPage\",\"@id\":\"https:\\\/\\\/azzurea.com\\\/es\\\/products\\\/sleek-earring\\\/\",\"url\":\"https:\\\/\\\/azzurea.com\\\/es\\\/products\\\/sleek-earring\\\/\",\"name\":\"SLEEK EARRING - AZZUREA\",\"isPartOf\":{\"@id\":\"https:\\\/\\\/azzurea.com\\\/en\\\/#website\"},\"primaryImageOfPage\":{\"@id\":\"https:\\\/\\\/azzurea.com\\\/es\\\/products\\\/sleek-earring\\\/#primaryimage\"},\"image\":{\"@id\":\"https:\\\/\\\/azzurea.com\\\/es\\\/products\\\/sleek-earring\\\/#primaryimage\"},\"thumbnailUrl\":\"https:\\\/\\\/azzurea.com\\\/wp-content\\\/uploads\\\/product_images\\\/sleek_earring\\\/Sleek Earring Modelo 4-scaled.jpg\",\"datePublished\":\"2023-08-13T18:24:33+00:00\",\"dateModified\":\"2026-03-16T16:18:26+00:00\",\"breadcrumb\":{\"@id\":\"https:\\\/\\\/azzurea.com\\\/es\\\/products\\\/sleek-earring\\\/#breadcrumb\"},\"inLanguage\":\"es\",\"potentialAction\":[{\"@type\":\"ReadAction\",\"target\":[\"https:\\\/\\\/azzurea.com\\\/es\\\/products\\\/sleek-earring\\\/\"]}]},{\"@type\":\"ImageObject\",\"inLanguage\":\"es\",\"@id\":\"https:\\\/\\\/azzurea.com\\\/es\\\/products\\\/sleek-earring\\\/#primaryimage\",\"url\":\"https:\\\/\\\/azzurea.com\\\/wp-content\\\/uploads\\\/product_images\\\/sleek_earring\\\/Sleek Earring Modelo 4-scaled.jpg\",\"contentUrl\":\"https:\\\/\\\/azzurea.com\\\/wp-content\\\/uploads\\\/product_images\\\/sleek_earring\\\/Sleek Earring Modelo 4-scaled.jpg\",\"width\":1707,\"height\":2560},{\"@type\":\"BreadcrumbList\",\"@id\":\"https:\\\/\\\/azzurea.com\\\/es\\\/products\\\/sleek-earring\\\/#breadcrumb\",\"itemListElement\":[{\"@type\":\"ListItem\",\"position\":1,\"name\":\"Portada\",\"item\":\"https:\\\/\\\/azzurea.com\\\/es\\\/\"},{\"@type\":\"ListItem\",\"position\":2,\"name\":\"PRODUCTS\",\"item\":\"https:\\\/\\\/azzurea.com\\\/es\\\/products\\\/\"},{\"@type\":\"ListItem\",\"position\":3,\"name\":\"SLEEK EARRING\"}]},{\"@type\":\"WebSite\",\"@id\":\"https:\\\/\\\/azzurea.com\\\/en\\\/#website\",\"url\":\"https:\\\/\\\/azzurea.com\\\/en\\\/\",\"name\":\"AZZUREA\",\"description\":\"Minimalist sculptural jewelry. Made in Spain.\",\"publisher\":{\"@id\":\"https:\\\/\\\/azzurea.com\\\/en\\\/#organization\"},\"alternateName\":\"azzurea.com\",\"potentialAction\":[{\"@type\":\"SearchAction\",\"target\":{\"@type\":\"EntryPoint\",\"urlTemplate\":\"https:\\\/\\\/azzurea.com\\\/en\\\/?s={search_term_string}\"},\"query-input\":{\"@type\":\"PropertyValueSpecification\",\"valueRequired\":true,\"valueName\":\"search_term_string\"}}],\"inLanguage\":\"es\"},{\"@type\":\"Organization\",\"@id\":\"https:\\\/\\\/azzurea.com\\\/en\\\/#organization\",\"name\":\"AZZUREA\",\"alternateName\":\"AZZUREA\",\"url\":\"https:\\\/\\\/azzurea.com\\\/en\\\/\",\"logo\":{\"@type\":\"ImageObject\",\"inLanguage\":\"es\",\"@id\":\"https:\\\/\\\/azzurea.com\\\/en\\\/#\\\/schema\\\/logo\\\/image\\\/\",\"url\":\"https:\\\/\\\/azzurea.com\\\/wp-content\\\/uploads\\\/product_images\\\/prueba2\\\/azzurea-gris.png\",\"contentUrl\":\"https:\\\/\\\/azzurea.com\\\/wp-content\\\/uploads\\\/product_images\\\/prueba2\\\/azzurea-gris.png\",\"width\":1146,\"height\":154,\"caption\":\"AZZUREA\"},\"image\":{\"@id\":\"https:\\\/\\\/azzurea.com\\\/en\\\/#\\\/schema\\\/logo\\\/image\\\/\"},\"sameAs\":[\"https:\\\/\\\/www.facebook.com\\\/azzurea.joyas\",\"https:\\\/\\\/www.instagram.com\\\/azzurea.joyas\\\/\",\"https:\\\/\\\/www.tiktok.com\\\/@azzurea.joyas\"]}]}<\/script>\n<!-- \/ Yoast SEO plugin. -->","yoast_head_json":{"title":"SLEEK EARRING - AZZUREA","robots":{"index":"index","follow":"follow","max-snippet":"max-snippet:-1","max-image-preview":"max-image-preview:large","max-video-preview":"max-video-preview:-1"},"canonical":"https:\/\/azzurea.com\/es\/products\/sleek-earring\/","og_locale":"es_ES","og_type":"article","og_title":"SLEEK EARRING - AZZUREA","og_description":"Descubre la elegancia sin esfuerzo de dise\u00f1o hecho a mano, elaborado en plata de ley 925 y disponible en oro vermeil de 24K. Con su dise\u00f1o curvado y elegante, esta pieza \u00fanica ofrece una est\u00e9tica minimalista y atemporal que realza cualquier estilo de manera impecable. Perfecto para quienes valoran la belleza de la simplicidad y [&hellip;]","og_url":"https:\/\/azzurea.com\/es\/products\/sleek-earring\/","og_site_name":"AZZUREA","article_publisher":"https:\/\/www.facebook.com\/azzurea.joyas","article_modified_time":"2026-03-16T16:18:26+00:00","og_image":[{"width":1707,"height":2560,"url":"https:\/\/azzurea.com\/wp-content\/uploads\/product_images\/sleek_earring\/Sleek Earring Modelo 4-scaled.jpg","type":"image\/jpeg"}],"twitter_card":"summary_large_image","twitter_misc":{"Tiempo de lectura":"1 minuto"},"schema":{"@context":"https:\/\/schema.org","@graph":[{"@type":"WebPage","@id":"https:\/\/azzurea.com\/es\/products\/sleek-earring\/","url":"https:\/\/azzurea.com\/es\/products\/sleek-earring\/","name":"SLEEK EARRING - AZZUREA","isPartOf":{"@id":"https:\/\/azzurea.com\/en\/#website"},"primaryImageOfPage":{"@id":"https:\/\/azzurea.com\/es\/products\/sleek-earring\/#primaryimage"},"image":{"@id":"https:\/\/azzurea.com\/es\/products\/sleek-earring\/#primaryimage"},"thumbnailUrl":"https:\/\/azzurea.com\/wp-content\/uploads\/product_images\/sleek_earring\/Sleek Earring Modelo 4-scaled.jpg","datePublished":"2023-08-13T18:24:33+00:00","dateModified":"2026-03-16T16:18:26+00:00","breadcrumb":{"@id":"https:\/\/azzurea.com\/es\/products\/sleek-earring\/#breadcrumb"},"inLanguage":"es","potentialAction":[{"@type":"ReadAction","target":["https:\/\/azzurea.com\/es\/products\/sleek-earring\/"]}]},{"@type":"ImageObject","inLanguage":"es","@id":"https:\/\/azzurea.com\/es\/products\/sleek-earring\/#primaryimage","url":"https:\/\/azzurea.com\/wp-content\/uploads\/product_images\/sleek_earring\/Sleek Earring Modelo 4-scaled.jpg","contentUrl":"https:\/\/azzurea.com\/wp-content\/uploads\/product_images\/sleek_earring\/Sleek Earring Modelo 4-scaled.jpg","width":1707,"height":2560},{"@type":"BreadcrumbList","@id":"https:\/\/azzurea.com\/es\/products\/sleek-earring\/#breadcrumb","itemListElement":[{"@type":"ListItem","position":1,"name":"Portada","item":"https:\/\/azzurea.com\/es\/"},{"@type":"ListItem","position":2,"name":"PRODUCTS","item":"https:\/\/azzurea.com\/es\/products\/"},{"@type":"ListItem","position":3,"name":"SLEEK EARRING"}]},{"@type":"WebSite","@id":"https:\/\/azzurea.com\/en\/#website","url":"https:\/\/azzurea.com\/en\/","name":"AZZUREA","description":"Minimalist sculptural jewelry. Made in Spain.","publisher":{"@id":"https:\/\/azzurea.com\/en\/#organization"},"alternateName":"azzurea.com","potentialAction":[{"@type":"SearchAction","target":{"@type":"EntryPoint","urlTemplate":"https:\/\/azzurea.com\/en\/?s={search_term_string}"},"query-input":{"@type":"PropertyValueSpecification","valueRequired":true,"valueName":"search_term_string"}}],"inLanguage":"es"},{"@type":"Organization","@id":"https:\/\/azzurea.com\/en\/#organization","name":"AZZUREA","alternateName":"AZZUREA","url":"https:\/\/azzurea.com\/en\/","logo":{"@type":"ImageObject","inLanguage":"es","@id":"https:\/\/azzurea.com\/en\/#\/schema\/logo\/image\/","url":"https:\/\/azzurea.com\/wp-content\/uploads\/product_images\/prueba2\/azzurea-gris.png","contentUrl":"https:\/\/azzurea.com\/wp-content\/uploads\/product_images\/prueba2\/azzurea-gris.png","width":1146,"height":154,"caption":"AZZUREA"},"image":{"@id":"https:\/\/azzurea.com\/en\/#\/schema\/logo\/image\/"},"sameAs":["https:\/\/www.facebook.com\/azzurea.joyas","https:\/\/www.instagram.com\/azzurea.joyas\/","https:\/\/www.tiktok.com\/@azzurea.joyas"]}]}},"jetpack_sharing_enabled":true,"_links":{"self":[{"href":"https:\/\/azzurea.com\/es\/wp-json\/wp\/v2\/product\/1725","targetHints":{"allow":["GET"]}}],"collection":[{"href":"https:\/\/azzurea.com\/es\/wp-json\/wp\/v2\/product"}],"about":[{"href":"https:\/\/azzurea.com\/es\/wp-json\/wp\/v2\/types\/product"}],"replies":[{"embeddable":true,"href":"https:\/\/azzurea.com\/es\/wp-json\/wp\/v2\/comments?post=1725"}],"wp:featuredmedia":[{"embeddable":true,"href":"https:\/\/azzurea.com\/es\/wp-json\/wp\/v2\/media\/3335"}],"wp:attachment":[{"href":"https:\/\/azzurea.com\/es\/wp-json\/wp\/v2\/media?parent=1725"}],"wp:term":[{"taxonomy":"product_brand","embeddable":true,"href":"https:\/\/azzurea.com\/es\/wp-json\/wp\/v2\/product_brand?post=1725"},{"taxonomy":"product_cat","embeddable":true,"href":"https:\/\/azzurea.com\/es\/wp-json\/wp\/v2\/product_cat?post=1725"},{"taxonomy":"product_tag","embeddable":true,"href":"https:\/\/azzurea.com\/es\/wp-json\/wp\/v2\/product_tag?post=1725"}],"curies":[{"name":"wp","href":"https:\/\/api.w.org\/{rel}","templated":true}]}}