{"id":1724,"date":"2023-08-13T20:24:33","date_gmt":"2023-08-13T18:24:33","guid":{"rendered":"http:\/\/azzurea.es\/producto\/pendulum-ear-cuff-%c2%b7-sculptural-earring-%c2%b7-silver-ear-cuff-%c2%b7-24k-gold-vermeil-%c2%b7-edgy-earring-%c2%b7-contemporary-earring-%c2%b7-conch-ear-cuff\/"},"modified":"2026-03-16T17:20:40","modified_gmt":"2026-03-16T16:20:40","slug":"pendulum-ear-cuff-%c2%b7-sculptural-earring-%c2%b7-silver-ear-cuff-%c2%b7-24k-gold-vermeil-%c2%b7-edgy-earring-%c2%b7-contemporary-earring-%c2%b7-conch-ear-cuff","status":"publish","type":"product","link":"https:\/\/azzurea.com\/es\/products\/pendulum-ear-cuff-%c2%b7-sculptural-earring-%c2%b7-silver-ear-cuff-%c2%b7-24k-gold-vermeil-%c2%b7-edgy-earring-%c2%b7-contemporary-earring-%c2%b7-conch-ear-cuff\/","title":{"rendered":"PENDULUM EAR CUFF"},"content":{"rendered":"<p>Este ear cuff presenta un aro de forma org\u00e1nica combinado con una elegante barra curva que se desliza delicadamente detr\u00e1s de la oreja con un movimiento fluido. Su dise\u00f1o \u00fanico a\u00f1ade un toque juguet\u00f3n pero sofisticado, asegurando un detalle moderno y elegante para tu look. Perfecto para quienes valoran los accesorios innovadores, esta pieza elevar\u00e1 tu estilo de manera natural, fusionando lo moderno con lo atemporal gracias a su delicada est\u00e9tica.<\/p>\n<p><strong>DETALLES:<\/strong><\/p>\n<ul>\n<li>Se vende por unidad<\/li>\n<li>Material: disponible en Plata de Ley 925 y en <a href=\"https:\/\/azzurea.com\/gold-vermeil-24k\/\">Oro Vermeil 24K\u00a0 <img loading=\"lazy\" decoding=\"async\" class=\"alignnone wp-image-4335\" src=\"https:\/\/azzurea.com\/wp-content\/uploads\/product_images\/prueba2\/boton-de-informacion-5.png\" alt=\"\" width=\"17\" height=\"17\" srcset=\"https:\/\/azzurea.com\/wp-content\/uploads\/product_images\/prueba2\/boton-de-informacion-5.png 190w, https:\/\/azzurea.com\/wp-content\/uploads\/product_images\/prueba2\/boton-de-informacion-5-150x150.png 150w\" sizes=\"auto, (max-width: 17px) 100vw, 17px\" \/><\/a><\/li>\n<li>Acabado pulido espejo<\/li>\n<li>Longitud interior (sin contar el grosor del pendiente): 14 mm<\/li>\n<li>Grosor: 2 mm<\/li>\n<\/ul>\n<p><strong>ESTILO:<\/strong><\/p>\n<p>Puedes elegir entre dos opciones de dise\u00f1o:\u00a0<strong>A<\/strong>\u00a0o\u00a0<strong>B<\/strong>. Ambas se pueden usar en ambas orejas, pero cada opci\u00f3n tendr\u00e1 un aspecto diferente en la oreja derecha y en la izquierda. Tambi\u00e9n puedes combinarlas si lo deseas. Elige la opci\u00f3n que mejor se adapte a tu estilo y disfruta de un look \u00fanico.<\/p>\n<p><img loading=\"lazy\" decoding=\"async\" class=\"alignnone wp-image-4603 size-full\" src=\"https:\/\/azzurea.com\/wp-content\/uploads\/product_images\/prueba2\/Opciones-WEB-2-scaled.jpg\" alt=\"\" width=\"2560\" height=\"1105\" srcset=\"https:\/\/azzurea.com\/wp-content\/uploads\/product_images\/prueba2\/Opciones-WEB-2-scaled.jpg 2560w, https:\/\/azzurea.com\/wp-content\/uploads\/product_images\/prueba2\/Opciones-WEB-2-300x129.jpg 300w, https:\/\/azzurea.com\/wp-content\/uploads\/product_images\/prueba2\/Opciones-WEB-2-1024x442.jpg 1024w, https:\/\/azzurea.com\/wp-content\/uploads\/product_images\/prueba2\/Opciones-WEB-2-768x331.jpg 768w, https:\/\/azzurea.com\/wp-content\/uploads\/product_images\/prueba2\/Opciones-WEB-2-1536x663.jpg 1536w, https:\/\/azzurea.com\/wp-content\/uploads\/product_images\/prueba2\/Opciones-WEB-2-2048x884.jpg 2048w, https:\/\/azzurea.com\/wp-content\/uploads\/product_images\/prueba2\/Opciones-WEB-2-550x237.jpg 550w\" sizes=\"auto, (max-width: 2560px) 100vw, 2560px\" \/><\/p>\n","protected":false},"excerpt":{"rendered":"<p>Este ear cuff presenta un aro de forma org\u00e1nica combinado con una elegante barra curva que se desliza delicadamente detr\u00e1s de la oreja con un movimiento fluido. Su dise\u00f1o \u00fanico a\u00f1ade un toque juguet\u00f3n pero sofisticado, asegurando un detalle moderno y elegante para tu look. Perfecto para quienes valoran los accesorios innovadores, esta pieza elevar\u00e1 [&hellip;]<\/p>\n","protected":false},"featured_media":2965,"comment_status":"open","ping_status":"closed","template":"","meta":[],"product_brand":[],"product_cat":[205,597],"product_tag":[409,411,413,49,412,38,93,410,414,408,198,221,415],"class_list":{"0":"post-1724","1":"product","2":"type-product","3":"status-publish","4":"has-post-thumbnail","6":"product_cat-ear-cuffs","7":"product_cat-regalos","8":"product_tag-24k_gold_vermeil","9":"product_tag-charm","10":"product_tag-conch","11":"product_tag-contemporary","12":"product_tag-distinct","13":"product_tag-ear_cuff","14":"product_tag-earring","15":"product_tag-fashion","16":"product_tag-front_and_back","17":"product_tag-hoop","18":"product_tag-no_piercing","19":"product_tag-sculptural","20":"product_tag-solid_bar","22":"first","23":"instock","24":"purchasable","25":"product-type-variable"},"yoast_head":"<!-- This site is optimized with the Yoast SEO plugin v27.4 - https:\/\/yoast.com\/product\/yoast-seo-wordpress\/ -->\n<title>PENDULUM EAR CUFF - AZZUREA<\/title>\n<meta name=\"robots\" content=\"index, follow, max-snippet:-1, max-image-preview:large, max-video-preview:-1\" \/>\n<link rel=\"canonical\" href=\"https:\/\/azzurea.com\/es\/products\/pendulum-ear-cuff-\u00b7-sculptural-earring-\u00b7-silver-ear-cuff-\u00b7-24k-gold-vermeil-\u00b7-edgy-earring-\u00b7-contemporary-earring-\u00b7-conch-ear-cuff\/\" \/>\n<meta property=\"og:locale\" content=\"es_ES\" \/>\n<meta property=\"og:type\" content=\"article\" \/>\n<meta property=\"og:title\" content=\"PENDULUM EAR CUFF - AZZUREA\" \/>\n<meta property=\"og:description\" content=\"Este ear cuff presenta un aro de forma org\u00e1nica combinado con una elegante barra curva que se desliza delicadamente detr\u00e1s de la oreja con un movimiento fluido. Su dise\u00f1o \u00fanico a\u00f1ade un toque juguet\u00f3n pero sofisticado, asegurando un detalle moderno y elegante para tu look. Perfecto para quienes valoran los accesorios innovadores, esta pieza elevar\u00e1 [&hellip;]\" \/>\n<meta property=\"og:url\" content=\"https:\/\/azzurea.com\/es\/products\/pendulum-ear-cuff-\u00b7-sculptural-earring-\u00b7-silver-ear-cuff-\u00b7-24k-gold-vermeil-\u00b7-edgy-earring-\u00b7-contemporary-earring-\u00b7-conch-ear-cuff\/\" \/>\n<meta property=\"og:site_name\" content=\"AZZUREA\" \/>\n<meta property=\"article:publisher\" content=\"https:\/\/www.facebook.com\/azzurea.joyas\" \/>\n<meta property=\"article:modified_time\" content=\"2026-03-16T16:20:40+00:00\" \/>\n<meta property=\"og:image\" content=\"https:\/\/azzurea.com\/wp-content\/uploads\/product_images\/pendulum_ear_cuff\/1-scaled.jpg\" \/>\n\t<meta property=\"og:image:width\" content=\"1707\" \/>\n\t<meta property=\"og:image:height\" content=\"2560\" \/>\n\t<meta property=\"og:image:type\" content=\"image\/jpeg\" \/>\n<meta name=\"twitter:card\" content=\"summary_large_image\" \/>\n<meta name=\"twitter:label1\" content=\"Tiempo de lectura\" \/>\n\t<meta name=\"twitter:data1\" content=\"2 minutos\" \/>\n<script type=\"application\/ld+json\" class=\"yoast-schema-graph\">{\"@context\":\"https:\\\/\\\/schema.org\",\"@graph\":[{\"@type\":\"WebPage\",\"@id\":\"https:\\\/\\\/azzurea.com\\\/es\\\/products\\\/pendulum-ear-cuff-%c2%b7-sculptural-earring-%c2%b7-silver-ear-cuff-%c2%b7-24k-gold-vermeil-%c2%b7-edgy-earring-%c2%b7-contemporary-earring-%c2%b7-conch-ear-cuff\\\/\",\"url\":\"https:\\\/\\\/azzurea.com\\\/es\\\/products\\\/pendulum-ear-cuff-%c2%b7-sculptural-earring-%c2%b7-silver-ear-cuff-%c2%b7-24k-gold-vermeil-%c2%b7-edgy-earring-%c2%b7-contemporary-earring-%c2%b7-conch-ear-cuff\\\/\",\"name\":\"PENDULUM EAR CUFF - AZZUREA\",\"isPartOf\":{\"@id\":\"https:\\\/\\\/azzurea.com\\\/en\\\/#website\"},\"primaryImageOfPage\":{\"@id\":\"https:\\\/\\\/azzurea.com\\\/es\\\/products\\\/pendulum-ear-cuff-%c2%b7-sculptural-earring-%c2%b7-silver-ear-cuff-%c2%b7-24k-gold-vermeil-%c2%b7-edgy-earring-%c2%b7-contemporary-earring-%c2%b7-conch-ear-cuff\\\/#primaryimage\"},\"image\":{\"@id\":\"https:\\\/\\\/azzurea.com\\\/es\\\/products\\\/pendulum-ear-cuff-%c2%b7-sculptural-earring-%c2%b7-silver-ear-cuff-%c2%b7-24k-gold-vermeil-%c2%b7-edgy-earring-%c2%b7-contemporary-earring-%c2%b7-conch-ear-cuff\\\/#primaryimage\"},\"thumbnailUrl\":\"https:\\\/\\\/azzurea.com\\\/wp-content\\\/uploads\\\/product_images\\\/pendulum_ear_cuff\\\/1-scaled.jpg\",\"datePublished\":\"2023-08-13T18:24:33+00:00\",\"dateModified\":\"2026-03-16T16:20:40+00:00\",\"breadcrumb\":{\"@id\":\"https:\\\/\\\/azzurea.com\\\/es\\\/products\\\/pendulum-ear-cuff-%c2%b7-sculptural-earring-%c2%b7-silver-ear-cuff-%c2%b7-24k-gold-vermeil-%c2%b7-edgy-earring-%c2%b7-contemporary-earring-%c2%b7-conch-ear-cuff\\\/#breadcrumb\"},\"inLanguage\":\"es\",\"potentialAction\":[{\"@type\":\"ReadAction\",\"target\":[\"https:\\\/\\\/azzurea.com\\\/es\\\/products\\\/pendulum-ear-cuff-%c2%b7-sculptural-earring-%c2%b7-silver-ear-cuff-%c2%b7-24k-gold-vermeil-%c2%b7-edgy-earring-%c2%b7-contemporary-earring-%c2%b7-conch-ear-cuff\\\/\"]}]},{\"@type\":\"ImageObject\",\"inLanguage\":\"es\",\"@id\":\"https:\\\/\\\/azzurea.com\\\/es\\\/products\\\/pendulum-ear-cuff-%c2%b7-sculptural-earring-%c2%b7-silver-ear-cuff-%c2%b7-24k-gold-vermeil-%c2%b7-edgy-earring-%c2%b7-contemporary-earring-%c2%b7-conch-ear-cuff\\\/#primaryimage\",\"url\":\"https:\\\/\\\/azzurea.com\\\/wp-content\\\/uploads\\\/product_images\\\/pendulum_ear_cuff\\\/1-scaled.jpg\",\"contentUrl\":\"https:\\\/\\\/azzurea.com\\\/wp-content\\\/uploads\\\/product_images\\\/pendulum_ear_cuff\\\/1-scaled.jpg\",\"width\":1707,\"height\":2560},{\"@type\":\"BreadcrumbList\",\"@id\":\"https:\\\/\\\/azzurea.com\\\/es\\\/products\\\/pendulum-ear-cuff-%c2%b7-sculptural-earring-%c2%b7-silver-ear-cuff-%c2%b7-24k-gold-vermeil-%c2%b7-edgy-earring-%c2%b7-contemporary-earring-%c2%b7-conch-ear-cuff\\\/#breadcrumb\",\"itemListElement\":[{\"@type\":\"ListItem\",\"position\":1,\"name\":\"Portada\",\"item\":\"https:\\\/\\\/azzurea.com\\\/es\\\/\"},{\"@type\":\"ListItem\",\"position\":2,\"name\":\"PRODUCTS\",\"item\":\"https:\\\/\\\/azzurea.com\\\/es\\\/products\\\/\"},{\"@type\":\"ListItem\",\"position\":3,\"name\":\"PENDULUM EAR CUFF\"}]},{\"@type\":\"WebSite\",\"@id\":\"https:\\\/\\\/azzurea.com\\\/en\\\/#website\",\"url\":\"https:\\\/\\\/azzurea.com\\\/en\\\/\",\"name\":\"AZZUREA\",\"description\":\"Minimalist sculptural jewelry. Made in Spain.\",\"publisher\":{\"@id\":\"https:\\\/\\\/azzurea.com\\\/en\\\/#organization\"},\"alternateName\":\"azzurea.com\",\"potentialAction\":[{\"@type\":\"SearchAction\",\"target\":{\"@type\":\"EntryPoint\",\"urlTemplate\":\"https:\\\/\\\/azzurea.com\\\/en\\\/?s={search_term_string}\"},\"query-input\":{\"@type\":\"PropertyValueSpecification\",\"valueRequired\":true,\"valueName\":\"search_term_string\"}}],\"inLanguage\":\"es\"},{\"@type\":\"Organization\",\"@id\":\"https:\\\/\\\/azzurea.com\\\/en\\\/#organization\",\"name\":\"AZZUREA\",\"alternateName\":\"AZZUREA\",\"url\":\"https:\\\/\\\/azzurea.com\\\/en\\\/\",\"logo\":{\"@type\":\"ImageObject\",\"inLanguage\":\"es\",\"@id\":\"https:\\\/\\\/azzurea.com\\\/en\\\/#\\\/schema\\\/logo\\\/image\\\/\",\"url\":\"https:\\\/\\\/azzurea.com\\\/wp-content\\\/uploads\\\/product_images\\\/prueba2\\\/azzurea-gris.png\",\"contentUrl\":\"https:\\\/\\\/azzurea.com\\\/wp-content\\\/uploads\\\/product_images\\\/prueba2\\\/azzurea-gris.png\",\"width\":1146,\"height\":154,\"caption\":\"AZZUREA\"},\"image\":{\"@id\":\"https:\\\/\\\/azzurea.com\\\/en\\\/#\\\/schema\\\/logo\\\/image\\\/\"},\"sameAs\":[\"https:\\\/\\\/www.facebook.com\\\/azzurea.joyas\",\"https:\\\/\\\/www.instagram.com\\\/azzurea.joyas\\\/\",\"https:\\\/\\\/www.tiktok.com\\\/@azzurea.joyas\"]}]}<\/script>\n<!-- \/ Yoast SEO plugin. -->","yoast_head_json":{"title":"PENDULUM EAR CUFF - AZZUREA","robots":{"index":"index","follow":"follow","max-snippet":"max-snippet:-1","max-image-preview":"max-image-preview:large","max-video-preview":"max-video-preview:-1"},"canonical":"https:\/\/azzurea.com\/es\/products\/pendulum-ear-cuff-\u00b7-sculptural-earring-\u00b7-silver-ear-cuff-\u00b7-24k-gold-vermeil-\u00b7-edgy-earring-\u00b7-contemporary-earring-\u00b7-conch-ear-cuff\/","og_locale":"es_ES","og_type":"article","og_title":"PENDULUM EAR CUFF - AZZUREA","og_description":"Este ear cuff presenta un aro de forma org\u00e1nica combinado con una elegante barra curva que se desliza delicadamente detr\u00e1s de la oreja con un movimiento fluido. Su dise\u00f1o \u00fanico a\u00f1ade un toque juguet\u00f3n pero sofisticado, asegurando un detalle moderno y elegante para tu look. Perfecto para quienes valoran los accesorios innovadores, esta pieza elevar\u00e1 [&hellip;]","og_url":"https:\/\/azzurea.com\/es\/products\/pendulum-ear-cuff-\u00b7-sculptural-earring-\u00b7-silver-ear-cuff-\u00b7-24k-gold-vermeil-\u00b7-edgy-earring-\u00b7-contemporary-earring-\u00b7-conch-ear-cuff\/","og_site_name":"AZZUREA","article_publisher":"https:\/\/www.facebook.com\/azzurea.joyas","article_modified_time":"2026-03-16T16:20:40+00:00","og_image":[{"width":1707,"height":2560,"url":"https:\/\/azzurea.com\/wp-content\/uploads\/product_images\/pendulum_ear_cuff\/1-scaled.jpg","type":"image\/jpeg"}],"twitter_card":"summary_large_image","twitter_misc":{"Tiempo de lectura":"2 minutos"},"schema":{"@context":"https:\/\/schema.org","@graph":[{"@type":"WebPage","@id":"https:\/\/azzurea.com\/es\/products\/pendulum-ear-cuff-%c2%b7-sculptural-earring-%c2%b7-silver-ear-cuff-%c2%b7-24k-gold-vermeil-%c2%b7-edgy-earring-%c2%b7-contemporary-earring-%c2%b7-conch-ear-cuff\/","url":"https:\/\/azzurea.com\/es\/products\/pendulum-ear-cuff-%c2%b7-sculptural-earring-%c2%b7-silver-ear-cuff-%c2%b7-24k-gold-vermeil-%c2%b7-edgy-earring-%c2%b7-contemporary-earring-%c2%b7-conch-ear-cuff\/","name":"PENDULUM EAR CUFF - AZZUREA","isPartOf":{"@id":"https:\/\/azzurea.com\/en\/#website"},"primaryImageOfPage":{"@id":"https:\/\/azzurea.com\/es\/products\/pendulum-ear-cuff-%c2%b7-sculptural-earring-%c2%b7-silver-ear-cuff-%c2%b7-24k-gold-vermeil-%c2%b7-edgy-earring-%c2%b7-contemporary-earring-%c2%b7-conch-ear-cuff\/#primaryimage"},"image":{"@id":"https:\/\/azzurea.com\/es\/products\/pendulum-ear-cuff-%c2%b7-sculptural-earring-%c2%b7-silver-ear-cuff-%c2%b7-24k-gold-vermeil-%c2%b7-edgy-earring-%c2%b7-contemporary-earring-%c2%b7-conch-ear-cuff\/#primaryimage"},"thumbnailUrl":"https:\/\/azzurea.com\/wp-content\/uploads\/product_images\/pendulum_ear_cuff\/1-scaled.jpg","datePublished":"2023-08-13T18:24:33+00:00","dateModified":"2026-03-16T16:20:40+00:00","breadcrumb":{"@id":"https:\/\/azzurea.com\/es\/products\/pendulum-ear-cuff-%c2%b7-sculptural-earring-%c2%b7-silver-ear-cuff-%c2%b7-24k-gold-vermeil-%c2%b7-edgy-earring-%c2%b7-contemporary-earring-%c2%b7-conch-ear-cuff\/#breadcrumb"},"inLanguage":"es","potentialAction":[{"@type":"ReadAction","target":["https:\/\/azzurea.com\/es\/products\/pendulum-ear-cuff-%c2%b7-sculptural-earring-%c2%b7-silver-ear-cuff-%c2%b7-24k-gold-vermeil-%c2%b7-edgy-earring-%c2%b7-contemporary-earring-%c2%b7-conch-ear-cuff\/"]}]},{"@type":"ImageObject","inLanguage":"es","@id":"https:\/\/azzurea.com\/es\/products\/pendulum-ear-cuff-%c2%b7-sculptural-earring-%c2%b7-silver-ear-cuff-%c2%b7-24k-gold-vermeil-%c2%b7-edgy-earring-%c2%b7-contemporary-earring-%c2%b7-conch-ear-cuff\/#primaryimage","url":"https:\/\/azzurea.com\/wp-content\/uploads\/product_images\/pendulum_ear_cuff\/1-scaled.jpg","contentUrl":"https:\/\/azzurea.com\/wp-content\/uploads\/product_images\/pendulum_ear_cuff\/1-scaled.jpg","width":1707,"height":2560},{"@type":"BreadcrumbList","@id":"https:\/\/azzurea.com\/es\/products\/pendulum-ear-cuff-%c2%b7-sculptural-earring-%c2%b7-silver-ear-cuff-%c2%b7-24k-gold-vermeil-%c2%b7-edgy-earring-%c2%b7-contemporary-earring-%c2%b7-conch-ear-cuff\/#breadcrumb","itemListElement":[{"@type":"ListItem","position":1,"name":"Portada","item":"https:\/\/azzurea.com\/es\/"},{"@type":"ListItem","position":2,"name":"PRODUCTS","item":"https:\/\/azzurea.com\/es\/products\/"},{"@type":"ListItem","position":3,"name":"PENDULUM EAR CUFF"}]},{"@type":"WebSite","@id":"https:\/\/azzurea.com\/en\/#website","url":"https:\/\/azzurea.com\/en\/","name":"AZZUREA","description":"Minimalist sculptural jewelry. Made in Spain.","publisher":{"@id":"https:\/\/azzurea.com\/en\/#organization"},"alternateName":"azzurea.com","potentialAction":[{"@type":"SearchAction","target":{"@type":"EntryPoint","urlTemplate":"https:\/\/azzurea.com\/en\/?s={search_term_string}"},"query-input":{"@type":"PropertyValueSpecification","valueRequired":true,"valueName":"search_term_string"}}],"inLanguage":"es"},{"@type":"Organization","@id":"https:\/\/azzurea.com\/en\/#organization","name":"AZZUREA","alternateName":"AZZUREA","url":"https:\/\/azzurea.com\/en\/","logo":{"@type":"ImageObject","inLanguage":"es","@id":"https:\/\/azzurea.com\/en\/#\/schema\/logo\/image\/","url":"https:\/\/azzurea.com\/wp-content\/uploads\/product_images\/prueba2\/azzurea-gris.png","contentUrl":"https:\/\/azzurea.com\/wp-content\/uploads\/product_images\/prueba2\/azzurea-gris.png","width":1146,"height":154,"caption":"AZZUREA"},"image":{"@id":"https:\/\/azzurea.com\/en\/#\/schema\/logo\/image\/"},"sameAs":["https:\/\/www.facebook.com\/azzurea.joyas","https:\/\/www.instagram.com\/azzurea.joyas\/","https:\/\/www.tiktok.com\/@azzurea.joyas"]}]}},"jetpack_sharing_enabled":true,"_links":{"self":[{"href":"https:\/\/azzurea.com\/es\/wp-json\/wp\/v2\/product\/1724","targetHints":{"allow":["GET"]}}],"collection":[{"href":"https:\/\/azzurea.com\/es\/wp-json\/wp\/v2\/product"}],"about":[{"href":"https:\/\/azzurea.com\/es\/wp-json\/wp\/v2\/types\/product"}],"replies":[{"embeddable":true,"href":"https:\/\/azzurea.com\/es\/wp-json\/wp\/v2\/comments?post=1724"}],"wp:featuredmedia":[{"embeddable":true,"href":"https:\/\/azzurea.com\/es\/wp-json\/wp\/v2\/media\/2965"}],"wp:attachment":[{"href":"https:\/\/azzurea.com\/es\/wp-json\/wp\/v2\/media?parent=1724"}],"wp:term":[{"taxonomy":"product_brand","embeddable":true,"href":"https:\/\/azzurea.com\/es\/wp-json\/wp\/v2\/product_brand?post=1724"},{"taxonomy":"product_cat","embeddable":true,"href":"https:\/\/azzurea.com\/es\/wp-json\/wp\/v2\/product_cat?post=1724"},{"taxonomy":"product_tag","embeddable":true,"href":"https:\/\/azzurea.com\/es\/wp-json\/wp\/v2\/product_tag?post=1724"}],"curies":[{"name":"wp","href":"https:\/\/api.w.org\/{rel}","templated":true}]}}