{"id":72,"date":"2022-04-11T12:53:40","date_gmt":"2022-04-11T10:53:40","guid":{"rendered":"https:\/\/demo.creativethemes.com\/blocksy\/home-decor\/?page_id=72"},"modified":"2024-11-30T21:42:09","modified_gmt":"2024-11-30T20:42:09","slug":"shipping-returns","status":"publish","type":"page","link":"https:\/\/azzurea.com\/es\/shipping-returns\/","title":{"rendered":"SHIPPING AND RETURNS"},"content":{"rendered":"\n<div class=\"wp-block-stackable-spacer stk-block-spacer stk--no-padding stk-block stk-1f036c0\" data-block-id=\"1f036c0\"><style>.stk-1f036c0 {height:70px !important;}<\/style><\/div>\n\n\n\n<div class=\"wp-block-stackable-columns stk-block-columns stk-block stk-70a89cc\" data-block-id=\"70a89cc\"><style>.stk-70a89cc {max-width:900px !important;min-width:auto !important;margin-top:0px !important;margin-right:auto !important;margin-bottom:0px !important;margin-left:auto !important;}<\/style><div class=\"stk-row stk-inner-blocks stk-block-content stk-content-align stk-70a89cc-column\">\n<div class=\"wp-block-stackable-column stk-block-column stk-column stk-block stk-50f6b64\" data-v=\"4\" data-block-id=\"50f6b64\"><div class=\"stk-column-wrapper stk-block-column__content stk-container stk-50f6b64-container stk--no-background stk--no-padding\"><div class=\"stk-block-content stk-inner-blocks stk-50f6b64-inner-blocks\">\n<div class=\"wp-block-stackable-heading stk-block-heading stk-block-heading--v2 stk-block stk-4439871\" id=\"envio\" data-block-id=\"4439871\"><style>.stk-4439871 {margin-bottom:30px !important;}<\/style><h4 class=\"stk-block-heading__text\">Env\u00edo<\/h4><\/div>\n\n\n\n<div class=\"wp-block-stackable-subtitle stk-block-subtitle stk-block stk-ce98283\" id=\"envio\" data-block-id=\"ce98283\"><style>.stk-ce98283 {margin-bottom:20px !important;}<\/style><p class=\"stk-block-subtitle__text stk-subtitle\">INFORMACI\u00d3N IMPORTANTE<\/p><\/div>\n\n\n\n<p id=\"envio\">Todos mis productos son <strong>hechos bajo pedido<\/strong>, lo que significa que los creo especialmente para ti. El tiempo de fabricaci\u00f3n es de <strong>7 d\u00edas laborables<\/strong>, y a este tiempo debes sumar el <strong>tiempo de env\u00edo<\/strong>, que variar\u00e1 seg\u00fan tu ubicaci\u00f3n.<\/p>\n\n\n\n<div class=\"wp-block-stackable-spacer stk-block-spacer stk--no-padding stk-block stk-17f2be0\" id=\"envio\" data-block-id=\"17f2be0\"><style>.stk-17f2be0 {height:20px !important;}<\/style><\/div>\n\n\n\n<div class=\"wp-block-stackable-subtitle stk-block-subtitle stk-block stk-f4b0f3d\" id=\"envio\" data-block-id=\"f4b0f3d\"><style>.stk-f4b0f3d {margin-bottom:20px !important;}<\/style><p class=\"stk-block-subtitle__text stk-subtitle\">ZONAS DE ENV\u00cdO<\/p><\/div>\n\n\n\n<p id=\"envio\">Hago env\u00edos a <strong>todo el mundo<\/strong>. No importa d\u00f3nde te encuentres, har\u00e9 lo posible para que tu pedido llegue hasta tu puerta.<\/p>\n\n\n\n<div class=\"wp-block-stackable-spacer stk-block-spacer stk--no-padding stk-block stk-c84df3c\" data-block-id=\"c84df3c\"><style>.stk-c84df3c {height:20px !important;}<\/style><\/div>\n\n\n\n<div class=\"wp-block-stackable-subtitle stk-block-subtitle stk-block stk-5c61e1d\" data-block-id=\"5c61e1d\"><style>.stk-5c61e1d {margin-bottom:20px !important;}<\/style><p class=\"stk-block-subtitle__text stk-subtitle\">COSTOS DE ENV\u00cdO<\/p><\/div>\n\n\n\n<p>\u00a1El env\u00edo es gratuito para todos los pedidos!<\/p>\n\n\n\n<div class=\"wp-block-stackable-spacer stk-block-spacer stk--no-padding stk-block stk-133cba9\" data-block-id=\"133cba9\"><style>.stk-133cba9 {height:20px !important;}<\/style><\/div>\n\n\n\n<div class=\"wp-block-stackable-subtitle stk-block-subtitle stk-block stk-1a5163e\" data-block-id=\"1a5163e\"><p class=\"stk-block-subtitle__text stk-subtitle\">TIEMPOS DE ENTREGA<\/p><\/div>\n\n\n\n<p>Todos los env\u00edos se realizan desde Montijo (Badajoz, Espa\u00f1a) y los tiempos de env\u00edo para los distintos lugares son los siguientes:<\/p>\n\n\n\n<ul class=\"wp-block-list\">\n<li>Espa\u00f1a (Pen\u00ednsula e Islas Baleares): 24 &#8211; 48 horas<\/li>\n\n\n\n<li>Espa\u00f1a (Islas Canarias, Ceuta y Melilla): 8 &#8211; 10 d\u00edas laborables<\/li>\n\n\n\n<li>Europa: 1 &#8211; 4 d\u00edas laborables<\/li>\n\n\n\n<li>Reino Unido: 2 &#8211; 5 d\u00edas laborables<\/li>\n\n\n\n<li>Estados Unidos y Canad\u00e1: 2 &#8211; 6 d\u00edas laborables<\/li>\n\n\n\n<li>Resto de pa\u00edses: 4 &#8211; 12 d\u00edas laborables<\/li>\n<\/ul>\n\n\n\n<p>Los tiempos de entrega pueden variar debido a d\u00edas festivos o circunstancias imprevistas.<\/p>\n\n\n\n<div class=\"wp-block-stackable-spacer stk-block-spacer stk--no-padding stk-block stk-125f4da\" data-block-id=\"125f4da\"><style>.stk-125f4da {height:20px !important;}<\/style><\/div>\n\n\n\n<div class=\"wp-block-stackable-subtitle stk-block-subtitle stk-block stk-72c2744\" data-block-id=\"72c2744\"><p class=\"stk-block-subtitle__text stk-subtitle\">COMPA\u00d1\u00cdAS DE TRANSPORTE<\/p><\/div>\n\n\n\n<p>Trabajo con compa\u00f1\u00edas como <strong>Correos<\/strong>, <strong>DHL<\/strong> y <strong>FedEX<\/strong> para asegurar que tu pedido llegue en perfecto estado. Dependiendo del destino, los pedidos ser\u00e1n enviados con una compa\u00f1\u00eda u otra.<\/p>\n\n\n\n<div class=\"wp-block-stackable-spacer stk-block-spacer stk--no-padding stk-block stk-008c18e\" data-block-id=\"008c18e\"><style>.stk-008c18e {height:20px !important;}<\/style><\/div>\n\n\n\n<div class=\"wp-block-stackable-subtitle stk-block-subtitle stk-block stk-ef1a0e2\" data-block-id=\"ef1a0e2\"><p class=\"stk-block-subtitle__text stk-subtitle\">SEGUIMIENTO DE PEDIDOS<\/p><\/div>\n\n\n\n<p>Una vez que haya enviado tu pedido, recibir\u00e1s un correo electr\u00f3nico con un n\u00famero de seguimiento y un enlace para rastrearlo en tiempo real.<\/p>\n<\/div><\/div><\/div>\n<\/div><\/div>\n\n\n\n<div class=\"wp-block-stackable-spacer stk-block-spacer stk--no-padding stk-block stk-32a082b\" data-block-id=\"32a082b\"><style>.stk-32a082b {height:50px !important;}<\/style><\/div>\n\n\n\n<div class=\"wp-block-stackable-columns stk-block-columns stk-block stk-cd6ab77\" data-block-id=\"cd6ab77\"><style>.stk-cd6ab77 {max-width:900px !important;min-width:auto !important;margin-top:0px !important;margin-right:auto !important;margin-bottom:0px !important;margin-left:auto !important;}<\/style><div class=\"stk-row stk-inner-blocks stk-block-content stk-content-align stk-cd6ab77-column\">\n<div class=\"wp-block-stackable-column stk-block-column stk-column stk-block stk-4e6698e\" data-v=\"4\" data-block-id=\"4e6698e\"><div class=\"stk-column-wrapper stk-block-column__content stk-container stk-4e6698e-container stk--no-background stk--no-padding\"><div class=\"stk-block-content stk-inner-blocks stk-4e6698e-inner-blocks\">\n<div class=\"wp-block-stackable-heading stk-block-heading stk-block-heading--v2 stk-block stk-82a620e\" id=\"devoluciones-y-cambios\" data-block-id=\"82a620e\"><style>.stk-82a620e {margin-bottom:30px !important;}<\/style><h4 class=\"stk-block-heading__text\">Devoluciones y cambios<\/h4><\/div>\n\n\n\n<div class=\"wp-block-stackable-subtitle stk-block-subtitle stk-block stk-44646ae\" id=\"devoluciones-y-cambios\" data-block-id=\"44646ae\"><p class=\"stk-block-subtitle__text stk-subtitle\">CONDICIONES <\/p><\/div>\n\n\n\n<p id=\"devoluciones-y-cambios\">Acepto devoluciones dentro de un plazo de 14 d\u00edas laborables desde que recibas tu pedido, siempre y cuando el producto est\u00e9 en su estado original, sin usar y en su embalaje y estuche original.<br><strong>No acepto devoluciones ni cambios de piezas personalizadas,<\/strong> ya que \u00e9stas son \u00fanicas y creadas especialmente para ti.<\/p>\n\n\n\n<div class=\"wp-block-stackable-spacer stk-block-spacer stk--no-padding stk-block stk-92adb5b\" id=\"devoluciones-y-cambios\" data-block-id=\"92adb5b\"><style>.stk-92adb5b {height:20px !important;}<\/style><\/div>\n\n\n\n<div class=\"wp-block-stackable-subtitle stk-block-subtitle stk-block stk-1fbf7e6\" id=\"devoluciones-y-cambios\" data-block-id=\"1fbf7e6\"><p class=\"stk-block-subtitle__text stk-subtitle\">PROCESO DE DEVOLUCI\u00d3N<\/p><\/div>\n\n\n\n<p id=\"devoluciones-y-cambios\">Escr\u00edbeme a <strong>info@azzurea.com<\/strong> para iniciar el proceso de devoluci\u00f3n. Una vez que acepte tu solicitud, te dar\u00e9 las instrucciones necesarias para devolver el producto.<\/p>\n\n\n\n<div class=\"wp-block-stackable-spacer stk-block-spacer stk--no-padding stk-block stk-d617152\" id=\"devoluciones-y-cambios\" data-block-id=\"d617152\"><style>.stk-d617152 {height:20px !important;}<\/style><\/div>\n\n\n\n<div class=\"wp-block-stackable-subtitle stk-block-subtitle stk-block stk-d17b5a6\" id=\"devoluciones-y-cambios\" data-block-id=\"d17b5a6\"><p class=\"stk-block-subtitle__text stk-subtitle\">COSTOS DE DEVOLUCI\u00d3N<\/p><\/div>\n\n\n\n<ul id=\"devoluciones-y-cambios\" class=\"wp-block-list\">\n<li><strong>Espa\u00f1a:<\/strong> Se deducir\u00e1n <strong>5 \u20ac<\/strong> del total del reembolso para cubrir los gastos de devoluci\u00f3n.<\/li>\n\n\n\n<li><strong>Resto de pa\u00edses: <\/strong>El comprador ser\u00e1 el encargado de elegir la compa\u00f1\u00eda de env\u00edo de su preferencia y de cubrir los gastos de env\u00edo de la devoluci\u00f3n.<\/li>\n<\/ul>\n\n\n\n<div class=\"wp-block-stackable-spacer stk-block-spacer stk--no-padding stk-block stk-c5dbd19\" data-block-id=\"c5dbd19\"><style>.stk-c5dbd19 {height:20px !important;}<\/style><\/div>\n\n\n\n<div class=\"wp-block-stackable-subtitle stk-block-subtitle stk-block stk-7180e3f\" data-block-id=\"7180e3f\"><p class=\"stk-block-subtitle__text stk-subtitle\">REEMBOLSO<\/p><\/div>\n\n\n\n<p>En cuanto reciba e inspeccione el producto devuelto, te notificar\u00e9 si el reembolso ha sido aprobado. Si todo est\u00e1 en orden, har\u00e9 el reembolso a trav\u00e9s del m\u00e9todo de pago original.<\/p>\n\n\n\n<p>Te recomiendo guardar el comprobante del env\u00edo de tu devoluci\u00f3n hasta que el proceso est\u00e9 completo.<\/p>\n\n\n\n<div class=\"wp-block-stackable-spacer stk-block-spacer stk--no-padding stk-block stk-316c348\" data-block-id=\"316c348\"><style>.stk-316c348 {height:20px !important;}<\/style><\/div>\n\n\n\n<div class=\"wp-block-stackable-subtitle stk-block-subtitle stk-block stk-668d4c8\" data-block-id=\"668d4c8\"><p class=\"stk-block-subtitle__text stk-subtitle\">CAMBIOS<\/p><\/div>\n\n\n\n<p>Si prefieres cambiar el producto por otro art\u00edculo o talla, h\u00e1zmelo saber escribi\u00e9ndome a <strong>info@azzurea.com<\/strong>. <strong>Los cambios no aplican a productos personalizados.<\/strong><\/p>\n<\/div><\/div><\/div>\n<\/div><\/div>\n\n\n\n<div class=\"wp-block-stackable-spacer stk-block-spacer stk--no-padding stk-block stk-d350ac0\" data-block-id=\"d350ac0\"><style>.stk-d350ac0 {height:50px !important;}<\/style><\/div>\n\n\n\n<div class=\"wp-block-stackable-columns stk-block-columns stk-block stk-e0d9fc6\" data-block-id=\"e0d9fc6\"><style>.stk-e0d9fc6 {max-width:900px !important;min-width:auto !important;margin-top:0px !important;margin-right:auto !important;margin-bottom:0px !important;margin-left:auto !important;}<\/style><div class=\"stk-row stk-inner-blocks stk-block-content stk-content-align stk-e0d9fc6-column\">\n<div class=\"wp-block-stackable-column stk-block-column stk-column stk-block stk-c9661a1\" data-v=\"4\" data-block-id=\"c9661a1\"><div class=\"stk-column-wrapper stk-block-column__content stk-container stk-c9661a1-container stk--no-background stk--no-padding\"><div class=\"stk-block-content stk-inner-blocks stk-c9661a1-inner-blocks\">\n<div class=\"wp-block-stackable-heading stk-block-heading stk-block-heading--v2 stk-block stk-f07d961\" id=\"contacto\" data-block-id=\"f07d961\"><h4 class=\"stk-block-heading__text\">Contacto<\/h4><\/div>\n\n\n\n<p>Si tienes alguna pregunta sobre env\u00edos, devoluciones o el proceso de fabricaci\u00f3n, no dudes en escribirme. Estoy aqu\u00ed para ayudarte:<\/p>\n\n\n\n<ul class=\"wp-block-list\">\n<li>Correo electr\u00f3nico: info@azzurea.com<\/li>\n\n\n\n<li>Horario de atenci\u00f3n: Lunes a viernes de 09:00 a 19:00 horas.<\/li>\n<\/ul>\n\n\n\n<p><\/p>\n<\/div><\/div><\/div>\n<\/div><\/div>\n\n\n\n<div class=\"wp-block-stackable-spacer stk-block-spacer stk--no-padding stk-block stk-b26708c\" data-block-id=\"b26708c\"><\/div>\n","protected":false},"excerpt":{"rendered":"<p>Env\u00edo INFORMACI\u00d3N IMPORTANTE Todos mis productos son hechos bajo pedido, lo que significa que los creo especialmente para ti. El tiempo de fabricaci\u00f3n es de 7 d\u00edas laborables, y a este tiempo debes sumar el tiempo de env\u00edo, que variar\u00e1 seg\u00fan tu ubicaci\u00f3n. ZONAS DE ENV\u00cdO Hago env\u00edos a todo el mundo. No importa d\u00f3nde [&hellip;]<\/p>\n","protected":false},"author":1,"featured_media":0,"parent":0,"menu_order":0,"comment_status":"closed","ping_status":"closed","template":"","meta":{"footnotes":""},"class_list":["post-72","page","type-page","status-publish","hentry"],"blocksy_meta":[],"yoast_head":"<!-- This site is optimized with the Yoast SEO plugin v27.4 - https:\/\/yoast.com\/product\/yoast-seo-wordpress\/ -->\n<title>SHIPPING AND RETURNS - AZZUREA<\/title>\n<meta name=\"robots\" content=\"index, follow, max-snippet:-1, max-image-preview:large, max-video-preview:-1\" \/>\n<link rel=\"canonical\" href=\"https:\/\/azzurea.com\/es\/shipping-returns\/\" \/>\n<meta property=\"og:locale\" content=\"es_ES\" \/>\n<meta property=\"og:type\" content=\"article\" \/>\n<meta property=\"og:title\" content=\"SHIPPING AND RETURNS - AZZUREA\" \/>\n<meta property=\"og:description\" content=\"Env\u00edo INFORMACI\u00d3N IMPORTANTE Todos mis productos son hechos bajo pedido, lo que significa que los creo especialmente para ti. El tiempo de fabricaci\u00f3n es de 7 d\u00edas laborables, y a este tiempo debes sumar el tiempo de env\u00edo, que variar\u00e1 seg\u00fan tu ubicaci\u00f3n. ZONAS DE ENV\u00cdO Hago env\u00edos a todo el mundo. No importa d\u00f3nde [&hellip;]\" \/>\n<meta property=\"og:url\" content=\"https:\/\/azzurea.com\/es\/shipping-returns\/\" \/>\n<meta property=\"og:site_name\" content=\"AZZUREA\" \/>\n<meta property=\"article:publisher\" content=\"https:\/\/www.facebook.com\/azzurea.joyas\" \/>\n<meta property=\"article:modified_time\" content=\"2024-11-30T20:42:09+00:00\" \/>\n<meta property=\"og:image\" content=\"https:\/\/azzurea.com\/wp-content\/uploads\/logo.webp\" \/>\n\t<meta property=\"og:image:width\" content=\"280\" \/>\n\t<meta property=\"og:image:height\" content=\"280\" \/>\n\t<meta property=\"og:image:type\" content=\"image\/webp\" \/>\n<meta name=\"twitter:card\" content=\"summary_large_image\" \/>\n<meta name=\"twitter:label1\" content=\"Tiempo de lectura\" \/>\n\t<meta name=\"twitter:data1\" content=\"3 minutos\" \/>\n<script type=\"application\/ld+json\" class=\"yoast-schema-graph\">{\"@context\":\"https:\\\/\\\/schema.org\",\"@graph\":[{\"@type\":\"WebPage\",\"@id\":\"https:\\\/\\\/azzurea.com\\\/es\\\/shipping-returns\\\/\",\"url\":\"https:\\\/\\\/azzurea.com\\\/es\\\/shipping-returns\\\/\",\"name\":\"SHIPPING AND RETURNS - AZZUREA\",\"isPartOf\":{\"@id\":\"https:\\\/\\\/azzurea.com\\\/en\\\/#website\"},\"datePublished\":\"2022-04-11T10:53:40+00:00\",\"dateModified\":\"2024-11-30T20:42:09+00:00\",\"breadcrumb\":{\"@id\":\"https:\\\/\\\/azzurea.com\\\/es\\\/shipping-returns\\\/#breadcrumb\"},\"inLanguage\":\"es\",\"potentialAction\":[{\"@type\":\"ReadAction\",\"target\":[\"https:\\\/\\\/azzurea.com\\\/es\\\/shipping-returns\\\/\"]}]},{\"@type\":\"BreadcrumbList\",\"@id\":\"https:\\\/\\\/azzurea.com\\\/es\\\/shipping-returns\\\/#breadcrumb\",\"itemListElement\":[{\"@type\":\"ListItem\",\"position\":1,\"name\":\"Portada\",\"item\":\"https:\\\/\\\/azzurea.com\\\/es\\\/\"},{\"@type\":\"ListItem\",\"position\":2,\"name\":\"SHIPPING AND RETURNS\"}]},{\"@type\":\"WebSite\",\"@id\":\"https:\\\/\\\/azzurea.com\\\/en\\\/#website\",\"url\":\"https:\\\/\\\/azzurea.com\\\/en\\\/\",\"name\":\"AZZUREA\",\"description\":\"Minimalist sculptural jewelry. Made in Spain.\",\"publisher\":{\"@id\":\"https:\\\/\\\/azzurea.com\\\/en\\\/#organization\"},\"alternateName\":\"azzurea.com\",\"potentialAction\":[{\"@type\":\"SearchAction\",\"target\":{\"@type\":\"EntryPoint\",\"urlTemplate\":\"https:\\\/\\\/azzurea.com\\\/en\\\/?s={search_term_string}\"},\"query-input\":{\"@type\":\"PropertyValueSpecification\",\"valueRequired\":true,\"valueName\":\"search_term_string\"}}],\"inLanguage\":\"es\"},{\"@type\":\"Organization\",\"@id\":\"https:\\\/\\\/azzurea.com\\\/en\\\/#organization\",\"name\":\"AZZUREA\",\"alternateName\":\"AZZUREA\",\"url\":\"https:\\\/\\\/azzurea.com\\\/en\\\/\",\"logo\":{\"@type\":\"ImageObject\",\"inLanguage\":\"es\",\"@id\":\"https:\\\/\\\/azzurea.com\\\/en\\\/#\\\/schema\\\/logo\\\/image\\\/\",\"url\":\"https:\\\/\\\/azzurea.com\\\/wp-content\\\/uploads\\\/product_images\\\/prueba2\\\/azzurea-gris.png\",\"contentUrl\":\"https:\\\/\\\/azzurea.com\\\/wp-content\\\/uploads\\\/product_images\\\/prueba2\\\/azzurea-gris.png\",\"width\":1146,\"height\":154,\"caption\":\"AZZUREA\"},\"image\":{\"@id\":\"https:\\\/\\\/azzurea.com\\\/en\\\/#\\\/schema\\\/logo\\\/image\\\/\"},\"sameAs\":[\"https:\\\/\\\/www.facebook.com\\\/azzurea.joyas\",\"https:\\\/\\\/www.instagram.com\\\/azzurea.joyas\\\/\",\"https:\\\/\\\/www.tiktok.com\\\/@azzurea.joyas\"]}]}<\/script>\n<!-- \/ Yoast SEO plugin. -->","yoast_head_json":{"title":"SHIPPING AND RETURNS - AZZUREA","robots":{"index":"index","follow":"follow","max-snippet":"max-snippet:-1","max-image-preview":"max-image-preview:large","max-video-preview":"max-video-preview:-1"},"canonical":"https:\/\/azzurea.com\/es\/shipping-returns\/","og_locale":"es_ES","og_type":"article","og_title":"SHIPPING AND RETURNS - AZZUREA","og_description":"Env\u00edo INFORMACI\u00d3N IMPORTANTE Todos mis productos son hechos bajo pedido, lo que significa que los creo especialmente para ti. El tiempo de fabricaci\u00f3n es de 7 d\u00edas laborables, y a este tiempo debes sumar el tiempo de env\u00edo, que variar\u00e1 seg\u00fan tu ubicaci\u00f3n. ZONAS DE ENV\u00cdO Hago env\u00edos a todo el mundo. No importa d\u00f3nde [&hellip;]","og_url":"https:\/\/azzurea.com\/es\/shipping-returns\/","og_site_name":"AZZUREA","article_publisher":"https:\/\/www.facebook.com\/azzurea.joyas","article_modified_time":"2024-11-30T20:42:09+00:00","og_image":[{"width":280,"height":280,"url":"https:\/\/azzurea.com\/wp-content\/uploads\/logo.webp","type":"image\/webp"}],"twitter_card":"summary_large_image","twitter_misc":{"Tiempo de lectura":"3 minutos"},"schema":{"@context":"https:\/\/schema.org","@graph":[{"@type":"WebPage","@id":"https:\/\/azzurea.com\/es\/shipping-returns\/","url":"https:\/\/azzurea.com\/es\/shipping-returns\/","name":"SHIPPING AND RETURNS - AZZUREA","isPartOf":{"@id":"https:\/\/azzurea.com\/en\/#website"},"datePublished":"2022-04-11T10:53:40+00:00","dateModified":"2024-11-30T20:42:09+00:00","breadcrumb":{"@id":"https:\/\/azzurea.com\/es\/shipping-returns\/#breadcrumb"},"inLanguage":"es","potentialAction":[{"@type":"ReadAction","target":["https:\/\/azzurea.com\/es\/shipping-returns\/"]}]},{"@type":"BreadcrumbList","@id":"https:\/\/azzurea.com\/es\/shipping-returns\/#breadcrumb","itemListElement":[{"@type":"ListItem","position":1,"name":"Portada","item":"https:\/\/azzurea.com\/es\/"},{"@type":"ListItem","position":2,"name":"SHIPPING AND RETURNS"}]},{"@type":"WebSite","@id":"https:\/\/azzurea.com\/en\/#website","url":"https:\/\/azzurea.com\/en\/","name":"AZZUREA","description":"Minimalist sculptural jewelry. Made in Spain.","publisher":{"@id":"https:\/\/azzurea.com\/en\/#organization"},"alternateName":"azzurea.com","potentialAction":[{"@type":"SearchAction","target":{"@type":"EntryPoint","urlTemplate":"https:\/\/azzurea.com\/en\/?s={search_term_string}"},"query-input":{"@type":"PropertyValueSpecification","valueRequired":true,"valueName":"search_term_string"}}],"inLanguage":"es"},{"@type":"Organization","@id":"https:\/\/azzurea.com\/en\/#organization","name":"AZZUREA","alternateName":"AZZUREA","url":"https:\/\/azzurea.com\/en\/","logo":{"@type":"ImageObject","inLanguage":"es","@id":"https:\/\/azzurea.com\/en\/#\/schema\/logo\/image\/","url":"https:\/\/azzurea.com\/wp-content\/uploads\/product_images\/prueba2\/azzurea-gris.png","contentUrl":"https:\/\/azzurea.com\/wp-content\/uploads\/product_images\/prueba2\/azzurea-gris.png","width":1146,"height":154,"caption":"AZZUREA"},"image":{"@id":"https:\/\/azzurea.com\/en\/#\/schema\/logo\/image\/"},"sameAs":["https:\/\/www.facebook.com\/azzurea.joyas","https:\/\/www.instagram.com\/azzurea.joyas\/","https:\/\/www.tiktok.com\/@azzurea.joyas"]}]}},"jetpack_sharing_enabled":true,"_links":{"self":[{"href":"https:\/\/azzurea.com\/es\/wp-json\/wp\/v2\/pages\/72","targetHints":{"allow":["GET"]}}],"collection":[{"href":"https:\/\/azzurea.com\/es\/wp-json\/wp\/v2\/pages"}],"about":[{"href":"https:\/\/azzurea.com\/es\/wp-json\/wp\/v2\/types\/page"}],"author":[{"embeddable":true,"href":"https:\/\/azzurea.com\/es\/wp-json\/wp\/v2\/users\/1"}],"replies":[{"embeddable":true,"href":"https:\/\/azzurea.com\/es\/wp-json\/wp\/v2\/comments?post=72"}],"version-history":[{"count":54,"href":"https:\/\/azzurea.com\/es\/wp-json\/wp\/v2\/pages\/72\/revisions"}],"predecessor-version":[{"id":4033,"href":"https:\/\/azzurea.com\/es\/wp-json\/wp\/v2\/pages\/72\/revisions\/4033"}],"wp:attachment":[{"href":"https:\/\/azzurea.com\/es\/wp-json\/wp\/v2\/media?parent=72"}],"curies":[{"name":"wp","href":"https:\/\/api.w.org\/{rel}","templated":true}]}}