{"id":4991,"date":"2025-06-10T12:19:43","date_gmt":"2025-06-10T10:19:43","guid":{"rendered":"https:\/\/azzurea.com\/?page_id=4991"},"modified":"2025-06-10T14:17:11","modified_gmt":"2025-06-10T12:17:11","slug":"geranium","status":"publish","type":"page","link":"https:\/\/azzurea.com\/es\/geranium\/","title":{"rendered":"GERANIUM"},"content":{"rendered":"\n<div class=\"wp-block-stackable-spacer stk-block-spacer stk--no-padding stk-block stk-12902cc\" data-block-id=\"12902cc\"><style>.stk-12902cc {height:70px !important;}<\/style><\/div>\n\n\n\n<div class=\"wp-block-stackable-subtitle stk-block-subtitle stk-block stk-4adbcbb\" data-block-id=\"4adbcbb\"><p class=\"stk-block-subtitle__text stk-subtitle has-text-align-center\">GERANIUM: RECUERDOS, RA\u00cdCES Y VIAJES<\/p><\/div>\n\n\n\n<div class=\"wp-block-stackable-columns stk-block-columns stk-block stk-ec7198e\" data-block-id=\"ec7198e\"><style>.stk-ec7198e {align-items:center !important;max-width:900px !important;min-width:auto !important;margin-right:auto !important;margin-bottom:0px !important;margin-left:auto !important;display:flex !important;}.stk-ec7198e-column{--stk-columns-spacing:18px !important;}<\/style><div class=\"stk-row stk-inner-blocks stk-block-content stk-content-align stk-ec7198e-column\">\n<div class=\"wp-block-stackable-column stk-block-column stk-column stk-block stk-784b663\" data-v=\"4\" data-block-id=\"784b663\"><style>.stk-784b663 {align-self:center !important;}@media screen and (min-width:690px){.stk-784b663 {flex:var(--stk-flex-grow, 1) 1 calc(60.1% - var(--stk-column-gap, 0px) * 1 \/ 2 ) !important;}}<\/style><div class=\"stk-column-wrapper stk-block-column__content stk-container stk-784b663-container stk--no-background stk--no-padding\"><div class=\"stk-block-content stk-inner-blocks stk-784b663-inner-blocks\">\n<div class=\"wp-block-stackable-text stk-block-text stk-block stk-fee5695\" data-block-id=\"fee5695\"><p class=\"stk-block-text__text has-text-align-justify\">Desde peque\u00f1a, los geranios han formado parte del paisaje de mi vida. Recuerdo perfectamente c\u00f3mo adornaban el patio de mi casa, las ventanas y balcones de mi tierra, Extremadura. Eran ese toque de color intenso y delicado que romp\u00eda la sobriedad de las fachadas blancas, y que siempre parec\u00eda estar ah\u00ed, discreto pero imprescindible.<\/p><\/div>\n\n\n\n<div class=\"wp-block-stackable-text stk-block-text stk-block stk-5b66180\" data-block-id=\"5b66180\"><p class=\"stk-block-text__text has-text-align-justify\">Con el paso de los a\u00f1os, me he dado cuenta de c\u00f3mo esos peque\u00f1os detalles cotidianos, que a veces pasan desapercibidos, acaban convirti\u00e9ndose en refugios emocionales. <\/p><\/div>\n<\/div><\/div><\/div>\n\n\n\n<div class=\"wp-block-stackable-column stk-block-column stk-column stk-block stk-413e210\" data-v=\"4\" data-block-id=\"413e210\"><style>@media screen and (min-width:690px){.stk-413e210 {flex:var(--stk-flex-grow, 1) 1 calc(39.9% - var(--stk-column-gap, 0px) * 1 \/ 2 ) !important;}}<\/style><div class=\"stk-column-wrapper stk-block-column__content stk-container stk-413e210-container stk--no-background stk--no-padding\"><div class=\"stk-block-content stk-inner-blocks stk-413e210-inner-blocks\">\n<figure class=\"wp-block-video\"><video height=\"1080\" style=\"aspect-ratio: 1080 \/ 1080;\" width=\"1080\" autoplay loop muted src=\"https:\/\/azzurea.com\/wp-content\/uploads\/product_images\/prueba2\/copy_0AB826F3-ACA4-48BC-9274-BD832066A6B2.mov\" playsinline><\/video><\/figure>\n<\/div><\/div><\/div>\n<\/div><\/div>\n\n\n\n<div class=\"wp-block-stackable-columns stk-block-columns stk-block stk-36a98e4\" data-block-id=\"36a98e4\"><style>.stk-36a98e4 {max-width:900px !important;min-width:auto !important;margin-right:auto !important;margin-bottom:0px !important;margin-left:auto !important;}.stk-36a98e4-column{--stk-columns-spacing:18px !important;}@media screen and (max-width:689px){.stk-36a98e4 {margin-bottom:0px !important;}.stk-36a98e4-column{--stk-columns-spacing:18px !important;--stk-column-gap:0px !important;row-gap:0px !important;}}<\/style><div class=\"stk-row stk-inner-blocks stk-block-content stk-content-align stk-36a98e4-column\">\n<div class=\"wp-block-stackable-column stk-block-column stk-column stk-block stk-0c26c7f\" data-v=\"4\" data-block-id=\"0c26c7f\"><style>.stk-0c26c7f {align-self:center !important;}@media screen and (min-width:690px){.stk-0c26c7f {flex:var(--stk-flex-grow, 1) 1 calc(60.1% - var(--stk-column-gap, 0px) * 1 \/ 2 ) !important;}}<\/style><div class=\"stk-column-wrapper stk-block-column__content stk-container stk-0c26c7f-container stk--no-background stk--no-padding\"><div class=\"stk-block-content stk-inner-blocks stk-0c26c7f-inner-blocks\">\n<div class=\"wp-block-stackable-text stk-block-text stk-block stk-de4279c\" data-block-id=\"de4279c\"><p class=\"stk-block-text__text has-text-align-justify\">Y quiz\u00e1 por eso, en mi \u00faltimo viaje a Gran Canaria, no pude evitar emocionarme al verlos de nuevo, en cada rinc\u00f3n, en patios escondidos, terrazas y callejuelas empedradas. Como si, de alguna manera, el destino quisiera recordarme de d\u00f3nde vengo y qu\u00e9 cosas realmente me conmueven.<\/p><\/div>\n\n\n\n<div class=\"wp-block-stackable-text stk-block-text stk-block stk-f1f2689\" data-block-id=\"f1f2689\"><p class=\"stk-block-text__text has-text-align-justify\">As\u00ed naci\u00f3 <em><strong>GERANIUM<\/strong><\/em>, una colecci\u00f3n muy especial que habla de ra\u00edces, de viajes, de la belleza de lo sencillo y de c\u00f3mo lo cotidiano puede convertirse en algo extraordinario si sabemos mirarlo con otros ojos. <\/p><\/div>\n<\/div><\/div><\/div>\n\n\n\n<div class=\"wp-block-stackable-column stk-block-column stk-column stk-block stk-4cd26dc\" data-v=\"4\" data-block-id=\"4cd26dc\"><style>@media screen and (min-width:690px){.stk-4cd26dc {flex:var(--stk-flex-grow, 1) 1 calc(39.9% - var(--stk-column-gap, 0px) * 1 \/ 2 ) !important;}}<\/style><div class=\"stk-column-wrapper stk-block-column__content stk-container stk-4cd26dc-container stk--no-background stk--no-padding\"><div class=\"stk-block-content stk-inner-blocks stk-4cd26dc-inner-blocks\">\n<figure class=\"wp-block-video\"><video height=\"1080\" style=\"aspect-ratio: 1080 \/ 1080;\" width=\"1080\" autoplay loop muted src=\"https:\/\/azzurea.com\/wp-content\/uploads\/product_images\/prueba2\/copy_708DB589-06CB-41A5-B8B5-3CD2871159E5.mov\" playsinline><\/video><\/figure>\n<\/div><\/div><\/div>\n<\/div><\/div>\n\n\n\n<div class=\"wp-block-stackable-columns stk-block-columns stk-block stk-542a0c4\" data-block-id=\"542a0c4\"><style>.stk-542a0c4 {align-items:center !important;max-width:900px !important;min-width:auto !important;margin-right:auto !important;margin-bottom:0px !important;margin-left:auto !important;display:flex !important;}.stk-542a0c4-column{--stk-columns-spacing:18px !important;}<\/style><div class=\"stk-row stk-inner-blocks stk-block-content stk-content-align stk-542a0c4-column\">\n<div class=\"wp-block-stackable-column stk-block-column stk-column stk-block stk-514ac48\" data-v=\"4\" data-block-id=\"514ac48\"><style>.stk-514ac48 {align-self:center !important;}@media screen and (min-width:690px){.stk-514ac48 {flex:var(--stk-flex-grow, 1) 1 calc(60.1% - var(--stk-column-gap, 0px) * 1 \/ 2 ) !important;}}<\/style><div class=\"stk-column-wrapper stk-block-column__content stk-container stk-514ac48-container stk--no-background stk--no-padding\"><div class=\"stk-block-content stk-inner-blocks stk-514ac48-inner-blocks\">\n<div class=\"wp-block-stackable-text stk-block-text stk-block stk-8fba58f\" data-block-id=\"8fba58f\"><p class=\"stk-block-text__text has-text-align-justify\"><strong>Gracias<\/strong> a todas las personas que me ayudasteis a elegir este nombre tan simb\u00f3lico. Ha sido precioso leeros y sentir c\u00f3mo esta historia tambi\u00e9n os emocionaba.<\/p><\/div>\n\n\n\n<div class=\"wp-block-stackable-text stk-block-text stk-block stk-d52d50f\" data-block-id=\"d52d50f\"><p class=\"stk-block-text__text has-text-align-justify\">Muy pronto descubrir\u00e1s cada pieza. Mientras tanto, te invito a dejarte llevar por la belleza de lo que est\u00e1 por venir.<\/p><\/div>\n\n\n\n<p>Con cari\u00f1o,<\/p>\n\n\n\n<p>Cati.<\/p>\n<\/div><\/div><\/div>\n\n\n\n<div class=\"wp-block-stackable-column stk-block-column stk-column stk-block stk-43e8dbf\" data-v=\"4\" data-block-id=\"43e8dbf\"><style>@media screen and (min-width:690px){.stk-43e8dbf {flex:var(--stk-flex-grow, 1) 1 calc(39.9% - var(--stk-column-gap, 0px) * 1 \/ 2 ) !important;}}<\/style><div class=\"stk-column-wrapper stk-block-column__content stk-container stk-43e8dbf-container stk--no-background stk--no-padding\"><div class=\"stk-block-content stk-inner-blocks stk-43e8dbf-inner-blocks\">\n<figure class=\"wp-block-video\"><video height=\"1080\" style=\"aspect-ratio: 1080 \/ 1080;\" width=\"1080\" autoplay loop muted src=\"https:\/\/azzurea.com\/wp-content\/uploads\/product_images\/prueba2\/copy_B68A6A9B-6E39-400D-BC86-086B6B365010.mov\" playsinline><\/video><\/figure>\n<\/div><\/div><\/div>\n<\/div><\/div>\n\n\n\n<p><\/p>\n","protected":false},"excerpt":{"rendered":"<p>GERANIUM: RECUERDOS, RA\u00cdCES Y VIAJES Desde peque\u00f1a, los geranios han formado parte del paisaje de mi vida. Recuerdo perfectamente c\u00f3mo adornaban el patio de mi casa, las ventanas y balcones de mi tierra, Extremadura. Eran ese toque de color intenso y delicado que romp\u00eda la sobriedad de las fachadas blancas, y que siempre parec\u00eda estar [&hellip;]<\/p>\n","protected":false},"author":1,"featured_media":0,"parent":0,"menu_order":0,"comment_status":"closed","ping_status":"closed","template":"","meta":{"footnotes":""},"class_list":["post-4991","page","type-page","status-publish","hentry"],"blocksy_meta":[],"yoast_head":"<!-- This site is optimized with the Yoast SEO plugin v27.3 - https:\/\/yoast.com\/product\/yoast-seo-wordpress\/ -->\n<title>GERANIUM - AZZUREA<\/title>\n<meta name=\"robots\" content=\"index, follow, max-snippet:-1, max-image-preview:large, max-video-preview:-1\" \/>\n<link rel=\"canonical\" href=\"https:\/\/azzurea.com\/es\/geranium\/\" \/>\n<meta property=\"og:locale\" content=\"es_ES\" \/>\n<meta property=\"og:type\" content=\"article\" \/>\n<meta property=\"og:title\" content=\"GERANIUM - AZZUREA\" \/>\n<meta property=\"og:description\" content=\"GERANIUM: RECUERDOS, RA\u00cdCES Y VIAJES Desde peque\u00f1a, los geranios han formado parte del paisaje de mi vida. Recuerdo perfectamente c\u00f3mo adornaban el patio de mi casa, las ventanas y balcones de mi tierra, Extremadura. Eran ese toque de color intenso y delicado que romp\u00eda la sobriedad de las fachadas blancas, y que siempre parec\u00eda estar [&hellip;]\" \/>\n<meta property=\"og:url\" content=\"https:\/\/azzurea.com\/es\/geranium\/\" \/>\n<meta property=\"og:site_name\" content=\"AZZUREA\" \/>\n<meta property=\"article:publisher\" content=\"https:\/\/www.facebook.com\/azzurea.joyas\" \/>\n<meta property=\"article:modified_time\" content=\"2025-06-10T12:17:11+00:00\" \/>\n<meta property=\"og:image\" content=\"https:\/\/azzurea.com\/wp-content\/uploads\/logo.webp\" \/>\n\t<meta property=\"og:image:width\" content=\"280\" \/>\n\t<meta property=\"og:image:height\" content=\"280\" \/>\n\t<meta property=\"og:image:type\" content=\"image\/webp\" \/>\n<meta name=\"twitter:card\" content=\"summary_large_image\" \/>\n<meta name=\"twitter:label1\" content=\"Tiempo de lectura\" \/>\n\t<meta name=\"twitter:data1\" content=\"1 minuto\" \/>\n<script type=\"application\/ld+json\" class=\"yoast-schema-graph\">{\"@context\":\"https:\\\/\\\/schema.org\",\"@graph\":[{\"@type\":\"WebPage\",\"@id\":\"https:\\\/\\\/azzurea.com\\\/es\\\/geranium\\\/\",\"url\":\"https:\\\/\\\/azzurea.com\\\/es\\\/geranium\\\/\",\"name\":\"GERANIUM - AZZUREA\",\"isPartOf\":{\"@id\":\"https:\\\/\\\/azzurea.com\\\/en\\\/#website\"},\"datePublished\":\"2025-06-10T10:19:43+00:00\",\"dateModified\":\"2025-06-10T12:17:11+00:00\",\"breadcrumb\":{\"@id\":\"https:\\\/\\\/azzurea.com\\\/es\\\/geranium\\\/#breadcrumb\"},\"inLanguage\":\"es\",\"potentialAction\":[{\"@type\":\"ReadAction\",\"target\":[\"https:\\\/\\\/azzurea.com\\\/es\\\/geranium\\\/\"]}]},{\"@type\":\"BreadcrumbList\",\"@id\":\"https:\\\/\\\/azzurea.com\\\/es\\\/geranium\\\/#breadcrumb\",\"itemListElement\":[{\"@type\":\"ListItem\",\"position\":1,\"name\":\"Portada\",\"item\":\"https:\\\/\\\/azzurea.com\\\/es\\\/\"},{\"@type\":\"ListItem\",\"position\":2,\"name\":\"GERANIUM\"}]},{\"@type\":\"WebSite\",\"@id\":\"https:\\\/\\\/azzurea.com\\\/en\\\/#website\",\"url\":\"https:\\\/\\\/azzurea.com\\\/en\\\/\",\"name\":\"AZZUREA\",\"description\":\"Minimalist sculptural jewelry. Made in Spain.\",\"publisher\":{\"@id\":\"https:\\\/\\\/azzurea.com\\\/en\\\/#organization\"},\"alternateName\":\"azzurea.com\",\"potentialAction\":[{\"@type\":\"SearchAction\",\"target\":{\"@type\":\"EntryPoint\",\"urlTemplate\":\"https:\\\/\\\/azzurea.com\\\/en\\\/?s={search_term_string}\"},\"query-input\":{\"@type\":\"PropertyValueSpecification\",\"valueRequired\":true,\"valueName\":\"search_term_string\"}}],\"inLanguage\":\"es\"},{\"@type\":\"Organization\",\"@id\":\"https:\\\/\\\/azzurea.com\\\/en\\\/#organization\",\"name\":\"AZZUREA\",\"alternateName\":\"AZZUREA\",\"url\":\"https:\\\/\\\/azzurea.com\\\/en\\\/\",\"logo\":{\"@type\":\"ImageObject\",\"inLanguage\":\"es\",\"@id\":\"https:\\\/\\\/azzurea.com\\\/en\\\/#\\\/schema\\\/logo\\\/image\\\/\",\"url\":\"https:\\\/\\\/azzurea.com\\\/wp-content\\\/uploads\\\/product_images\\\/prueba2\\\/azzurea-gris.png\",\"contentUrl\":\"https:\\\/\\\/azzurea.com\\\/wp-content\\\/uploads\\\/product_images\\\/prueba2\\\/azzurea-gris.png\",\"width\":1146,\"height\":154,\"caption\":\"AZZUREA\"},\"image\":{\"@id\":\"https:\\\/\\\/azzurea.com\\\/en\\\/#\\\/schema\\\/logo\\\/image\\\/\"},\"sameAs\":[\"https:\\\/\\\/www.facebook.com\\\/azzurea.joyas\",\"https:\\\/\\\/www.instagram.com\\\/azzurea.joyas\\\/\",\"https:\\\/\\\/www.tiktok.com\\\/@azzurea.joyas\"]}]}<\/script>\n<!-- \/ Yoast SEO plugin. -->","yoast_head_json":{"title":"GERANIUM - AZZUREA","robots":{"index":"index","follow":"follow","max-snippet":"max-snippet:-1","max-image-preview":"max-image-preview:large","max-video-preview":"max-video-preview:-1"},"canonical":"https:\/\/azzurea.com\/es\/geranium\/","og_locale":"es_ES","og_type":"article","og_title":"GERANIUM - AZZUREA","og_description":"GERANIUM: RECUERDOS, RA\u00cdCES Y VIAJES Desde peque\u00f1a, los geranios han formado parte del paisaje de mi vida. Recuerdo perfectamente c\u00f3mo adornaban el patio de mi casa, las ventanas y balcones de mi tierra, Extremadura. Eran ese toque de color intenso y delicado que romp\u00eda la sobriedad de las fachadas blancas, y que siempre parec\u00eda estar [&hellip;]","og_url":"https:\/\/azzurea.com\/es\/geranium\/","og_site_name":"AZZUREA","article_publisher":"https:\/\/www.facebook.com\/azzurea.joyas","article_modified_time":"2025-06-10T12:17:11+00:00","og_image":[{"width":280,"height":280,"url":"https:\/\/azzurea.com\/wp-content\/uploads\/logo.webp","type":"image\/webp"}],"twitter_card":"summary_large_image","twitter_misc":{"Tiempo de lectura":"1 minuto"},"schema":{"@context":"https:\/\/schema.org","@graph":[{"@type":"WebPage","@id":"https:\/\/azzurea.com\/es\/geranium\/","url":"https:\/\/azzurea.com\/es\/geranium\/","name":"GERANIUM - AZZUREA","isPartOf":{"@id":"https:\/\/azzurea.com\/en\/#website"},"datePublished":"2025-06-10T10:19:43+00:00","dateModified":"2025-06-10T12:17:11+00:00","breadcrumb":{"@id":"https:\/\/azzurea.com\/es\/geranium\/#breadcrumb"},"inLanguage":"es","potentialAction":[{"@type":"ReadAction","target":["https:\/\/azzurea.com\/es\/geranium\/"]}]},{"@type":"BreadcrumbList","@id":"https:\/\/azzurea.com\/es\/geranium\/#breadcrumb","itemListElement":[{"@type":"ListItem","position":1,"name":"Portada","item":"https:\/\/azzurea.com\/es\/"},{"@type":"ListItem","position":2,"name":"GERANIUM"}]},{"@type":"WebSite","@id":"https:\/\/azzurea.com\/en\/#website","url":"https:\/\/azzurea.com\/en\/","name":"AZZUREA","description":"Minimalist sculptural jewelry. Made in Spain.","publisher":{"@id":"https:\/\/azzurea.com\/en\/#organization"},"alternateName":"azzurea.com","potentialAction":[{"@type":"SearchAction","target":{"@type":"EntryPoint","urlTemplate":"https:\/\/azzurea.com\/en\/?s={search_term_string}"},"query-input":{"@type":"PropertyValueSpecification","valueRequired":true,"valueName":"search_term_string"}}],"inLanguage":"es"},{"@type":"Organization","@id":"https:\/\/azzurea.com\/en\/#organization","name":"AZZUREA","alternateName":"AZZUREA","url":"https:\/\/azzurea.com\/en\/","logo":{"@type":"ImageObject","inLanguage":"es","@id":"https:\/\/azzurea.com\/en\/#\/schema\/logo\/image\/","url":"https:\/\/azzurea.com\/wp-content\/uploads\/product_images\/prueba2\/azzurea-gris.png","contentUrl":"https:\/\/azzurea.com\/wp-content\/uploads\/product_images\/prueba2\/azzurea-gris.png","width":1146,"height":154,"caption":"AZZUREA"},"image":{"@id":"https:\/\/azzurea.com\/en\/#\/schema\/logo\/image\/"},"sameAs":["https:\/\/www.facebook.com\/azzurea.joyas","https:\/\/www.instagram.com\/azzurea.joyas\/","https:\/\/www.tiktok.com\/@azzurea.joyas"]}]}},"jetpack_sharing_enabled":true,"_links":{"self":[{"href":"https:\/\/azzurea.com\/es\/wp-json\/wp\/v2\/pages\/4991","targetHints":{"allow":["GET"]}}],"collection":[{"href":"https:\/\/azzurea.com\/es\/wp-json\/wp\/v2\/pages"}],"about":[{"href":"https:\/\/azzurea.com\/es\/wp-json\/wp\/v2\/types\/page"}],"author":[{"embeddable":true,"href":"https:\/\/azzurea.com\/es\/wp-json\/wp\/v2\/users\/1"}],"replies":[{"embeddable":true,"href":"https:\/\/azzurea.com\/es\/wp-json\/wp\/v2\/comments?post=4991"}],"version-history":[{"count":22,"href":"https:\/\/azzurea.com\/es\/wp-json\/wp\/v2\/pages\/4991\/revisions"}],"predecessor-version":[{"id":5044,"href":"https:\/\/azzurea.com\/es\/wp-json\/wp\/v2\/pages\/4991\/revisions\/5044"}],"wp:attachment":[{"href":"https:\/\/azzurea.com\/es\/wp-json\/wp\/v2\/media?parent=4991"}],"curies":[{"name":"wp","href":"https:\/\/api.w.org\/{rel}","templated":true}]}}