{"id":4091,"date":"2024-12-01T17:21:24","date_gmt":"2024-12-01T16:21:24","guid":{"rendered":"https:\/\/azzurea.com\/?page_id=4091"},"modified":"2024-12-04T11:29:02","modified_gmt":"2024-12-04T10:29:02","slug":"size-guide","status":"publish","type":"page","link":"https:\/\/azzurea.com\/es\/size-guide\/","title":{"rendered":"SIZE GUIDE"},"content":{"rendered":"\n<div class=\"wp-block-stackable-spacer stk-block-spacer stk--no-padding stk-block stk-3cf13a8\" data-block-id=\"3cf13a8\"><style>.stk-3cf13a8 {height:70px !important;}<\/style><\/div>\n\n\n\n<div class=\"wp-block-stackable-columns stk-block-columns stk-block stk-082c426\" data-block-id=\"082c426\"><style>.stk-082c426 {margin-bottom:36px !important;}.stk-082c426-column{max-width:900px !important;min-width:auto !important;margin-right:auto !important;margin-left:auto !important;}<\/style><div class=\"stk-row stk-inner-blocks stk-block-content stk-content-align stk-082c426-column\">\n<div class=\"wp-block-stackable-column stk-block-column stk-column stk-block stk-6843216\" data-v=\"4\" data-block-id=\"6843216\"><div class=\"stk-column-wrapper stk-block-column__content stk-container stk-6843216-container stk--no-background stk--no-padding\"><div class=\"stk-block-content stk-inner-blocks stk-6843216-inner-blocks\">\n<div class=\"wp-block-stackable-heading stk-block-heading stk-block-heading--v2 stk-block stk-53d9cd7\" id=\"guia-de-tallas\" data-block-id=\"53d9cd7\"><h4 class=\"stk-block-heading__text\">Gu\u00eda de tallas<\/h4><\/div>\n\n\n\n<div class=\"wp-block-stackable-text stk-block-text stk-block stk-ac4bcfc\" data-block-id=\"ac4bcfc\"><p class=\"stk-block-text__text has-text-align-justify\">Existen varios m\u00e9todos para averiguar tu talla de anillo. Te explico dos m\u00e9todos:<\/p><\/div>\n\n\n\n<div class=\"wp-block-stackable-subtitle stk-block-subtitle stk-block stk-a73610d\" data-block-id=\"a73610d\"><p class=\"stk-block-subtitle__text stk-subtitle\">M\u00c9TODO 1: DI\u00c1METRO INTERIOR<\/p><\/div>\n\n\n\n<div class=\"wp-block-stackable-text stk-block-text stk-block stk-205821e\" data-block-id=\"205821e\"><style>.stk-205821e {margin-bottom:17px !important;}<\/style><p class=\"stk-block-text__text has-text-align-justify\">Para saber qu\u00e9 talla tienes que elegir, necesitas lo siguiente:<\/p><\/div>\n\n\n\n<ul class=\"wp-block-list\">\n<li>Una regla milimetrada.<\/li>\n\n\n\n<li>Un anillo que ya tengas que sea similar al que quieres comprar y que te quede bien en el dedo donde deseas llevar tu nuevo anillo.<\/li>\n<\/ul>\n\n\n\n<div class=\"wp-block-stackable-text stk-block-text stk-block stk-037cf6b\" data-block-id=\"037cf6b\"><p class=\"stk-block-text__text has-text-align-justify\">A continuaci\u00f3n, coloca la regla encima del anillo, justo en la <strong>mitad<\/strong>, para medir el <strong>di\u00e1metro interior<\/strong>. Sit\u00faa el n\u00famero 0 en el borde interior izquierdo del anillo, y cuenta los mil\u00edmetros que hay hasta el borde interior derecho. Es importante considerar que no debes tomar en cuenta el grosor del anillo, sino medir \u00fanicamente su interior.<\/p><\/div>\n\n\n\n<div class=\"wp-block-stackable-image stk-block-image stk-block stk-3c3ffbd\" data-block-id=\"3c3ffbd\"><style>.stk-3c3ffbd {max-width:250px !important;min-width:auto !important;margin-right:auto !important;margin-left:auto !important;}<\/style><figure><span class=\"stk-img-wrapper stk-image--shape-stretch\"><img loading=\"lazy\" decoding=\"async\" class=\"stk-img wp-image-4544\" src=\"https:\/\/azzurea.com\/wp-content\/uploads\/product_images\/prueba2\/ejemplo-medir-anillo-scaled.jpg\" width=\"2560\" height=\"2436\" srcset=\"https:\/\/azzurea.com\/wp-content\/uploads\/product_images\/prueba2\/ejemplo-medir-anillo-scaled.jpg 2560w, https:\/\/azzurea.com\/wp-content\/uploads\/product_images\/prueba2\/ejemplo-medir-anillo-300x285.jpg 300w, https:\/\/azzurea.com\/wp-content\/uploads\/product_images\/prueba2\/ejemplo-medir-anillo-1024x974.jpg 1024w, https:\/\/azzurea.com\/wp-content\/uploads\/product_images\/prueba2\/ejemplo-medir-anillo-768x731.jpg 768w, https:\/\/azzurea.com\/wp-content\/uploads\/product_images\/prueba2\/ejemplo-medir-anillo-1536x1461.jpg 1536w, https:\/\/azzurea.com\/wp-content\/uploads\/product_images\/prueba2\/ejemplo-medir-anillo-2048x1949.jpg 2048w, https:\/\/azzurea.com\/wp-content\/uploads\/product_images\/prueba2\/ejemplo-medir-anillo-550x523.jpg 550w\" sizes=\"auto, (max-width: 2560px) 100vw, 2560px\" \/><\/span><\/figure><\/div>\n\n\n\n<div class=\"wp-block-stackable-text stk-block-text stk-block stk-92aeaa1\" data-block-id=\"92aeaa1\"><p class=\"stk-block-text__text\">Evita realizarlo de las siguientes maneras:<\/p><\/div>\n\n\n\n<div class=\"wp-block-stackable-image stk-block-image stk-block stk-1592ec6\" data-block-id=\"1592ec6\"><style>.stk-1592ec6 {max-width:400px !important;min-width:auto !important;margin-right:auto !important;margin-left:auto !important;}<\/style><figure><span class=\"stk-img-wrapper stk-image--shape-stretch\"><img loading=\"lazy\" decoding=\"async\" class=\"stk-img wp-image-4556\" src=\"https:\/\/azzurea.com\/wp-content\/uploads\/product_images\/prueba2\/anillos-como-no-medir-scaled.jpg\" width=\"2560\" height=\"1940\" srcset=\"https:\/\/azzurea.com\/wp-content\/uploads\/product_images\/prueba2\/anillos-como-no-medir-scaled.jpg 2560w, https:\/\/azzurea.com\/wp-content\/uploads\/product_images\/prueba2\/anillos-como-no-medir-300x227.jpg 300w, https:\/\/azzurea.com\/wp-content\/uploads\/product_images\/prueba2\/anillos-como-no-medir-1024x776.jpg 1024w, https:\/\/azzurea.com\/wp-content\/uploads\/product_images\/prueba2\/anillos-como-no-medir-768x582.jpg 768w, https:\/\/azzurea.com\/wp-content\/uploads\/product_images\/prueba2\/anillos-como-no-medir-1536x1164.jpg 1536w, https:\/\/azzurea.com\/wp-content\/uploads\/product_images\/prueba2\/anillos-como-no-medir-2048x1552.jpg 2048w, https:\/\/azzurea.com\/wp-content\/uploads\/product_images\/prueba2\/anillos-como-no-medir-550x417.jpg 550w\" sizes=\"auto, (max-width: 2560px) 100vw, 2560px\" \/><\/span><\/figure><\/div>\n\n\n\n<div class=\"wp-block-stackable-text stk-block-text stk-block stk-cba2d77\" data-block-id=\"cba2d77\"><p class=\"stk-block-text__text\">Cuando hayas obtenido el <strong>di\u00e1metro interior<\/strong> de tu anillo, comp\u00e1ralo con las medidas indicadas en la siguiente <strong>tabla<\/strong>, y obtendr\u00e1s cu\u00e1l es tu <strong>talla correcta<\/strong>.<\/p><\/div>\n\n\n\n<div class=\"wp-block-stackable-image stk-block-image stk-block stk-ef97320\" data-block-id=\"ef97320\"><style>.stk-ef97320 {max-width:500px !important;min-width:auto !important;margin-right:auto !important;margin-left:auto !important;}<\/style><figure><span class=\"stk-img-wrapper stk-image--shape-stretch\"><img loading=\"lazy\" decoding=\"async\" class=\"stk-img wp-image-4565\" src=\"https:\/\/azzurea.com\/wp-content\/uploads\/product_images\/prueba2\/tabla-metodo-1-1-scaled.jpg\" width=\"1571\" height=\"2560\" srcset=\"https:\/\/azzurea.com\/wp-content\/uploads\/product_images\/prueba2\/tabla-metodo-1-1-scaled.jpg 1571w, https:\/\/azzurea.com\/wp-content\/uploads\/product_images\/prueba2\/tabla-metodo-1-1-184x300.jpg 184w, https:\/\/azzurea.com\/wp-content\/uploads\/product_images\/prueba2\/tabla-metodo-1-1-628x1024.jpg 628w, https:\/\/azzurea.com\/wp-content\/uploads\/product_images\/prueba2\/tabla-metodo-1-1-768x1252.jpg 768w, https:\/\/azzurea.com\/wp-content\/uploads\/product_images\/prueba2\/tabla-metodo-1-1-942x1536.jpg 942w, https:\/\/azzurea.com\/wp-content\/uploads\/product_images\/prueba2\/tabla-metodo-1-1-1257x2048.jpg 1257w, https:\/\/azzurea.com\/wp-content\/uploads\/product_images\/prueba2\/tabla-metodo-1-1-550x896.jpg 550w, https:\/\/azzurea.com\/wp-content\/uploads\/product_images\/prueba2\/tabla-metodo-1-1-1024x1669.jpg 1024w\" sizes=\"auto, (max-width: 1571px) 100vw, 1571px\" \/><\/span><\/figure><\/div>\n\n\n\n<div class=\"wp-block-stackable-text stk-block-text stk-block stk-55f47e3\" data-block-id=\"55f47e3\"><p class=\"stk-block-text__text\">Si est\u00e1s entre dos tallas, te recomiendo elegir la talla m\u00e1s grande. Si a\u00fan as\u00ed, tienes dudas y no sabes c\u00f3mo medir o averiguar tu talla, no dudes en contactarme a trav\u00e9s del <strong><a href=\"https:\/\/azzurea.com\/contact\/\">formulario de contacto<\/a><\/strong> o escribi\u00e9ndome a mi correo <strong>info@azzurea.com<\/strong>.<\/p><\/div>\n\n\n\n<div class=\"wp-block-stackable-subtitle stk-block-subtitle stk-block stk-d503a9e\" data-block-id=\"d503a9e\"><p class=\"stk-block-subtitle__text stk-subtitle\">M\u00c9TODO 2: CIRCUNFERENCIA<\/p><\/div>\n\n\n\n<div class=\"wp-block-stackable-text stk-block-text stk-block stk-0f1120a\" data-block-id=\"0f1120a\"><p class=\"stk-block-text__text\">Si no tienes ning\u00fan anillo parecido al que te quieres comprar, o no te queda bien en el dedo donde deseas ponerte tu nuevo anillo, puedes seguir los pasos explicados a continuaci\u00f3n:<\/p><\/div>\n\n\n\n<div class=\"wp-block-stackable-columns stk-block-columns stk-block stk-5e08d8e\" data-block-id=\"5e08d8e\"><div class=\"stk-row stk-inner-blocks stk-block-content stk-content-align stk-5e08d8e-column\">\n<div class=\"wp-block-stackable-column stk-block-column stk-column stk-block stk-33a894f\" data-v=\"4\" data-block-id=\"33a894f\"><div class=\"stk-column-wrapper stk-block-column__content stk-container stk-33a894f-container stk--no-background stk--no-padding\"><div class=\"stk-block-content stk-inner-blocks stk-33a894f-inner-blocks\">\n<div class=\"wp-block-stackable-image stk-block-image stk-block stk-8052c0a\" data-block-id=\"8052c0a\"><style>.stk-8052c0a {max-width:400px !important;min-width:auto !important;margin-right:auto !important;margin-left:auto !important;}<\/style><figure><span class=\"stk-img-wrapper stk-image--shape-stretch\"><img loading=\"lazy\" decoding=\"async\" class=\"stk-img wp-image-4576\" src=\"https:\/\/azzurea.com\/wp-content\/uploads\/product_images\/prueba2\/ejemplo-metodo-2.jpg\" width=\"2550\" height=\"2540\" srcset=\"https:\/\/azzurea.com\/wp-content\/uploads\/product_images\/prueba2\/ejemplo-metodo-2.jpg 2550w, https:\/\/azzurea.com\/wp-content\/uploads\/product_images\/prueba2\/ejemplo-metodo-2-300x300.jpg 300w, https:\/\/azzurea.com\/wp-content\/uploads\/product_images\/prueba2\/ejemplo-metodo-2-1024x1020.jpg 1024w, https:\/\/azzurea.com\/wp-content\/uploads\/product_images\/prueba2\/ejemplo-metodo-2-150x150.jpg 150w, https:\/\/azzurea.com\/wp-content\/uploads\/product_images\/prueba2\/ejemplo-metodo-2-768x765.jpg 768w, https:\/\/azzurea.com\/wp-content\/uploads\/product_images\/prueba2\/ejemplo-metodo-2-1536x1530.jpg 1536w, https:\/\/azzurea.com\/wp-content\/uploads\/product_images\/prueba2\/ejemplo-metodo-2-2048x2040.jpg 2048w, https:\/\/azzurea.com\/wp-content\/uploads\/product_images\/prueba2\/ejemplo-metodo-2-550x548.jpg 550w\" sizes=\"auto, (max-width: 2550px) 100vw, 2550px\" \/><\/span><\/figure><\/div>\n<\/div><\/div><\/div>\n<\/div><\/div>\n\n\n\n<ul class=\"wp-block-list\">\n<li>Corta una tira delgada de papel, de unos 2 mm de ancho, con una longitud aproximada de 10 cm.<\/li>\n\n\n\n<li>Envu\u00e9lvelo alrededor del dedo donde quieres llevar tu nuevo anillo. Tiene que quedar bien ajustado, pero no apretado.<\/li>\n\n\n\n<li>Marca con un l\u00e1piz el punto donde se superpone el papel formando un c\u00edrculo.<\/li>\n\n\n\n<li>Mide la longitud obtenida con una regla milimetrada.<\/li>\n\n\n\n<li>Compara la longitud obtenida con las tallas indicadas en la tabla adjunta.<\/li>\n<\/ul>\n\n\n\n<div class=\"wp-block-stackable-columns stk-block-columns stk-block stk-dcc049a\" data-block-id=\"dcc049a\"><div class=\"stk-row stk-inner-blocks stk-block-content stk-content-align stk-dcc049a-column\">\n<div class=\"wp-block-stackable-column stk-block-column stk-column stk-block stk-f336108\" data-v=\"4\" data-block-id=\"f336108\"><div class=\"stk-column-wrapper stk-block-column__content stk-container stk-f336108-container stk--no-background stk--no-padding\"><div class=\"stk-block-content stk-inner-blocks stk-f336108-inner-blocks\">\n<div class=\"wp-block-stackable-image stk-block-image stk-block stk-c36e2a7\" data-block-id=\"c36e2a7\"><style>.stk-c36e2a7 {max-width:500px !important;min-width:auto !important;margin-right:auto !important;margin-left:auto !important;}<\/style><figure><span class=\"stk-img-wrapper stk-image--shape-stretch\"><img loading=\"lazy\" decoding=\"async\" class=\"stk-img wp-image-4610\" src=\"https:\/\/azzurea.com\/wp-content\/uploads\/product_images\/prueba2\/tabla-metodo-2-scaled.jpg\" width=\"1566\" height=\"2560\" srcset=\"https:\/\/azzurea.com\/wp-content\/uploads\/product_images\/prueba2\/tabla-metodo-2-scaled.jpg 1566w, https:\/\/azzurea.com\/wp-content\/uploads\/product_images\/prueba2\/tabla-metodo-2-183x300.jpg 183w, https:\/\/azzurea.com\/wp-content\/uploads\/product_images\/prueba2\/tabla-metodo-2-626x1024.jpg 626w, https:\/\/azzurea.com\/wp-content\/uploads\/product_images\/prueba2\/tabla-metodo-2-768x1256.jpg 768w, https:\/\/azzurea.com\/wp-content\/uploads\/product_images\/prueba2\/tabla-metodo-2-939x1536.jpg 939w, https:\/\/azzurea.com\/wp-content\/uploads\/product_images\/prueba2\/tabla-metodo-2-1252x2048.jpg 1252w, https:\/\/azzurea.com\/wp-content\/uploads\/product_images\/prueba2\/tabla-metodo-2-550x899.jpg 550w, https:\/\/azzurea.com\/wp-content\/uploads\/product_images\/prueba2\/tabla-metodo-2-1024x1674.jpg 1024w\" sizes=\"auto, (max-width: 1566px) 100vw, 1566px\" \/><\/span><\/figure><\/div>\n<\/div><\/div><\/div>\n<\/div><\/div>\n\n\n\n<div class=\"wp-block-stackable-text stk-block-text stk-block stk-e9de84f\" data-block-id=\"e9de84f\"><p class=\"stk-block-text__text has-text-align-justify\">Si est\u00e1s entre dos tallas, te recomiendo elegir la m\u00e1s grande. <\/p><\/div>\n\n\n\n<div class=\"wp-block-stackable-text stk-block-text stk-block stk-9e01161\" data-block-id=\"9e01161\"><p class=\"stk-block-text__text has-text-align-justify\">Aseg\u00farate de que tus dedos est\u00e1n a una temperatura corporal normal (los dedos se encogen o expanden cuando hace fr\u00edo o calor).<\/p><\/div>\n\n\n\n<div class=\"wp-block-stackable-text stk-block-text stk-block stk-c8d0e21\" data-block-id=\"c8d0e21\"><p class=\"stk-block-text__text has-text-align-justify\">Si tu nudillo es mucho m\u00e1s grande que la base de tu dedo, toma dos medidas separadas y elige una talle intermedia. El anillo debe pasar bien a trav\u00e9s de tu nudillo, pero tampoco debe quedarte muy holgado sobre la base de tu dedo porque se mover\u00e1.<\/p><\/div>\n\n\n\n<div class=\"wp-block-stackable-text stk-block-text stk-block stk-9edb118\" data-block-id=\"9edb118\"><p class=\"stk-block-text__text has-text-align-justify\">Por favor, si necesitas ayuda, no dudes en contactarme a trav\u00e9s del <strong><a href=\"https:\/\/azzurea.com\/contact\/\">formulario de contacto<\/a><\/strong> o escribi\u00e9ndome a mi correo<strong> info@azzurea.com<\/strong>.<\/p><\/div>\n<\/div><\/div><\/div>\n<\/div><\/div>\n\n\n\n<p><\/p>\n","protected":false},"excerpt":{"rendered":"<p>Gu\u00eda de tallas Existen varios m\u00e9todos para averiguar tu talla de anillo. Te explico dos m\u00e9todos: M\u00c9TODO 1: DI\u00c1METRO INTERIOR Para saber qu\u00e9 talla tienes que elegir, necesitas lo siguiente: A continuaci\u00f3n, coloca la regla encima del anillo, justo en la mitad, para medir el di\u00e1metro interior. Sit\u00faa el n\u00famero 0 en el borde interior [&hellip;]<\/p>\n","protected":false},"author":1,"featured_media":0,"parent":0,"menu_order":0,"comment_status":"closed","ping_status":"closed","template":"","meta":{"footnotes":""},"class_list":["post-4091","page","type-page","status-publish","hentry"],"blocksy_meta":[],"yoast_head":"<!-- This site is optimized with the Yoast SEO plugin v27.4 - https:\/\/yoast.com\/product\/yoast-seo-wordpress\/ -->\n<title>SIZE GUIDE - AZZUREA<\/title>\n<meta name=\"robots\" content=\"index, follow, max-snippet:-1, max-image-preview:large, max-video-preview:-1\" \/>\n<link rel=\"canonical\" href=\"https:\/\/azzurea.com\/es\/size-guide\/\" \/>\n<meta property=\"og:locale\" content=\"es_ES\" \/>\n<meta property=\"og:type\" content=\"article\" \/>\n<meta property=\"og:title\" content=\"SIZE GUIDE - AZZUREA\" \/>\n<meta property=\"og:description\" content=\"Gu\u00eda de tallas Existen varios m\u00e9todos para averiguar tu talla de anillo. Te explico dos m\u00e9todos: M\u00c9TODO 1: DI\u00c1METRO INTERIOR Para saber qu\u00e9 talla tienes que elegir, necesitas lo siguiente: A continuaci\u00f3n, coloca la regla encima del anillo, justo en la mitad, para medir el di\u00e1metro interior. Sit\u00faa el n\u00famero 0 en el borde interior [&hellip;]\" \/>\n<meta property=\"og:url\" content=\"https:\/\/azzurea.com\/es\/size-guide\/\" \/>\n<meta property=\"og:site_name\" content=\"AZZUREA\" \/>\n<meta property=\"article:publisher\" content=\"https:\/\/www.facebook.com\/azzurea.joyas\" \/>\n<meta property=\"article:modified_time\" content=\"2024-12-04T10:29:02+00:00\" \/>\n<meta property=\"og:image\" content=\"https:\/\/azzurea.com\/wp-content\/uploads\/product_images\/prueba2\/ejemplo-medir-anillo-scaled.jpg\" \/>\n\t<meta property=\"og:image:width\" content=\"2560\" \/>\n\t<meta property=\"og:image:height\" content=\"2436\" \/>\n\t<meta property=\"og:image:type\" content=\"image\/jpeg\" \/>\n<meta name=\"twitter:card\" content=\"summary_large_image\" \/>\n<meta name=\"twitter:label1\" content=\"Tiempo de lectura\" \/>\n\t<meta name=\"twitter:data1\" content=\"3 minutos\" \/>\n<script type=\"application\/ld+json\" class=\"yoast-schema-graph\">{\"@context\":\"https:\\\/\\\/schema.org\",\"@graph\":[{\"@type\":\"WebPage\",\"@id\":\"https:\\\/\\\/azzurea.com\\\/es\\\/size-guide\\\/\",\"url\":\"https:\\\/\\\/azzurea.com\\\/es\\\/size-guide\\\/\",\"name\":\"SIZE GUIDE - AZZUREA\",\"isPartOf\":{\"@id\":\"https:\\\/\\\/azzurea.com\\\/en\\\/#website\"},\"primaryImageOfPage\":{\"@id\":\"https:\\\/\\\/azzurea.com\\\/es\\\/size-guide\\\/#primaryimage\"},\"image\":{\"@id\":\"https:\\\/\\\/azzurea.com\\\/es\\\/size-guide\\\/#primaryimage\"},\"thumbnailUrl\":\"https:\\\/\\\/azzurea.com\\\/wp-content\\\/uploads\\\/product_images\\\/prueba2\\\/ejemplo-medir-anillo-scaled.jpg\",\"datePublished\":\"2024-12-01T16:21:24+00:00\",\"dateModified\":\"2024-12-04T10:29:02+00:00\",\"breadcrumb\":{\"@id\":\"https:\\\/\\\/azzurea.com\\\/es\\\/size-guide\\\/#breadcrumb\"},\"inLanguage\":\"es\",\"potentialAction\":[{\"@type\":\"ReadAction\",\"target\":[\"https:\\\/\\\/azzurea.com\\\/es\\\/size-guide\\\/\"]}]},{\"@type\":\"ImageObject\",\"inLanguage\":\"es\",\"@id\":\"https:\\\/\\\/azzurea.com\\\/es\\\/size-guide\\\/#primaryimage\",\"url\":\"https:\\\/\\\/azzurea.com\\\/wp-content\\\/uploads\\\/product_images\\\/prueba2\\\/ejemplo-medir-anillo-scaled.jpg\",\"contentUrl\":\"https:\\\/\\\/azzurea.com\\\/wp-content\\\/uploads\\\/product_images\\\/prueba2\\\/ejemplo-medir-anillo-scaled.jpg\"},{\"@type\":\"BreadcrumbList\",\"@id\":\"https:\\\/\\\/azzurea.com\\\/es\\\/size-guide\\\/#breadcrumb\",\"itemListElement\":[{\"@type\":\"ListItem\",\"position\":1,\"name\":\"Portada\",\"item\":\"https:\\\/\\\/azzurea.com\\\/es\\\/\"},{\"@type\":\"ListItem\",\"position\":2,\"name\":\"SIZE GUIDE\"}]},{\"@type\":\"WebSite\",\"@id\":\"https:\\\/\\\/azzurea.com\\\/en\\\/#website\",\"url\":\"https:\\\/\\\/azzurea.com\\\/en\\\/\",\"name\":\"AZZUREA\",\"description\":\"Minimalist sculptural jewelry. Made in Spain.\",\"publisher\":{\"@id\":\"https:\\\/\\\/azzurea.com\\\/en\\\/#organization\"},\"alternateName\":\"azzurea.com\",\"potentialAction\":[{\"@type\":\"SearchAction\",\"target\":{\"@type\":\"EntryPoint\",\"urlTemplate\":\"https:\\\/\\\/azzurea.com\\\/en\\\/?s={search_term_string}\"},\"query-input\":{\"@type\":\"PropertyValueSpecification\",\"valueRequired\":true,\"valueName\":\"search_term_string\"}}],\"inLanguage\":\"es\"},{\"@type\":\"Organization\",\"@id\":\"https:\\\/\\\/azzurea.com\\\/en\\\/#organization\",\"name\":\"AZZUREA\",\"alternateName\":\"AZZUREA\",\"url\":\"https:\\\/\\\/azzurea.com\\\/en\\\/\",\"logo\":{\"@type\":\"ImageObject\",\"inLanguage\":\"es\",\"@id\":\"https:\\\/\\\/azzurea.com\\\/en\\\/#\\\/schema\\\/logo\\\/image\\\/\",\"url\":\"https:\\\/\\\/azzurea.com\\\/wp-content\\\/uploads\\\/product_images\\\/prueba2\\\/azzurea-gris.png\",\"contentUrl\":\"https:\\\/\\\/azzurea.com\\\/wp-content\\\/uploads\\\/product_images\\\/prueba2\\\/azzurea-gris.png\",\"width\":1146,\"height\":154,\"caption\":\"AZZUREA\"},\"image\":{\"@id\":\"https:\\\/\\\/azzurea.com\\\/en\\\/#\\\/schema\\\/logo\\\/image\\\/\"},\"sameAs\":[\"https:\\\/\\\/www.facebook.com\\\/azzurea.joyas\",\"https:\\\/\\\/www.instagram.com\\\/azzurea.joyas\\\/\",\"https:\\\/\\\/www.tiktok.com\\\/@azzurea.joyas\"]}]}<\/script>\n<!-- \/ Yoast SEO plugin. -->","yoast_head_json":{"title":"SIZE GUIDE - AZZUREA","robots":{"index":"index","follow":"follow","max-snippet":"max-snippet:-1","max-image-preview":"max-image-preview:large","max-video-preview":"max-video-preview:-1"},"canonical":"https:\/\/azzurea.com\/es\/size-guide\/","og_locale":"es_ES","og_type":"article","og_title":"SIZE GUIDE - AZZUREA","og_description":"Gu\u00eda de tallas Existen varios m\u00e9todos para averiguar tu talla de anillo. Te explico dos m\u00e9todos: M\u00c9TODO 1: DI\u00c1METRO INTERIOR Para saber qu\u00e9 talla tienes que elegir, necesitas lo siguiente: A continuaci\u00f3n, coloca la regla encima del anillo, justo en la mitad, para medir el di\u00e1metro interior. Sit\u00faa el n\u00famero 0 en el borde interior [&hellip;]","og_url":"https:\/\/azzurea.com\/es\/size-guide\/","og_site_name":"AZZUREA","article_publisher":"https:\/\/www.facebook.com\/azzurea.joyas","article_modified_time":"2024-12-04T10:29:02+00:00","og_image":[{"width":2560,"height":2436,"url":"https:\/\/azzurea.com\/wp-content\/uploads\/product_images\/prueba2\/ejemplo-medir-anillo-scaled.jpg","type":"image\/jpeg"}],"twitter_card":"summary_large_image","twitter_misc":{"Tiempo de lectura":"3 minutos"},"schema":{"@context":"https:\/\/schema.org","@graph":[{"@type":"WebPage","@id":"https:\/\/azzurea.com\/es\/size-guide\/","url":"https:\/\/azzurea.com\/es\/size-guide\/","name":"SIZE GUIDE - AZZUREA","isPartOf":{"@id":"https:\/\/azzurea.com\/en\/#website"},"primaryImageOfPage":{"@id":"https:\/\/azzurea.com\/es\/size-guide\/#primaryimage"},"image":{"@id":"https:\/\/azzurea.com\/es\/size-guide\/#primaryimage"},"thumbnailUrl":"https:\/\/azzurea.com\/wp-content\/uploads\/product_images\/prueba2\/ejemplo-medir-anillo-scaled.jpg","datePublished":"2024-12-01T16:21:24+00:00","dateModified":"2024-12-04T10:29:02+00:00","breadcrumb":{"@id":"https:\/\/azzurea.com\/es\/size-guide\/#breadcrumb"},"inLanguage":"es","potentialAction":[{"@type":"ReadAction","target":["https:\/\/azzurea.com\/es\/size-guide\/"]}]},{"@type":"ImageObject","inLanguage":"es","@id":"https:\/\/azzurea.com\/es\/size-guide\/#primaryimage","url":"https:\/\/azzurea.com\/wp-content\/uploads\/product_images\/prueba2\/ejemplo-medir-anillo-scaled.jpg","contentUrl":"https:\/\/azzurea.com\/wp-content\/uploads\/product_images\/prueba2\/ejemplo-medir-anillo-scaled.jpg"},{"@type":"BreadcrumbList","@id":"https:\/\/azzurea.com\/es\/size-guide\/#breadcrumb","itemListElement":[{"@type":"ListItem","position":1,"name":"Portada","item":"https:\/\/azzurea.com\/es\/"},{"@type":"ListItem","position":2,"name":"SIZE GUIDE"}]},{"@type":"WebSite","@id":"https:\/\/azzurea.com\/en\/#website","url":"https:\/\/azzurea.com\/en\/","name":"AZZUREA","description":"Minimalist sculptural jewelry. Made in Spain.","publisher":{"@id":"https:\/\/azzurea.com\/en\/#organization"},"alternateName":"azzurea.com","potentialAction":[{"@type":"SearchAction","target":{"@type":"EntryPoint","urlTemplate":"https:\/\/azzurea.com\/en\/?s={search_term_string}"},"query-input":{"@type":"PropertyValueSpecification","valueRequired":true,"valueName":"search_term_string"}}],"inLanguage":"es"},{"@type":"Organization","@id":"https:\/\/azzurea.com\/en\/#organization","name":"AZZUREA","alternateName":"AZZUREA","url":"https:\/\/azzurea.com\/en\/","logo":{"@type":"ImageObject","inLanguage":"es","@id":"https:\/\/azzurea.com\/en\/#\/schema\/logo\/image\/","url":"https:\/\/azzurea.com\/wp-content\/uploads\/product_images\/prueba2\/azzurea-gris.png","contentUrl":"https:\/\/azzurea.com\/wp-content\/uploads\/product_images\/prueba2\/azzurea-gris.png","width":1146,"height":154,"caption":"AZZUREA"},"image":{"@id":"https:\/\/azzurea.com\/en\/#\/schema\/logo\/image\/"},"sameAs":["https:\/\/www.facebook.com\/azzurea.joyas","https:\/\/www.instagram.com\/azzurea.joyas\/","https:\/\/www.tiktok.com\/@azzurea.joyas"]}]}},"jetpack_sharing_enabled":true,"_links":{"self":[{"href":"https:\/\/azzurea.com\/es\/wp-json\/wp\/v2\/pages\/4091","targetHints":{"allow":["GET"]}}],"collection":[{"href":"https:\/\/azzurea.com\/es\/wp-json\/wp\/v2\/pages"}],"about":[{"href":"https:\/\/azzurea.com\/es\/wp-json\/wp\/v2\/types\/page"}],"author":[{"embeddable":true,"href":"https:\/\/azzurea.com\/es\/wp-json\/wp\/v2\/users\/1"}],"replies":[{"embeddable":true,"href":"https:\/\/azzurea.com\/es\/wp-json\/wp\/v2\/comments?post=4091"}],"version-history":[{"count":22,"href":"https:\/\/azzurea.com\/es\/wp-json\/wp\/v2\/pages\/4091\/revisions"}],"predecessor-version":[{"id":4612,"href":"https:\/\/azzurea.com\/es\/wp-json\/wp\/v2\/pages\/4091\/revisions\/4612"}],"wp:attachment":[{"href":"https:\/\/azzurea.com\/es\/wp-json\/wp\/v2\/media?parent=4091"}],"curies":[{"name":"wp","href":"https:\/\/api.w.org\/{rel}","templated":true}]}}