{"id":3913,"date":"2024-11-30T17:08:21","date_gmt":"2024-11-30T16:08:21","guid":{"rendered":"https:\/\/azzurea.com\/?page_id=3913"},"modified":"2024-12-02T18:03:51","modified_gmt":"2024-12-02T17:03:51","slug":"gold-vermeil-24k","status":"publish","type":"page","link":"https:\/\/azzurea.com\/es\/gold-vermeil-24k\/","title":{"rendered":"GOLD VERMEIL 24K"},"content":{"rendered":"\n<div class=\"wp-block-stackable-spacer stk-block-spacer stk--no-padding stk-block stk-3c34771\" data-block-id=\"3c34771\"><style>.stk-3c34771 {height:70px !important;}<\/style><\/div>\n\n\n\n<div class=\"wp-block-stackable-columns stk-block-columns stk-block stk-03f6878\" data-block-id=\"03f6878\"><style>.stk-03f6878 {align-items:center !important;max-width:800px !important;min-width:auto !important;margin-right:auto !important;margin-left:auto !important;display:flex !important;}<\/style><div class=\"stk-row stk-inner-blocks stk-block-content stk-content-align stk-03f6878-column\">\n<div class=\"wp-block-stackable-column stk-block-column stk-column stk-block stk-b307ec0\" data-v=\"4\" data-block-id=\"b307ec0\"><style>.stk-b307ec0 {align-self:center !important;}.stk-b307ec0-inner-blocks{row-gap:0px !important;}@media screen and (min-width:690px){.stk-b307ec0 {flex:var(--stk-flex-grow, 1) 1 calc(60.79999999999998% - var(--stk-column-gap, 0px) * 1 \/ 2 ) !important;}}<\/style><div class=\"stk-column-wrapper stk-block-column__content stk-container stk-b307ec0-container stk--no-background stk--no-padding\"><div class=\"stk-block-content stk-inner-blocks stk-b307ec0-inner-blocks\">\n<div class=\"wp-block-stackable-heading stk-block-heading stk-block-heading--v2 stk-block stk-09a105f\" id=\"que-es-el-oro-vermeil-24-k\" data-block-id=\"09a105f\"><h4 class=\"stk-block-heading__text\">\u00bfQu\u00e9 es el Oro Vermeil 24K?<\/h4><\/div>\n\n\n\n<div class=\"wp-block-stackable-text stk-block-text stk-block stk-9704b31\" data-block-id=\"9704b31\"><p class=\"stk-block-text__text has-text-align-justify\">En mis creaciones utilizo <strong>Oro Vermeil<\/strong>, una t\u00e9cnica tradicional que combina la belleza y riqueza del oro puro con la resistencia y calidad de la <strong>Plata de Ley 925<\/strong> como metal base. Cada pieza est\u00e1 recubierta con una capa de <strong>oro de 24 quilates<\/strong> de <strong>3 micras de espesor<\/strong>, asegurando un acabado elegante y duradero.<\/p><\/div>\n\n\n\n<div class=\"wp-block-stackable-text stk-block-text stk-block stk-853357f\" data-block-id=\"853357f\"><p class=\"stk-block-text__text has-text-align-justify\">Es importante destacar la <strong>diferencia<\/strong> con el <strong>ba\u00f1o de oro<\/strong> convencional. Mientras que el ba\u00f1o de oro aplica una capa extremadamente fina, de hasta 0.2 micras, que tiende a desgastarse r\u00e1pidamente, el Oro Vermeil se distingue por su mayor espesor y durabilidad, garantizando que cada pieza conserve su brillo y belleza a lo largo del tiempo.<\/p><\/div>\n\n\n\n<div class=\"wp-block-stackable-text stk-block-text stk-block stk-0084cbb\" data-block-id=\"0084cbb\"><p class=\"stk-block-text__text has-text-align-justify\">Mi objetivo es ofrecerte joyas de calidad que combinen dise\u00f1o, sofisticaci\u00f3n y resistencia. El Oro Vermeil no solo realza la est\u00e9tica de mis piezas, sino que tambi\u00e9n asegura que puedas disfrutar de ellas durante muchos a\u00f1os.<\/p><\/div>\n<\/div><\/div><\/div>\n\n\n\n<div class=\"wp-block-stackable-column stk-block-column stk-column stk-block stk-85d8d3a\" data-v=\"4\" data-block-id=\"85d8d3a\"><style>.stk-85d8d3a-container{margin-top:20px !important;margin-right:20px !important;margin-bottom:20px !important;margin-left:20px !important;}@media screen and (min-width:690px){.stk-85d8d3a {flex:var(--stk-flex-grow, 1) 1 calc(39.2% - var(--stk-column-gap, 0px) * 1 \/ 2 ) !important;}}<\/style><div class=\"stk-column-wrapper stk-block-column__content stk-container stk-85d8d3a-container stk--no-background stk--no-padding\"><div class=\"stk-block-content stk-inner-blocks stk-85d8d3a-inner-blocks\">\n<div class=\"wp-block-stackable-image stk-block-image stk-block stk-1db2bfc\" data-block-id=\"1db2bfc\"><figure><span class=\"stk-img-wrapper stk-image--shape-stretch\"><img loading=\"lazy\" decoding=\"async\" class=\"stk-img wp-image-3244\" src=\"https:\/\/azzurea.com\/wp-content\/uploads\/product_images\/eme_ear_cuff\/1-scaled.jpg\" width=\"1707\" height=\"2560\" srcset=\"https:\/\/azzurea.com\/wp-content\/uploads\/product_images\/eme_ear_cuff\/1-scaled.jpg 1707w, https:\/\/azzurea.com\/wp-content\/uploads\/product_images\/eme_ear_cuff\/1-scaled-550x825.jpg 550w, https:\/\/azzurea.com\/wp-content\/uploads\/product_images\/eme_ear_cuff\/1-1024x1536.jpg 1024w, https:\/\/azzurea.com\/wp-content\/uploads\/product_images\/eme_ear_cuff\/1-scaled-500x750.jpg 500w, https:\/\/azzurea.com\/wp-content\/uploads\/product_images\/eme_ear_cuff\/1-200x300.jpg 200w, https:\/\/azzurea.com\/wp-content\/uploads\/product_images\/eme_ear_cuff\/1-683x1024.jpg 683w, https:\/\/azzurea.com\/wp-content\/uploads\/product_images\/eme_ear_cuff\/1-768x1152.jpg 768w, https:\/\/azzurea.com\/wp-content\/uploads\/product_images\/eme_ear_cuff\/1-1366x2048.jpg 1366w, https:\/\/azzurea.com\/wp-content\/uploads\/product_images\/eme_ear_cuff\/1-8x12.jpg 8w\" sizes=\"auto, (max-width: 1707px) 100vw, 1707px\" \/><\/span><\/figure><\/div>\n<\/div><\/div><\/div>\n<\/div><\/div>\n","protected":false},"excerpt":{"rendered":"<p>\u00bfQu\u00e9 es el Oro Vermeil 24K? En mis creaciones utilizo Oro Vermeil, una t\u00e9cnica tradicional que combina la belleza y riqueza del oro puro con la resistencia y calidad de la Plata de Ley 925 como metal base. Cada pieza est\u00e1 recubierta con una capa de oro de 24 quilates de 3 micras de espesor, [&hellip;]<\/p>\n","protected":false},"author":1,"featured_media":0,"parent":0,"menu_order":0,"comment_status":"closed","ping_status":"closed","template":"","meta":{"footnotes":""},"class_list":["post-3913","page","type-page","status-publish","hentry"],"blocksy_meta":[],"yoast_head":"<!-- This site is optimized with the Yoast SEO plugin v27.4 - https:\/\/yoast.com\/product\/yoast-seo-wordpress\/ -->\n<title>GOLD VERMEIL 24K - AZZUREA<\/title>\n<meta name=\"robots\" content=\"index, follow, max-snippet:-1, max-image-preview:large, max-video-preview:-1\" \/>\n<link rel=\"canonical\" href=\"https:\/\/azzurea.com\/es\/gold-vermeil-24k\/\" \/>\n<meta property=\"og:locale\" content=\"es_ES\" \/>\n<meta property=\"og:type\" content=\"article\" \/>\n<meta property=\"og:title\" content=\"GOLD VERMEIL 24K - AZZUREA\" \/>\n<meta property=\"og:description\" content=\"\u00bfQu\u00e9 es el Oro Vermeil 24K? En mis creaciones utilizo Oro Vermeil, una t\u00e9cnica tradicional que combina la belleza y riqueza del oro puro con la resistencia y calidad de la Plata de Ley 925 como metal base. Cada pieza est\u00e1 recubierta con una capa de oro de 24 quilates de 3 micras de espesor, [&hellip;]\" \/>\n<meta property=\"og:url\" content=\"https:\/\/azzurea.com\/es\/gold-vermeil-24k\/\" \/>\n<meta property=\"og:site_name\" content=\"AZZUREA\" \/>\n<meta property=\"article:publisher\" content=\"https:\/\/www.facebook.com\/azzurea.joyas\" \/>\n<meta property=\"article:modified_time\" content=\"2024-12-02T17:03:51+00:00\" \/>\n<meta property=\"og:image\" content=\"https:\/\/azzurea.com\/wp-content\/uploads\/product_images\/eme_ear_cuff\/1-scaled.jpg\" \/>\n\t<meta property=\"og:image:width\" content=\"1707\" \/>\n\t<meta property=\"og:image:height\" content=\"2560\" \/>\n\t<meta property=\"og:image:type\" content=\"image\/jpeg\" \/>\n<meta name=\"twitter:card\" content=\"summary_large_image\" \/>\n<meta name=\"twitter:label1\" content=\"Tiempo de lectura\" \/>\n\t<meta name=\"twitter:data1\" content=\"1 minuto\" \/>\n<script type=\"application\/ld+json\" class=\"yoast-schema-graph\">{\"@context\":\"https:\\\/\\\/schema.org\",\"@graph\":[{\"@type\":\"WebPage\",\"@id\":\"https:\\\/\\\/azzurea.com\\\/es\\\/gold-vermeil-24k\\\/\",\"url\":\"https:\\\/\\\/azzurea.com\\\/es\\\/gold-vermeil-24k\\\/\",\"name\":\"GOLD VERMEIL 24K - AZZUREA\",\"isPartOf\":{\"@id\":\"https:\\\/\\\/azzurea.com\\\/en\\\/#website\"},\"primaryImageOfPage\":{\"@id\":\"https:\\\/\\\/azzurea.com\\\/es\\\/gold-vermeil-24k\\\/#primaryimage\"},\"image\":{\"@id\":\"https:\\\/\\\/azzurea.com\\\/es\\\/gold-vermeil-24k\\\/#primaryimage\"},\"thumbnailUrl\":\"https:\\\/\\\/azzurea.com\\\/wp-content\\\/uploads\\\/product_images\\\/eme_ear_cuff\\\/1-scaled.jpg\",\"datePublished\":\"2024-11-30T16:08:21+00:00\",\"dateModified\":\"2024-12-02T17:03:51+00:00\",\"breadcrumb\":{\"@id\":\"https:\\\/\\\/azzurea.com\\\/es\\\/gold-vermeil-24k\\\/#breadcrumb\"},\"inLanguage\":\"es\",\"potentialAction\":[{\"@type\":\"ReadAction\",\"target\":[\"https:\\\/\\\/azzurea.com\\\/es\\\/gold-vermeil-24k\\\/\"]}]},{\"@type\":\"ImageObject\",\"inLanguage\":\"es\",\"@id\":\"https:\\\/\\\/azzurea.com\\\/es\\\/gold-vermeil-24k\\\/#primaryimage\",\"url\":\"https:\\\/\\\/azzurea.com\\\/wp-content\\\/uploads\\\/product_images\\\/eme_ear_cuff\\\/1-scaled.jpg\",\"contentUrl\":\"https:\\\/\\\/azzurea.com\\\/wp-content\\\/uploads\\\/product_images\\\/eme_ear_cuff\\\/1-scaled.jpg\"},{\"@type\":\"BreadcrumbList\",\"@id\":\"https:\\\/\\\/azzurea.com\\\/es\\\/gold-vermeil-24k\\\/#breadcrumb\",\"itemListElement\":[{\"@type\":\"ListItem\",\"position\":1,\"name\":\"Portada\",\"item\":\"https:\\\/\\\/azzurea.com\\\/es\\\/\"},{\"@type\":\"ListItem\",\"position\":2,\"name\":\"GOLD VERMEIL 24K\"}]},{\"@type\":\"WebSite\",\"@id\":\"https:\\\/\\\/azzurea.com\\\/en\\\/#website\",\"url\":\"https:\\\/\\\/azzurea.com\\\/en\\\/\",\"name\":\"AZZUREA\",\"description\":\"Minimalist sculptural jewelry. Made in Spain.\",\"publisher\":{\"@id\":\"https:\\\/\\\/azzurea.com\\\/en\\\/#organization\"},\"alternateName\":\"azzurea.com\",\"potentialAction\":[{\"@type\":\"SearchAction\",\"target\":{\"@type\":\"EntryPoint\",\"urlTemplate\":\"https:\\\/\\\/azzurea.com\\\/en\\\/?s={search_term_string}\"},\"query-input\":{\"@type\":\"PropertyValueSpecification\",\"valueRequired\":true,\"valueName\":\"search_term_string\"}}],\"inLanguage\":\"es\"},{\"@type\":\"Organization\",\"@id\":\"https:\\\/\\\/azzurea.com\\\/en\\\/#organization\",\"name\":\"AZZUREA\",\"alternateName\":\"AZZUREA\",\"url\":\"https:\\\/\\\/azzurea.com\\\/en\\\/\",\"logo\":{\"@type\":\"ImageObject\",\"inLanguage\":\"es\",\"@id\":\"https:\\\/\\\/azzurea.com\\\/en\\\/#\\\/schema\\\/logo\\\/image\\\/\",\"url\":\"https:\\\/\\\/azzurea.com\\\/wp-content\\\/uploads\\\/product_images\\\/prueba2\\\/azzurea-gris.png\",\"contentUrl\":\"https:\\\/\\\/azzurea.com\\\/wp-content\\\/uploads\\\/product_images\\\/prueba2\\\/azzurea-gris.png\",\"width\":1146,\"height\":154,\"caption\":\"AZZUREA\"},\"image\":{\"@id\":\"https:\\\/\\\/azzurea.com\\\/en\\\/#\\\/schema\\\/logo\\\/image\\\/\"},\"sameAs\":[\"https:\\\/\\\/www.facebook.com\\\/azzurea.joyas\",\"https:\\\/\\\/www.instagram.com\\\/azzurea.joyas\\\/\",\"https:\\\/\\\/www.tiktok.com\\\/@azzurea.joyas\"]}]}<\/script>\n<!-- \/ Yoast SEO plugin. -->","yoast_head_json":{"title":"GOLD VERMEIL 24K - AZZUREA","robots":{"index":"index","follow":"follow","max-snippet":"max-snippet:-1","max-image-preview":"max-image-preview:large","max-video-preview":"max-video-preview:-1"},"canonical":"https:\/\/azzurea.com\/es\/gold-vermeil-24k\/","og_locale":"es_ES","og_type":"article","og_title":"GOLD VERMEIL 24K - AZZUREA","og_description":"\u00bfQu\u00e9 es el Oro Vermeil 24K? En mis creaciones utilizo Oro Vermeil, una t\u00e9cnica tradicional que combina la belleza y riqueza del oro puro con la resistencia y calidad de la Plata de Ley 925 como metal base. Cada pieza est\u00e1 recubierta con una capa de oro de 24 quilates de 3 micras de espesor, [&hellip;]","og_url":"https:\/\/azzurea.com\/es\/gold-vermeil-24k\/","og_site_name":"AZZUREA","article_publisher":"https:\/\/www.facebook.com\/azzurea.joyas","article_modified_time":"2024-12-02T17:03:51+00:00","og_image":[{"width":1707,"height":2560,"url":"https:\/\/azzurea.com\/wp-content\/uploads\/product_images\/eme_ear_cuff\/1-scaled.jpg","type":"image\/jpeg"}],"twitter_card":"summary_large_image","twitter_misc":{"Tiempo de lectura":"1 minuto"},"schema":{"@context":"https:\/\/schema.org","@graph":[{"@type":"WebPage","@id":"https:\/\/azzurea.com\/es\/gold-vermeil-24k\/","url":"https:\/\/azzurea.com\/es\/gold-vermeil-24k\/","name":"GOLD VERMEIL 24K - AZZUREA","isPartOf":{"@id":"https:\/\/azzurea.com\/en\/#website"},"primaryImageOfPage":{"@id":"https:\/\/azzurea.com\/es\/gold-vermeil-24k\/#primaryimage"},"image":{"@id":"https:\/\/azzurea.com\/es\/gold-vermeil-24k\/#primaryimage"},"thumbnailUrl":"https:\/\/azzurea.com\/wp-content\/uploads\/product_images\/eme_ear_cuff\/1-scaled.jpg","datePublished":"2024-11-30T16:08:21+00:00","dateModified":"2024-12-02T17:03:51+00:00","breadcrumb":{"@id":"https:\/\/azzurea.com\/es\/gold-vermeil-24k\/#breadcrumb"},"inLanguage":"es","potentialAction":[{"@type":"ReadAction","target":["https:\/\/azzurea.com\/es\/gold-vermeil-24k\/"]}]},{"@type":"ImageObject","inLanguage":"es","@id":"https:\/\/azzurea.com\/es\/gold-vermeil-24k\/#primaryimage","url":"https:\/\/azzurea.com\/wp-content\/uploads\/product_images\/eme_ear_cuff\/1-scaled.jpg","contentUrl":"https:\/\/azzurea.com\/wp-content\/uploads\/product_images\/eme_ear_cuff\/1-scaled.jpg"},{"@type":"BreadcrumbList","@id":"https:\/\/azzurea.com\/es\/gold-vermeil-24k\/#breadcrumb","itemListElement":[{"@type":"ListItem","position":1,"name":"Portada","item":"https:\/\/azzurea.com\/es\/"},{"@type":"ListItem","position":2,"name":"GOLD VERMEIL 24K"}]},{"@type":"WebSite","@id":"https:\/\/azzurea.com\/en\/#website","url":"https:\/\/azzurea.com\/en\/","name":"AZZUREA","description":"Minimalist sculptural jewelry. Made in Spain.","publisher":{"@id":"https:\/\/azzurea.com\/en\/#organization"},"alternateName":"azzurea.com","potentialAction":[{"@type":"SearchAction","target":{"@type":"EntryPoint","urlTemplate":"https:\/\/azzurea.com\/en\/?s={search_term_string}"},"query-input":{"@type":"PropertyValueSpecification","valueRequired":true,"valueName":"search_term_string"}}],"inLanguage":"es"},{"@type":"Organization","@id":"https:\/\/azzurea.com\/en\/#organization","name":"AZZUREA","alternateName":"AZZUREA","url":"https:\/\/azzurea.com\/en\/","logo":{"@type":"ImageObject","inLanguage":"es","@id":"https:\/\/azzurea.com\/en\/#\/schema\/logo\/image\/","url":"https:\/\/azzurea.com\/wp-content\/uploads\/product_images\/prueba2\/azzurea-gris.png","contentUrl":"https:\/\/azzurea.com\/wp-content\/uploads\/product_images\/prueba2\/azzurea-gris.png","width":1146,"height":154,"caption":"AZZUREA"},"image":{"@id":"https:\/\/azzurea.com\/en\/#\/schema\/logo\/image\/"},"sameAs":["https:\/\/www.facebook.com\/azzurea.joyas","https:\/\/www.instagram.com\/azzurea.joyas\/","https:\/\/www.tiktok.com\/@azzurea.joyas"]}]}},"jetpack_sharing_enabled":true,"_links":{"self":[{"href":"https:\/\/azzurea.com\/es\/wp-json\/wp\/v2\/pages\/3913","targetHints":{"allow":["GET"]}}],"collection":[{"href":"https:\/\/azzurea.com\/es\/wp-json\/wp\/v2\/pages"}],"about":[{"href":"https:\/\/azzurea.com\/es\/wp-json\/wp\/v2\/types\/page"}],"author":[{"embeddable":true,"href":"https:\/\/azzurea.com\/es\/wp-json\/wp\/v2\/users\/1"}],"replies":[{"embeddable":true,"href":"https:\/\/azzurea.com\/es\/wp-json\/wp\/v2\/comments?post=3913"}],"version-history":[{"count":16,"href":"https:\/\/azzurea.com\/es\/wp-json\/wp\/v2\/pages\/3913\/revisions"}],"predecessor-version":[{"id":4317,"href":"https:\/\/azzurea.com\/es\/wp-json\/wp\/v2\/pages\/3913\/revisions\/4317"}],"wp:attachment":[{"href":"https:\/\/azzurea.com\/es\/wp-json\/wp\/v2\/media?parent=3913"}],"curies":[{"name":"wp","href":"https:\/\/api.w.org\/{rel}","templated":true}]}}