{"id":3776,"date":"2024-11-25T20:24:34","date_gmt":"2024-11-25T19:24:34","guid":{"rendered":"https:\/\/azzurea.com\/?page_id=3776"},"modified":"2024-12-01T13:15:31","modified_gmt":"2024-12-01T12:15:31","slug":"terms-and-conditions","status":"publish","type":"page","link":"https:\/\/azzurea.com\/es\/terms-and-conditions\/","title":{"rendered":"Terms and conditions"},"content":{"rendered":"\n<div class=\"wp-block-stackable-spacer stk-block-spacer stk--no-padding stk-block stk-98e2b9f\" data-block-id=\"98e2b9f\"><style>.stk-98e2b9f {height:70px !important;}<\/style><\/div>\n\n\n\n<div class=\"wp-block-stackable-columns stk-block-columns stk-block stk-17c1493\" data-block-id=\"17c1493\"><style>.stk-17c1493 {max-width:900px !important;min-width:auto !important;margin-top:0px !important;margin-right:auto !important;margin-bottom:0px !important;margin-left:auto !important;}<\/style><div class=\"stk-row stk-inner-blocks stk-block-content stk-content-align stk-17c1493-column\">\n<div class=\"wp-block-stackable-column stk-block-column stk-column stk-block stk-beb5612\" data-v=\"4\" data-block-id=\"beb5612\"><style>.stk-beb5612 {min-height:0px !important;max-width:1500px !important;min-width:auto !important;margin-top:0px !important;margin-right:auto !important;margin-bottom:0px !important;margin-left:auto !important;}.stk-beb5612-container{min-height:0px !important;padding-top:0px !important;padding-right:0px !important;padding-bottom:0px !important;padding-left:0px !important;}<\/style><div class=\"stk-column-wrapper stk-block-column__content stk-container stk-beb5612-container stk--no-background stk--no-padding\"><div class=\"stk-block-content stk-inner-blocks stk-beb5612-inner-blocks\">\n<div class=\"wp-block-stackable-heading stk-block-heading stk-block-heading--v2 stk-block stk-24d245d\" id=\"terminos-y-condiciones\" data-block-id=\"24d245d\"><style>.stk-24d245d {margin-bottom:30px !important;}<\/style><h4 class=\"stk-block-heading__text\">T\u00e9rminos y condiciones<\/h4><\/div>\n\n\n\n<div class=\"wp-block-stackable-subtitle stk-block-subtitle stk-block stk-826cc95\" id=\"terminos-y-condiciones\" data-block-id=\"826cc95\"><p class=\"stk-block-subtitle__text stk-subtitle\">SOBRE M\u00cd<\/p><\/div>\n\n\n\n<p id=\"terminos-y-condiciones\">\u00a1Hola! Soy <strong>Catalina Mor\u00e1n Polo<\/strong>, con NIF <strong>76268091E<\/strong>, y soy la responsable y titular de <strong><a href=\"https:\/\/azzurea.com\">www.azzurea.com<\/a><\/strong>. Me encanta ofrecer productos de calidad y asegurarme de que tengas una excelente experiencia de compra. Si necesitas m\u00e1s informaci\u00f3n sobre mis datos fiscales o cualquier otra consulta, no dudes en contactarme a mi correo electr\u00f3nico: <strong>info@azzurea.com<\/strong>.<\/p>\n\n\n\n<p id=\"terminos-y-condiciones\">A continuaci\u00f3n, encontrar\u00e1s los <strong>T\u00e9rminos y Condiciones<\/strong> que rigen el uso de esta tienda online. Te recomiendo leerlos con atenci\u00f3n para que sepas todo lo que necesitas antes de realizar tu compra.<\/p>\n\n\n\n<div class=\"wp-block-stackable-spacer stk-block-spacer stk--no-padding stk-block stk-14d72d7\" id=\"terminos-y-condiciones\" data-block-id=\"14d72d7\"><style>.stk-14d72d7 {height:20px !important;}<\/style><\/div>\n\n\n\n<div class=\"wp-block-stackable-subtitle stk-block-subtitle stk-block stk-7bd95d2\" id=\"terminos-y-condiciones\" data-block-id=\"7bd95d2\"><p class=\"stk-block-subtitle__text stk-subtitle\">USO DE LA TIENDA<\/p><\/div>\n\n\n\n<p id=\"terminos-y-condiciones\">Puedes usar esta tienda para explorar y comprar los productos que ofrezco. Sin embargo, al hacerlo, aceptas:<\/p>\n\n\n\n<ul id=\"terminos-y-condiciones\" class=\"wp-block-list\">\n<li>No utilizar mi p\u00e1gina con fines fraudulentos o ilegales.<\/li>\n\n\n\n<li>Proporcionar informaci\u00f3n real y actualizada al completar tus datos de compra.<\/li>\n\n\n\n<li>No copiar, reproducir o distribuir el contenido de esta p\u00e1gina sin mi permiso.<\/li>\n<\/ul>\n\n\n\n<p id=\"terminos-y-condiciones\">Si detecto un uso indebido de mi sitio, me reservo el derecho de tomar las medidas legales necesarias.<\/p>\n\n\n\n<div class=\"wp-block-stackable-spacer stk-block-spacer stk--no-padding stk-block stk-57ae0be\" id=\"terminos-y-condiciones\" data-block-id=\"57ae0be\"><style>.stk-57ae0be {height:20px !important;}<\/style><\/div>\n\n\n\n<div class=\"wp-block-stackable-subtitle stk-block-subtitle stk-block stk-c015fba\" id=\"terminos-y-condiciones\" data-block-id=\"c015fba\"><p class=\"stk-block-subtitle__text stk-subtitle\">COMPRAS Y PAGO<\/p><\/div>\n\n\n\n<p id=\"terminos-y-condiciones\">Cuando realizas una compra en mi tienda:<\/p>\n\n\n\n<ul id=\"terminos-y-condiciones\" class=\"wp-block-list\">\n<li>Los precios se mostrar\u00e1n en la moneda local de tu pa\u00eds, dependiendo de tu ubicaci\u00f3n, y pueden variar ligeramente debido al tipo de cambio aplicado por las plataformas de pago.<\/li>\n\n\n\n<li>Los precios incluyen los impuestos aplicables en Espa\u00f1a, como el IVA (21%). Si compras desde fuera de la Uni\u00f3n Europea, <strong>tu pa\u00eds podr\u00eda aplicar aranceles o impuestos adicionales, que ser\u00e1n tu responsabilidad.<\/strong><\/li>\n\n\n\n<li>Te comprometes a revisar el carrito y confirmar que todos los detalles son correctos antes de finalizar la compra.<\/li>\n\n\n\n<li>Acepto pagos \u00fanicamente con tarjeta de cr\u00e9dito o d\u00e9bito a trav\u00e9s de la pasarela de pago <strong>Stripe<\/strong>, que asegura un procesamiento de pagos seguro y r\u00e1pido. No almaceno los datos de tus tarjetas o cuentas bancarias.<\/li>\n<\/ul>\n\n\n\n<div class=\"wp-block-stackable-spacer stk-block-spacer stk--no-padding stk-block stk-ff40ee4\" id=\"terminos-y-condiciones\" data-block-id=\"ff40ee4\"><style>.stk-ff40ee4 {height:20px !important;}<\/style><\/div>\n\n\n\n<div class=\"wp-block-stackable-subtitle stk-block-subtitle stk-block stk-33aa0a1\" id=\"terminos-y-condiciones\" data-block-id=\"33aa0a1\"><p class=\"stk-block-subtitle__text stk-subtitle\">ENV\u00cdOS, DEVOLUCIONES Y PRIVACIDAD<\/p><\/div>\n\n\n\n<p id=\"terminos-y-condiciones\">Para todo lo relacionado con env\u00edos, devoluciones o el manejo de tus datos personales, te invito a consultar las siguientes secciones de mi p\u00e1gina:<\/p>\n\n\n\n<ul id=\"terminos-y-condiciones\" class=\"wp-block-list\">\n<li><a href=\"https:\/\/azzurea.com\/shipping-returns\/\">Env\u00edo y devoluci\u00f3n<\/a><\/li>\n\n\n\n<li><a href=\"https:\/\/azzurea.com\/privacy-policy\">Pol\u00edtica de privacidad<\/a><\/li>\n<\/ul>\n\n\n\n<div class=\"wp-block-stackable-spacer stk-block-spacer stk--no-padding stk-block stk-2d4f8fd\" id=\"terminos-y-condiciones\" data-block-id=\"2d4f8fd\"><style>.stk-2d4f8fd {height:20px !important;}<\/style><\/div>\n\n\n\n<div class=\"wp-block-stackable-subtitle stk-block-subtitle stk-block stk-9383b3a\" id=\"terminos-y-condiciones\" data-block-id=\"9383b3a\"><p class=\"stk-block-subtitle__text stk-subtitle\">PROPIEDAD INTELECTUAL<\/p><\/div>\n\n\n\n<p id=\"terminos-y-condiciones\">Todo el contenido de mi tienda online (im\u00e1genes, textos, dise\u00f1os, etc.) es de mi propiedad, a menos que se indique lo contrario. No puedes copiar, reproducir ni distribuir ning\u00fan material sin mi permiso por escrito.<\/p>\n\n\n\n<div class=\"wp-block-stackable-spacer stk-block-spacer stk--no-padding stk-block stk-a7b1c16\" id=\"terminos-y-condiciones\" data-block-id=\"a7b1c16\"><style>.stk-a7b1c16 {height:20px !important;}<\/style><\/div>\n\n\n\n<div class=\"wp-block-stackable-subtitle stk-block-subtitle stk-block stk-052cafe\" id=\"terminos-y-condiciones\" data-block-id=\"052cafe\"><p class=\"stk-block-subtitle__text stk-subtitle\">CAMBIOS EN ESTOS T\u00c9RMINOS Y CONDICIONES<\/p><\/div>\n\n\n\n<p id=\"terminos-y-condiciones\">Me reservo el derecho de modificar estos T\u00e9rminos y Condiciones cuando sea necesario. Si realizo cambios importantes, los anunciar\u00e9 aqu\u00ed. Al continuar utilizando mi tienda, aceptas revisar peri\u00f3dicamente esta secci\u00f3n para estar al tanto de las actualizaciones.<\/p>\n\n\n\n<div class=\"wp-block-stackable-spacer stk-block-spacer stk--no-padding stk-block stk-97ac873\" id=\"terminos-y-condiciones\" data-block-id=\"97ac873\"><style>.stk-97ac873 {height:20px !important;}<\/style><\/div>\n\n\n\n<div class=\"wp-block-stackable-subtitle stk-block-subtitle stk-block stk-64ca124\" id=\"terminos-y-condiciones\" data-block-id=\"64ca124\"><p class=\"stk-block-subtitle__text stk-subtitle\">LEY APLICABLE<\/p><\/div>\n\n\n\n<p id=\"terminos-y-condiciones\">Estos T\u00e9rminos y Condiciones se rigen por la legislaci\u00f3n vigente en Espa\u00f1a, incluyendo la <strong>Ley General para la Defensa de los Consumidores y Usuarios (Real Decreto Legislativo 1\/2007)<\/strong> y la <strong>Ley de Servicios de la Sociedad de la Informaci\u00f3n y del Comercio Electr\u00f3nico (Ley 34\/2002)<\/strong>.<\/p>\n\n\n\n<p id=\"terminos-y-condiciones\">Si surge alguna disputa relacionada con mi tienda o estos T\u00e9rminos y Condiciones, intentar\u00e9 resolverla de forma amistosa. Si no logramos llegar a un acuerdo, las partes se someter\u00e1n a los tribunales de la jurisdicci\u00f3n competente en Espa\u00f1a.<\/p>\n\n\n\n<div class=\"wp-block-stackable-spacer stk-block-spacer stk--no-padding stk-block stk-8fd9762\" id=\"terminos-y-condiciones\" data-block-id=\"8fd9762\"><style>.stk-8fd9762 {height:20px !important;}<\/style><\/div>\n\n\n\n<div class=\"wp-block-stackable-subtitle stk-block-subtitle stk-block stk-aa213d8\" id=\"terminos-y-condiciones\" data-block-id=\"aa213d8\"><p class=\"stk-block-subtitle__text stk-subtitle\">INFORMACI\u00d3N LEGAL Y FISCAL<\/p><\/div>\n\n\n\n<p id=\"terminos-y-condiciones\">De acuerdo con la <strong>Ley de Servicios de la Sociedad de la Informaci\u00f3n y del Comercio Electr\u00f3nico (Ley 34\/2002)<\/strong>, te proporciono mis datos de identificaci\u00f3n:<\/p>\n\n\n\n<ul id=\"terminos-y-condiciones\" class=\"wp-block-list\">\n<li>Nombre completo: Catalina Mor\u00e1n Polo<\/li>\n\n\n\n<li>NIF: 76268091E<\/li>\n<\/ul>\n\n\n\n<p id=\"terminos-y-condiciones\">Si necesitas m\u00e1s informaci\u00f3n, puedes escribirme a <strong>info@azzurea.com<\/strong>.<\/p>\n\n\n\n<div class=\"wp-block-stackable-spacer stk-block-spacer stk--no-padding stk-block stk-9713db7\" id=\"terminos-y-condiciones\" data-block-id=\"9713db7\"><style>.stk-9713db7 {height:20px !important;}<\/style><\/div>\n\n\n\n<div class=\"wp-block-stackable-subtitle stk-block-subtitle stk-block stk-d838917\" id=\"terminos-y-condiciones\" data-block-id=\"d838917\"><p class=\"stk-block-subtitle__text stk-subtitle\">CONTACTO<\/p><\/div>\n\n\n\n<p id=\"terminos-y-condiciones\">Estoy aqu\u00ed para ayudarte. Si tienes preguntas sobre estos T\u00e9rminos y Condiciones, tus pedidos o cualquier otra cosa, no dudes en escribirme a <strong>info@azzurea.com<\/strong>.<\/p>\n<\/div><\/div><\/div>\n<\/div><\/div>\n","protected":false},"excerpt":{"rendered":"<p>T\u00e9rminos y condiciones SOBRE M\u00cd \u00a1Hola! Soy Catalina Mor\u00e1n Polo, con NIF 76268091E, y soy la responsable y titular de www.azzurea.com. Me encanta ofrecer productos de calidad y asegurarme de que tengas una excelente experiencia de compra. Si necesitas m\u00e1s informaci\u00f3n sobre mis datos fiscales o cualquier otra consulta, no dudes en contactarme a mi [&hellip;]<\/p>\n","protected":false},"author":1,"featured_media":0,"parent":0,"menu_order":0,"comment_status":"closed","ping_status":"closed","template":"","meta":{"footnotes":""},"class_list":["post-3776","page","type-page","status-publish","hentry"],"blocksy_meta":[],"yoast_head":"<!-- This site is optimized with the Yoast SEO plugin v27.4 - https:\/\/yoast.com\/product\/yoast-seo-wordpress\/ -->\n<title>Terms and conditions - AZZUREA<\/title>\n<meta name=\"robots\" content=\"index, follow, max-snippet:-1, max-image-preview:large, max-video-preview:-1\" \/>\n<link rel=\"canonical\" href=\"https:\/\/azzurea.com\/es\/terms-and-conditions\/\" \/>\n<meta property=\"og:locale\" content=\"es_ES\" \/>\n<meta property=\"og:type\" content=\"article\" \/>\n<meta property=\"og:title\" content=\"Terms and conditions - AZZUREA\" \/>\n<meta property=\"og:description\" content=\"T\u00e9rminos y condiciones SOBRE M\u00cd \u00a1Hola! Soy Catalina Mor\u00e1n Polo, con NIF 76268091E, y soy la responsable y titular de www.azzurea.com. Me encanta ofrecer productos de calidad y asegurarme de que tengas una excelente experiencia de compra. Si necesitas m\u00e1s informaci\u00f3n sobre mis datos fiscales o cualquier otra consulta, no dudes en contactarme a mi [&hellip;]\" \/>\n<meta property=\"og:url\" content=\"https:\/\/azzurea.com\/es\/terms-and-conditions\/\" \/>\n<meta property=\"og:site_name\" content=\"AZZUREA\" \/>\n<meta property=\"article:publisher\" content=\"https:\/\/www.facebook.com\/azzurea.joyas\" \/>\n<meta property=\"article:modified_time\" content=\"2024-12-01T12:15:31+00:00\" \/>\n<meta property=\"og:image\" content=\"https:\/\/azzurea.com\/wp-content\/uploads\/logo.webp\" \/>\n\t<meta property=\"og:image:width\" content=\"280\" \/>\n\t<meta property=\"og:image:height\" content=\"280\" \/>\n\t<meta property=\"og:image:type\" content=\"image\/webp\" \/>\n<meta name=\"twitter:card\" content=\"summary_large_image\" \/>\n<meta name=\"twitter:label1\" content=\"Tiempo de lectura\" \/>\n\t<meta name=\"twitter:data1\" content=\"1 minuto\" \/>\n<script type=\"application\/ld+json\" class=\"yoast-schema-graph\">{\"@context\":\"https:\\\/\\\/schema.org\",\"@graph\":[{\"@type\":\"WebPage\",\"@id\":\"https:\\\/\\\/azzurea.com\\\/es\\\/terms-and-conditions\\\/\",\"url\":\"https:\\\/\\\/azzurea.com\\\/es\\\/terms-and-conditions\\\/\",\"name\":\"Terms and conditions - AZZUREA\",\"isPartOf\":{\"@id\":\"https:\\\/\\\/azzurea.com\\\/en\\\/#website\"},\"datePublished\":\"2024-11-25T19:24:34+00:00\",\"dateModified\":\"2024-12-01T12:15:31+00:00\",\"breadcrumb\":{\"@id\":\"https:\\\/\\\/azzurea.com\\\/es\\\/terms-and-conditions\\\/#breadcrumb\"},\"inLanguage\":\"es\",\"potentialAction\":[{\"@type\":\"ReadAction\",\"target\":[\"https:\\\/\\\/azzurea.com\\\/es\\\/terms-and-conditions\\\/\"]}]},{\"@type\":\"BreadcrumbList\",\"@id\":\"https:\\\/\\\/azzurea.com\\\/es\\\/terms-and-conditions\\\/#breadcrumb\",\"itemListElement\":[{\"@type\":\"ListItem\",\"position\":1,\"name\":\"Portada\",\"item\":\"https:\\\/\\\/azzurea.com\\\/es\\\/\"},{\"@type\":\"ListItem\",\"position\":2,\"name\":\"Terms and conditions\"}]},{\"@type\":\"WebSite\",\"@id\":\"https:\\\/\\\/azzurea.com\\\/en\\\/#website\",\"url\":\"https:\\\/\\\/azzurea.com\\\/en\\\/\",\"name\":\"AZZUREA\",\"description\":\"Minimalist sculptural jewelry. Made in Spain.\",\"publisher\":{\"@id\":\"https:\\\/\\\/azzurea.com\\\/en\\\/#organization\"},\"alternateName\":\"azzurea.com\",\"potentialAction\":[{\"@type\":\"SearchAction\",\"target\":{\"@type\":\"EntryPoint\",\"urlTemplate\":\"https:\\\/\\\/azzurea.com\\\/en\\\/?s={search_term_string}\"},\"query-input\":{\"@type\":\"PropertyValueSpecification\",\"valueRequired\":true,\"valueName\":\"search_term_string\"}}],\"inLanguage\":\"es\"},{\"@type\":\"Organization\",\"@id\":\"https:\\\/\\\/azzurea.com\\\/en\\\/#organization\",\"name\":\"AZZUREA\",\"alternateName\":\"AZZUREA\",\"url\":\"https:\\\/\\\/azzurea.com\\\/en\\\/\",\"logo\":{\"@type\":\"ImageObject\",\"inLanguage\":\"es\",\"@id\":\"https:\\\/\\\/azzurea.com\\\/en\\\/#\\\/schema\\\/logo\\\/image\\\/\",\"url\":\"https:\\\/\\\/azzurea.com\\\/wp-content\\\/uploads\\\/product_images\\\/prueba2\\\/azzurea-gris.png\",\"contentUrl\":\"https:\\\/\\\/azzurea.com\\\/wp-content\\\/uploads\\\/product_images\\\/prueba2\\\/azzurea-gris.png\",\"width\":1146,\"height\":154,\"caption\":\"AZZUREA\"},\"image\":{\"@id\":\"https:\\\/\\\/azzurea.com\\\/en\\\/#\\\/schema\\\/logo\\\/image\\\/\"},\"sameAs\":[\"https:\\\/\\\/www.facebook.com\\\/azzurea.joyas\",\"https:\\\/\\\/www.instagram.com\\\/azzurea.joyas\\\/\",\"https:\\\/\\\/www.tiktok.com\\\/@azzurea.joyas\"]}]}<\/script>\n<!-- \/ Yoast SEO plugin. -->","yoast_head_json":{"title":"Terms and conditions - AZZUREA","robots":{"index":"index","follow":"follow","max-snippet":"max-snippet:-1","max-image-preview":"max-image-preview:large","max-video-preview":"max-video-preview:-1"},"canonical":"https:\/\/azzurea.com\/es\/terms-and-conditions\/","og_locale":"es_ES","og_type":"article","og_title":"Terms and conditions - AZZUREA","og_description":"T\u00e9rminos y condiciones SOBRE M\u00cd \u00a1Hola! Soy Catalina Mor\u00e1n Polo, con NIF 76268091E, y soy la responsable y titular de www.azzurea.com. Me encanta ofrecer productos de calidad y asegurarme de que tengas una excelente experiencia de compra. Si necesitas m\u00e1s informaci\u00f3n sobre mis datos fiscales o cualquier otra consulta, no dudes en contactarme a mi [&hellip;]","og_url":"https:\/\/azzurea.com\/es\/terms-and-conditions\/","og_site_name":"AZZUREA","article_publisher":"https:\/\/www.facebook.com\/azzurea.joyas","article_modified_time":"2024-12-01T12:15:31+00:00","og_image":[{"width":280,"height":280,"url":"https:\/\/azzurea.com\/wp-content\/uploads\/logo.webp","type":"image\/webp"}],"twitter_card":"summary_large_image","twitter_misc":{"Tiempo de lectura":"1 minuto"},"schema":{"@context":"https:\/\/schema.org","@graph":[{"@type":"WebPage","@id":"https:\/\/azzurea.com\/es\/terms-and-conditions\/","url":"https:\/\/azzurea.com\/es\/terms-and-conditions\/","name":"Terms and conditions - AZZUREA","isPartOf":{"@id":"https:\/\/azzurea.com\/en\/#website"},"datePublished":"2024-11-25T19:24:34+00:00","dateModified":"2024-12-01T12:15:31+00:00","breadcrumb":{"@id":"https:\/\/azzurea.com\/es\/terms-and-conditions\/#breadcrumb"},"inLanguage":"es","potentialAction":[{"@type":"ReadAction","target":["https:\/\/azzurea.com\/es\/terms-and-conditions\/"]}]},{"@type":"BreadcrumbList","@id":"https:\/\/azzurea.com\/es\/terms-and-conditions\/#breadcrumb","itemListElement":[{"@type":"ListItem","position":1,"name":"Portada","item":"https:\/\/azzurea.com\/es\/"},{"@type":"ListItem","position":2,"name":"Terms and conditions"}]},{"@type":"WebSite","@id":"https:\/\/azzurea.com\/en\/#website","url":"https:\/\/azzurea.com\/en\/","name":"AZZUREA","description":"Minimalist sculptural jewelry. Made in Spain.","publisher":{"@id":"https:\/\/azzurea.com\/en\/#organization"},"alternateName":"azzurea.com","potentialAction":[{"@type":"SearchAction","target":{"@type":"EntryPoint","urlTemplate":"https:\/\/azzurea.com\/en\/?s={search_term_string}"},"query-input":{"@type":"PropertyValueSpecification","valueRequired":true,"valueName":"search_term_string"}}],"inLanguage":"es"},{"@type":"Organization","@id":"https:\/\/azzurea.com\/en\/#organization","name":"AZZUREA","alternateName":"AZZUREA","url":"https:\/\/azzurea.com\/en\/","logo":{"@type":"ImageObject","inLanguage":"es","@id":"https:\/\/azzurea.com\/en\/#\/schema\/logo\/image\/","url":"https:\/\/azzurea.com\/wp-content\/uploads\/product_images\/prueba2\/azzurea-gris.png","contentUrl":"https:\/\/azzurea.com\/wp-content\/uploads\/product_images\/prueba2\/azzurea-gris.png","width":1146,"height":154,"caption":"AZZUREA"},"image":{"@id":"https:\/\/azzurea.com\/en\/#\/schema\/logo\/image\/"},"sameAs":["https:\/\/www.facebook.com\/azzurea.joyas","https:\/\/www.instagram.com\/azzurea.joyas\/","https:\/\/www.tiktok.com\/@azzurea.joyas"]}]}},"jetpack_sharing_enabled":true,"_links":{"self":[{"href":"https:\/\/azzurea.com\/es\/wp-json\/wp\/v2\/pages\/3776","targetHints":{"allow":["GET"]}}],"collection":[{"href":"https:\/\/azzurea.com\/es\/wp-json\/wp\/v2\/pages"}],"about":[{"href":"https:\/\/azzurea.com\/es\/wp-json\/wp\/v2\/types\/page"}],"author":[{"embeddable":true,"href":"https:\/\/azzurea.com\/es\/wp-json\/wp\/v2\/users\/1"}],"replies":[{"embeddable":true,"href":"https:\/\/azzurea.com\/es\/wp-json\/wp\/v2\/comments?post=3776"}],"version-history":[{"count":13,"href":"https:\/\/azzurea.com\/es\/wp-json\/wp\/v2\/pages\/3776\/revisions"}],"predecessor-version":[{"id":4038,"href":"https:\/\/azzurea.com\/es\/wp-json\/wp\/v2\/pages\/3776\/revisions\/4038"}],"wp:attachment":[{"href":"https:\/\/azzurea.com\/es\/wp-json\/wp\/v2\/media?parent=3776"}],"curies":[{"name":"wp","href":"https:\/\/api.w.org\/{rel}","templated":true}]}}