{"id":2046,"date":"2023-11-26T19:37:15","date_gmt":"2023-11-26T18:37:15","guid":{"rendered":"http:\/\/azzurea.es\/?page_id=2046"},"modified":"2024-12-01T16:00:08","modified_gmt":"2024-12-01T15:00:08","slug":"privacy-policy","status":"publish","type":"page","link":"https:\/\/azzurea.com\/es\/privacy-policy\/","title":{"rendered":"PRIVACY POLICY"},"content":{"rendered":"\n<div class=\"wp-block-stackable-spacer stk-block-spacer stk--no-padding stk-block stk-5981ede\" data-block-id=\"5981ede\"><style>.stk-5981ede {height:70px !important;}<\/style><\/div>\n\n\n\n<div class=\"wp-block-stackable-columns stk-block-columns stk-block stk-bb97d55\" data-block-id=\"bb97d55\"><style>.stk-bb97d55 {max-width:900px !important;min-width:auto !important;margin-top:0px !important;margin-right:auto !important;margin-bottom:0px !important;margin-left:auto !important;}<\/style><div class=\"stk-row stk-inner-blocks stk-block-content stk-content-align stk-bb97d55-column\">\n<div class=\"wp-block-stackable-column stk-block-column stk-column stk-block stk-32fece6\" data-v=\"4\" data-block-id=\"32fece6\"><div class=\"stk-column-wrapper stk-block-column__content stk-container stk-32fece6-container stk--no-background stk--no-padding\"><div class=\"stk-block-content stk-inner-blocks stk-32fece6-inner-blocks\">\n<div class=\"wp-block-stackable-heading stk-block-heading stk-block-heading--v2 stk-block stk-ac46a1e\" id=\"politica-de-privacidad\" data-block-id=\"ac46a1e\"><style>.stk-ac46a1e {margin-bottom:30px !important;}<\/style><h4 class=\"stk-block-heading__text\">Pol\u00edtica de privacidad<\/h4><\/div>\n\n\n\n<div class=\"wp-block-stackable-subtitle stk-block-subtitle stk-block stk-cf14e44\" data-block-id=\"cf14e44\"><p class=\"stk-block-subtitle__text stk-subtitle\">RESPONSABLE DEL TRATAMIENTO DE DATOS<\/p><\/div>\n\n\n\n<p>Soy <strong>Catalina Mor\u00e1n Polo<\/strong>, con NIF <strong>76268091E<\/strong>, y soy la responsable del tratamiento de tus datos personales. Si necesitas m\u00e1s informaci\u00f3n o tienes alguna duda sobre c\u00f3mo trato tus datos, no dudes en escribirme a <strong>info@azzurea.com<\/strong>.<\/p>\n\n\n\n<div class=\"wp-block-stackable-spacer stk-block-spacer stk--no-padding stk-block stk-959689c\" data-block-id=\"959689c\"><style>.stk-959689c {height:20px !important;}<\/style><\/div>\n\n\n\n<div class=\"wp-block-stackable-subtitle stk-block-subtitle stk-block stk-d7c9041\" data-block-id=\"d7c9041\"><p class=\"stk-block-subtitle__text stk-subtitle\">DATOS RECOPILADOS Y FINALIDAD DEL TRATAMIENTO<\/p><\/div>\n\n\n\n<p>Recopilo la informaci\u00f3n personal que t\u00fa me proporcionas de manera voluntaria cuando realizas compras o te registras en mi tienda online. Esta informaci\u00f3n incluye, entre otros, tu nombre, direcci\u00f3n, direcci\u00f3n de correo electr\u00f3nico, n\u00famero de tel\u00e9fono y detalles de pago (procesados de forma segura a trav\u00e9s de <strong>Stripe<\/strong>). <\/p>\n\n\n\n<p>Los datos recopilados se utilizan para:<\/p>\n\n\n\n<ul class=\"wp-block-list\">\n<li><strong>Procesar tus pedidos<\/strong> y realizar las entregas correspondientes.<\/li>\n\n\n\n<li><strong>Comunicarme contigo<\/strong> sobre el estado de tus compras, responder a tus consultas o solicitudes.<\/li>\n\n\n\n<li><strong>Enviarte informaci\u00f3n relevante<\/strong> sobre productos, promociones o eventos, pero solo si t\u00fa me has dado tu consentimiento expreso para recibir esas comunicaciones.<\/li>\n\n\n\n<li><strong>Mejorar mi tienda online<\/strong> y ofrecerte una experiencia de compra personalizada.<\/li>\n<\/ul>\n\n\n\n<div class=\"wp-block-stackable-spacer stk-block-spacer stk--no-padding stk-block stk-f82c09a\" data-block-id=\"f82c09a\"><style>.stk-f82c09a {height:20px !important;}<\/style><\/div>\n\n\n\n<div class=\"wp-block-stackable-subtitle stk-block-subtitle stk-block stk-5a9c1bb\" data-block-id=\"5a9c1bb\"><p class=\"stk-block-subtitle__text stk-subtitle\">USO DE COOKIES<\/p><\/div>\n\n\n\n<p>Utilizo <strong>cookies<\/strong> y tecnolog\u00edas similares para mejorar tu experiencia en la tienda online. Estas cookies pueden ser:<\/p>\n\n\n\n<ul class=\"wp-block-list\">\n<li><strong>Cookies esenciales<\/strong> para el funcionamiento del sitio.<\/li>\n\n\n\n<li><strong>Cookies anal\u00edticas<\/strong> que me permiten conocer c\u00f3mo usas mi web, para poder mejorarla.<\/li>\n\n\n\n<li><strong>Cookies publicitarias<\/strong> que me ayudan a mostrarte contenido relevante.<\/li>\n<\/ul>\n\n\n\n<p>Al seguir navegando en mi tienda, aceptas el uso de cookies conforme a mi <strong>Pol\u00edtica de Cookies<\/strong>. Si lo prefieres, puedes gestionar las preferencias de cookies desde la configuraci\u00f3n de tu navegador.<\/p>\n\n\n\n<div class=\"wp-block-stackable-spacer stk-block-spacer stk--no-padding stk-block stk-3a776b2\" data-block-id=\"3a776b2\"><style>.stk-3a776b2 {height:20px !important;}<\/style><\/div>\n\n\n\n<div class=\"wp-block-stackable-subtitle stk-block-subtitle stk-block stk-0b770c5\" data-block-id=\"0b770c5\"><p class=\"stk-block-subtitle__text stk-subtitle\">SEGURIDAD DE LOS DATOS<\/p><\/div>\n\n\n\n<p>Me tomo muy en serio la seguridad de tus datos. Por eso, implemento medidas t\u00e9cnicas y organizativas adecuadas para evitar el acceso no autorizado, la divulgaci\u00f3n, alteraci\u00f3n o destrucci\u00f3n de la informaci\u00f3n que recoges.<\/p>\n\n\n\n<div class=\"wp-block-stackable-spacer stk-block-spacer stk--no-padding stk-block stk-32c4e87\" data-block-id=\"32c4e87\"><style>.stk-32c4e87 {height:20px !important;}<\/style><\/div>\n\n\n\n<div class=\"wp-block-stackable-subtitle stk-block-subtitle stk-block stk-6cb6316\" data-block-id=\"6cb6316\"><p class=\"stk-block-subtitle__text stk-subtitle\">TUS DERECHOS<\/p><\/div>\n\n\n\n<p>Tienes derecho a acceder, rectificar, eliminar, limitar u oponerte al procesamiento de tus datos personales. Si deseas ejercer alguno de estos derechos, solo tienes que enviarme un correo a <strong>info@azzurea.com<\/strong> y me encargar\u00e9 de atender tu solicitud lo antes posible.<\/p>\n\n\n\n<div class=\"wp-block-stackable-spacer stk-block-spacer stk--no-padding stk-block stk-3794ac6\" data-block-id=\"3794ac6\"><style>.stk-3794ac6 {height:20px !important;}<\/style><\/div>\n\n\n\n<div class=\"wp-block-stackable-subtitle stk-block-subtitle stk-block stk-3a2c2da\" data-block-id=\"3a2c2da\"><p class=\"stk-block-subtitle__text stk-subtitle\">CAMBIOS EN ESTA POL\u00cdTICA<\/p><\/div>\n\n\n\n<p>De vez en cuando, puedo realizar modificaciones en esta <strong>Pol\u00edtica de Privacidad<\/strong>. Si hago alg\u00fan cambio importante, lo publicar\u00e9 en esta p\u00e1gina con la fecha de actualizaci\u00f3n. Te recomiendo que revises esta p\u00e1gina peri\u00f3dicamente para estar al tanto de cualquier novedad.<\/p>\n\n\n\n<div class=\"wp-block-stackable-spacer stk-block-spacer stk--no-padding stk-block stk-86b44aa\" data-block-id=\"86b44aa\"><style>.stk-86b44aa {height:20px !important;}<\/style><\/div>\n\n\n\n<div class=\"wp-block-stackable-subtitle stk-block-subtitle stk-block stk-97dd8ce\" data-block-id=\"97dd8ce\"><p class=\"stk-block-subtitle__text stk-subtitle\">CONTACTO<\/p><\/div>\n\n\n\n<p>Si tienes alguna pregunta, comentario o solicitud relacionada con esta Pol\u00edtica de Privacidad, no dudes en ponerte en contacto conmigo a trav\u00e9s del correo electr\u00f3nico: <strong>info@azzurea.com<\/strong>.<\/p>\n\n\n\n<p><\/p>\n<\/div><\/div><\/div>\n<\/div><\/div>\n","protected":false},"excerpt":{"rendered":"<p>Pol\u00edtica de privacidad RESPONSABLE DEL TRATAMIENTO DE DATOS Soy Catalina Mor\u00e1n Polo, con NIF 76268091E, y soy la responsable del tratamiento de tus datos personales. Si necesitas m\u00e1s informaci\u00f3n o tienes alguna duda sobre c\u00f3mo trato tus datos, no dudes en escribirme a info@azzurea.com. DATOS RECOPILADOS Y FINALIDAD DEL TRATAMIENTO Recopilo la informaci\u00f3n personal que [&hellip;]<\/p>\n","protected":false},"author":1,"featured_media":0,"parent":0,"menu_order":0,"comment_status":"closed","ping_status":"closed","template":"","meta":{"footnotes":""},"class_list":["post-2046","page","type-page","status-publish","hentry"],"blocksy_meta":{"page_structure_type":"type-3","has_hero_section":"default"},"yoast_head":"<!-- This site is optimized with the Yoast SEO plugin v27.4 - https:\/\/yoast.com\/product\/yoast-seo-wordpress\/ -->\n<title>PRIVACY POLICY - AZZUREA<\/title>\n<meta name=\"robots\" content=\"index, follow, max-snippet:-1, max-image-preview:large, max-video-preview:-1\" \/>\n<link rel=\"canonical\" href=\"https:\/\/azzurea.com\/es\/privacy-policy\/\" \/>\n<meta property=\"og:locale\" content=\"es_ES\" \/>\n<meta property=\"og:type\" content=\"article\" \/>\n<meta property=\"og:title\" content=\"PRIVACY POLICY - AZZUREA\" \/>\n<meta property=\"og:description\" content=\"Pol\u00edtica de privacidad RESPONSABLE DEL TRATAMIENTO DE DATOS Soy Catalina Mor\u00e1n Polo, con NIF 76268091E, y soy la responsable del tratamiento de tus datos personales. Si necesitas m\u00e1s informaci\u00f3n o tienes alguna duda sobre c\u00f3mo trato tus datos, no dudes en escribirme a info@azzurea.com. DATOS RECOPILADOS Y FINALIDAD DEL TRATAMIENTO Recopilo la informaci\u00f3n personal que [&hellip;]\" \/>\n<meta property=\"og:url\" content=\"https:\/\/azzurea.com\/es\/privacy-policy\/\" \/>\n<meta property=\"og:site_name\" content=\"AZZUREA\" \/>\n<meta property=\"article:publisher\" content=\"https:\/\/www.facebook.com\/azzurea.joyas\" \/>\n<meta property=\"article:modified_time\" content=\"2024-12-01T15:00:08+00:00\" \/>\n<meta property=\"og:image\" content=\"https:\/\/azzurea.com\/wp-content\/uploads\/logo.webp\" \/>\n\t<meta property=\"og:image:width\" content=\"280\" \/>\n\t<meta property=\"og:image:height\" content=\"280\" \/>\n\t<meta property=\"og:image:type\" content=\"image\/webp\" \/>\n<meta name=\"twitter:card\" content=\"summary_large_image\" \/>\n<meta name=\"twitter:label1\" content=\"Tiempo de lectura\" \/>\n\t<meta name=\"twitter:data1\" content=\"2 minutos\" \/>\n<script type=\"application\/ld+json\" class=\"yoast-schema-graph\">{\"@context\":\"https:\\\/\\\/schema.org\",\"@graph\":[{\"@type\":\"WebPage\",\"@id\":\"https:\\\/\\\/azzurea.com\\\/es\\\/privacy-policy\\\/\",\"url\":\"https:\\\/\\\/azzurea.com\\\/es\\\/privacy-policy\\\/\",\"name\":\"PRIVACY POLICY - AZZUREA\",\"isPartOf\":{\"@id\":\"https:\\\/\\\/azzurea.com\\\/en\\\/#website\"},\"datePublished\":\"2023-11-26T18:37:15+00:00\",\"dateModified\":\"2024-12-01T15:00:08+00:00\",\"breadcrumb\":{\"@id\":\"https:\\\/\\\/azzurea.com\\\/es\\\/privacy-policy\\\/#breadcrumb\"},\"inLanguage\":\"es\",\"potentialAction\":[{\"@type\":\"ReadAction\",\"target\":[\"https:\\\/\\\/azzurea.com\\\/es\\\/privacy-policy\\\/\"]}]},{\"@type\":\"BreadcrumbList\",\"@id\":\"https:\\\/\\\/azzurea.com\\\/es\\\/privacy-policy\\\/#breadcrumb\",\"itemListElement\":[{\"@type\":\"ListItem\",\"position\":1,\"name\":\"Portada\",\"item\":\"https:\\\/\\\/azzurea.com\\\/es\\\/\"},{\"@type\":\"ListItem\",\"position\":2,\"name\":\"PRIVACY POLICY\"}]},{\"@type\":\"WebSite\",\"@id\":\"https:\\\/\\\/azzurea.com\\\/en\\\/#website\",\"url\":\"https:\\\/\\\/azzurea.com\\\/en\\\/\",\"name\":\"AZZUREA\",\"description\":\"Minimalist sculptural jewelry. Made in Spain.\",\"publisher\":{\"@id\":\"https:\\\/\\\/azzurea.com\\\/en\\\/#organization\"},\"alternateName\":\"azzurea.com\",\"potentialAction\":[{\"@type\":\"SearchAction\",\"target\":{\"@type\":\"EntryPoint\",\"urlTemplate\":\"https:\\\/\\\/azzurea.com\\\/en\\\/?s={search_term_string}\"},\"query-input\":{\"@type\":\"PropertyValueSpecification\",\"valueRequired\":true,\"valueName\":\"search_term_string\"}}],\"inLanguage\":\"es\"},{\"@type\":\"Organization\",\"@id\":\"https:\\\/\\\/azzurea.com\\\/en\\\/#organization\",\"name\":\"AZZUREA\",\"alternateName\":\"AZZUREA\",\"url\":\"https:\\\/\\\/azzurea.com\\\/en\\\/\",\"logo\":{\"@type\":\"ImageObject\",\"inLanguage\":\"es\",\"@id\":\"https:\\\/\\\/azzurea.com\\\/en\\\/#\\\/schema\\\/logo\\\/image\\\/\",\"url\":\"https:\\\/\\\/azzurea.com\\\/wp-content\\\/uploads\\\/product_images\\\/prueba2\\\/azzurea-gris.png\",\"contentUrl\":\"https:\\\/\\\/azzurea.com\\\/wp-content\\\/uploads\\\/product_images\\\/prueba2\\\/azzurea-gris.png\",\"width\":1146,\"height\":154,\"caption\":\"AZZUREA\"},\"image\":{\"@id\":\"https:\\\/\\\/azzurea.com\\\/en\\\/#\\\/schema\\\/logo\\\/image\\\/\"},\"sameAs\":[\"https:\\\/\\\/www.facebook.com\\\/azzurea.joyas\",\"https:\\\/\\\/www.instagram.com\\\/azzurea.joyas\\\/\",\"https:\\\/\\\/www.tiktok.com\\\/@azzurea.joyas\"]}]}<\/script>\n<!-- \/ Yoast SEO plugin. -->","yoast_head_json":{"title":"PRIVACY POLICY - AZZUREA","robots":{"index":"index","follow":"follow","max-snippet":"max-snippet:-1","max-image-preview":"max-image-preview:large","max-video-preview":"max-video-preview:-1"},"canonical":"https:\/\/azzurea.com\/es\/privacy-policy\/","og_locale":"es_ES","og_type":"article","og_title":"PRIVACY POLICY - AZZUREA","og_description":"Pol\u00edtica de privacidad RESPONSABLE DEL TRATAMIENTO DE DATOS Soy Catalina Mor\u00e1n Polo, con NIF 76268091E, y soy la responsable del tratamiento de tus datos personales. Si necesitas m\u00e1s informaci\u00f3n o tienes alguna duda sobre c\u00f3mo trato tus datos, no dudes en escribirme a info@azzurea.com. DATOS RECOPILADOS Y FINALIDAD DEL TRATAMIENTO Recopilo la informaci\u00f3n personal que [&hellip;]","og_url":"https:\/\/azzurea.com\/es\/privacy-policy\/","og_site_name":"AZZUREA","article_publisher":"https:\/\/www.facebook.com\/azzurea.joyas","article_modified_time":"2024-12-01T15:00:08+00:00","og_image":[{"width":280,"height":280,"url":"https:\/\/azzurea.com\/wp-content\/uploads\/logo.webp","type":"image\/webp"}],"twitter_card":"summary_large_image","twitter_misc":{"Tiempo de lectura":"2 minutos"},"schema":{"@context":"https:\/\/schema.org","@graph":[{"@type":"WebPage","@id":"https:\/\/azzurea.com\/es\/privacy-policy\/","url":"https:\/\/azzurea.com\/es\/privacy-policy\/","name":"PRIVACY POLICY - AZZUREA","isPartOf":{"@id":"https:\/\/azzurea.com\/en\/#website"},"datePublished":"2023-11-26T18:37:15+00:00","dateModified":"2024-12-01T15:00:08+00:00","breadcrumb":{"@id":"https:\/\/azzurea.com\/es\/privacy-policy\/#breadcrumb"},"inLanguage":"es","potentialAction":[{"@type":"ReadAction","target":["https:\/\/azzurea.com\/es\/privacy-policy\/"]}]},{"@type":"BreadcrumbList","@id":"https:\/\/azzurea.com\/es\/privacy-policy\/#breadcrumb","itemListElement":[{"@type":"ListItem","position":1,"name":"Portada","item":"https:\/\/azzurea.com\/es\/"},{"@type":"ListItem","position":2,"name":"PRIVACY POLICY"}]},{"@type":"WebSite","@id":"https:\/\/azzurea.com\/en\/#website","url":"https:\/\/azzurea.com\/en\/","name":"AZZUREA","description":"Minimalist sculptural jewelry. Made in Spain.","publisher":{"@id":"https:\/\/azzurea.com\/en\/#organization"},"alternateName":"azzurea.com","potentialAction":[{"@type":"SearchAction","target":{"@type":"EntryPoint","urlTemplate":"https:\/\/azzurea.com\/en\/?s={search_term_string}"},"query-input":{"@type":"PropertyValueSpecification","valueRequired":true,"valueName":"search_term_string"}}],"inLanguage":"es"},{"@type":"Organization","@id":"https:\/\/azzurea.com\/en\/#organization","name":"AZZUREA","alternateName":"AZZUREA","url":"https:\/\/azzurea.com\/en\/","logo":{"@type":"ImageObject","inLanguage":"es","@id":"https:\/\/azzurea.com\/en\/#\/schema\/logo\/image\/","url":"https:\/\/azzurea.com\/wp-content\/uploads\/product_images\/prueba2\/azzurea-gris.png","contentUrl":"https:\/\/azzurea.com\/wp-content\/uploads\/product_images\/prueba2\/azzurea-gris.png","width":1146,"height":154,"caption":"AZZUREA"},"image":{"@id":"https:\/\/azzurea.com\/en\/#\/schema\/logo\/image\/"},"sameAs":["https:\/\/www.facebook.com\/azzurea.joyas","https:\/\/www.instagram.com\/azzurea.joyas\/","https:\/\/www.tiktok.com\/@azzurea.joyas"]}]}},"jetpack_sharing_enabled":true,"_links":{"self":[{"href":"https:\/\/azzurea.com\/es\/wp-json\/wp\/v2\/pages\/2046","targetHints":{"allow":["GET"]}}],"collection":[{"href":"https:\/\/azzurea.com\/es\/wp-json\/wp\/v2\/pages"}],"about":[{"href":"https:\/\/azzurea.com\/es\/wp-json\/wp\/v2\/types\/page"}],"author":[{"embeddable":true,"href":"https:\/\/azzurea.com\/es\/wp-json\/wp\/v2\/users\/1"}],"replies":[{"embeddable":true,"href":"https:\/\/azzurea.com\/es\/wp-json\/wp\/v2\/comments?post=2046"}],"version-history":[{"count":13,"href":"https:\/\/azzurea.com\/es\/wp-json\/wp\/v2\/pages\/2046\/revisions"}],"predecessor-version":[{"id":4085,"href":"https:\/\/azzurea.com\/es\/wp-json\/wp\/v2\/pages\/2046\/revisions\/4085"}],"wp:attachment":[{"href":"https:\/\/azzurea.com\/es\/wp-json\/wp\/v2\/media?parent=2046"}],"curies":[{"name":"wp","href":"https:\/\/api.w.org\/{rel}","templated":true}]}}