{"id":1747,"date":"2023-08-15T19:37:10","date_gmt":"2023-08-15T17:37:10","guid":{"rendered":"http:\/\/azzurea.es\/?page_id=1747"},"modified":"2024-12-09T17:50:13","modified_gmt":"2024-12-09T16:50:13","slug":"workshop","status":"publish","type":"page","link":"https:\/\/azzurea.com\/es\/workshop\/","title":{"rendered":"EL TALLER"},"content":{"rendered":"\n<div class=\"wp-block-stackable-spacer stk-block-spacer stk--no-padding stk-block stk-2a0631d\" data-block-id=\"2a0631d\"><style>.stk-2a0631d {height:90px !important;}<\/style><\/div>\n\n\n\n<div class=\"wp-block-stackable-columns stk-block-columns stk-block stk-679fde9\" data-block-id=\"679fde9\"><style>.stk-679fde9 .stk--block-align-679fde9{align-items:center !important;}.stk-679fde9 {align-items:center !important;max-width:800px !important;min-width:auto !important;margin-right:auto !important;margin-left:auto !important;display:flex !important;}.stk-679fde9-column{--stk-columns-spacing:26px !important;}<\/style><div class=\"stk-row stk-inner-blocks stk--block-align-679fde9 stk-block-content stk-content-align stk-679fde9-column\">\n<div class=\"wp-block-stackable-column stk-block-column stk-column stk-block stk-dbb907e\" data-v=\"4\" data-block-id=\"dbb907e\"><style>@media screen and (min-width:690px){.stk-dbb907e {flex:var(--stk-flex-grow, 1) 1 calc(61.1% - var(--stk-column-gap, 0px) * 1 \/ 2 ) !important;}}<\/style><div class=\"stk-column-wrapper stk-block-column__content stk-container stk-dbb907e-container stk--no-background stk--no-padding\"><div class=\"stk-block-content stk-inner-blocks stk-dbb907e-inner-blocks\">\n<div class=\"wp-block-stackable-subtitle stk-block-subtitle stk-block stk-e73bc93\" data-block-id=\"e73bc93\"><p class=\"stk-block-subtitle__text stk-subtitle\">DONDE LAS IDEAS SE CONVIERTEN EN JOYAS \u00daNICAS<\/p><\/div>\n\n\n\n<div class=\"wp-block-stackable-text stk-block-text stk-block stk-3585983\" data-block-id=\"3585983\"><p class=\"stk-block-text__text has-text-align-justify\">Bienvenidos a mi rinc\u00f3n creativo, el lugar donde la magia de Azzurea cobra vida. Mi taller es mucho m\u00e1s que un espacio de trabajo: es el coraz\u00f3n de mi marca, un refugio donde dise\u00f1o, experimento y doy forma a cada una de las piezas que componen mis colecciones.<\/p><\/div>\n\n\n\n<div class=\"wp-block-stackable-text stk-block-text stk-block stk-e9fe4b0\" data-block-id=\"e9fe4b0\"><p class=\"stk-block-text__text has-text-align-justify\">Aqu\u00ed, entre herramientas tradicionales y modernas, dedico tiempo, cuidado y pasi\u00f3n a cada etapa del proceso. Desde el primer boceto hasta el acabado final, todo pasa por mis manos, garantizando que cada joya sea \u00fanica y especial. Cada herramienta que uso tiene su historia, y juntas me ayudan a transformar ideas en realidad.<\/p><\/div>\n\n\n\n<div class=\"wp-block-stackable-text stk-block-text stk-block stk-e4dc058\" data-block-id=\"e4dc058\"><p class=\"stk-block-text__text has-text-align-justify\">En este espacio tambi\u00e9n se refleja la esencia de mi filosof\u00eda: trabajar con calma, respetar los materiales y disfrutar del proceso creativo. Quiero que cada pieza transmita esa dedicaci\u00f3n y se convierta en un tesoro para quien la lleve.<\/p><\/div>\n\n\n\n<div class=\"wp-block-stackable-text stk-block-text stk-block stk-a0c65fa\" data-block-id=\"a0c65fa\"><p class=\"stk-block-text__text has-text-align-justify\">Acomp\u00e1\u00f1ame en este breve recorrido por mi taller y descubre d\u00f3nde y c\u00f3mo nacen las joyas de Azzurea.<\/p><\/div>\n<\/div><\/div><\/div>\n\n\n\n<div class=\"wp-block-stackable-column stk-block-column stk-column stk-block stk-8b90c9f\" data-v=\"4\" data-block-id=\"8b90c9f\"><style>@media screen and (min-width:690px){.stk-8b90c9f {flex:var(--stk-flex-grow, 1) 1 calc(38.9% - var(--stk-column-gap, 0px) * 1 \/ 2 ) !important;}}<\/style><div class=\"stk-column-wrapper stk-block-column__content stk-container stk-8b90c9f-container stk--no-background stk--no-padding\"><div class=\"stk-block-content stk-inner-blocks stk-8b90c9f-inner-blocks\">\n<figure class=\"wp-block-video\"><video height=\"1920\" style=\"aspect-ratio: 1080 \/ 1920;\" width=\"1080\" controls src=\"https:\/\/azzurea.com\/wp-content\/uploads\/taller\/Taller tour.mov\"><\/video><\/figure>\n<\/div><\/div><\/div>\n<\/div><\/div>\n\n\n\n<p><\/p>\n","protected":false},"excerpt":{"rendered":"<p>DONDE LAS IDEAS SE CONVIERTEN EN JOYAS \u00daNICAS Bienvenidos a mi rinc\u00f3n creativo, el lugar donde la magia de Azzurea cobra vida. Mi taller es mucho m\u00e1s que un espacio de trabajo: es el coraz\u00f3n de mi marca, un refugio donde dise\u00f1o, experimento y doy forma a cada una de las piezas que componen mis [&hellip;]<\/p>\n","protected":false},"author":1,"featured_media":0,"parent":0,"menu_order":0,"comment_status":"closed","ping_status":"closed","template":"","meta":{"footnotes":""},"class_list":["post-1747","page","type-page","status-publish","hentry"],"blocksy_meta":[],"yoast_head":"<!-- This site is optimized with the Yoast SEO plugin v27.4 - https:\/\/yoast.com\/product\/yoast-seo-wordpress\/ -->\n<title>EL TALLER - AZZUREA<\/title>\n<meta name=\"robots\" content=\"index, follow, max-snippet:-1, max-image-preview:large, max-video-preview:-1\" \/>\n<link rel=\"canonical\" href=\"https:\/\/azzurea.com\/en\/workshop\/\" \/>\n<meta property=\"og:locale\" content=\"es_ES\" \/>\n<meta property=\"og:type\" content=\"article\" \/>\n<meta property=\"og:title\" content=\"EL TALLER - AZZUREA\" \/>\n<meta property=\"og:description\" content=\"DONDE LAS IDEAS SE CONVIERTEN EN JOYAS \u00daNICAS Bienvenidos a mi rinc\u00f3n creativo, el lugar donde la magia de Azzurea cobra vida. Mi taller es mucho m\u00e1s que un espacio de trabajo: es el coraz\u00f3n de mi marca, un refugio donde dise\u00f1o, experimento y doy forma a cada una de las piezas que componen mis [&hellip;]\" \/>\n<meta property=\"og:url\" content=\"https:\/\/azzurea.com\/en\/workshop\/\" \/>\n<meta property=\"og:site_name\" content=\"AZZUREA\" \/>\n<meta property=\"article:publisher\" content=\"https:\/\/www.facebook.com\/azzurea.joyas\" \/>\n<meta property=\"article:modified_time\" content=\"2024-12-09T16:50:13+00:00\" \/>\n<meta property=\"og:image\" content=\"https:\/\/azzurea.com\/wp-content\/uploads\/logo.webp\" \/>\n\t<meta property=\"og:image:width\" content=\"280\" \/>\n\t<meta property=\"og:image:height\" content=\"280\" \/>\n\t<meta property=\"og:image:type\" content=\"image\/webp\" \/>\n<meta name=\"twitter:card\" content=\"summary_large_image\" \/>\n<meta name=\"twitter:label1\" content=\"Tiempo de lectura\" \/>\n\t<meta name=\"twitter:data1\" content=\"1 minuto\" \/>\n<script type=\"application\/ld+json\" class=\"yoast-schema-graph\">{\"@context\":\"https:\\\/\\\/schema.org\",\"@graph\":[{\"@type\":\"WebPage\",\"@id\":\"https:\\\/\\\/azzurea.com\\\/en\\\/workshop\\\/\",\"url\":\"https:\\\/\\\/azzurea.com\\\/en\\\/workshop\\\/\",\"name\":\"EL TALLER - AZZUREA\",\"isPartOf\":{\"@id\":\"https:\\\/\\\/azzurea.com\\\/en\\\/#website\"},\"datePublished\":\"2023-08-15T17:37:10+00:00\",\"dateModified\":\"2024-12-09T16:50:13+00:00\",\"breadcrumb\":{\"@id\":\"https:\\\/\\\/azzurea.com\\\/en\\\/workshop\\\/#breadcrumb\"},\"inLanguage\":\"es\",\"potentialAction\":[{\"@type\":\"ReadAction\",\"target\":[\"https:\\\/\\\/azzurea.com\\\/en\\\/workshop\\\/\"]}]},{\"@type\":\"BreadcrumbList\",\"@id\":\"https:\\\/\\\/azzurea.com\\\/en\\\/workshop\\\/#breadcrumb\",\"itemListElement\":[{\"@type\":\"ListItem\",\"position\":1,\"name\":\"Portada\",\"item\":\"https:\\\/\\\/azzurea.com\\\/es\\\/\"},{\"@type\":\"ListItem\",\"position\":2,\"name\":\"EL TALLER\"}]},{\"@type\":\"WebSite\",\"@id\":\"https:\\\/\\\/azzurea.com\\\/en\\\/#website\",\"url\":\"https:\\\/\\\/azzurea.com\\\/en\\\/\",\"name\":\"AZZUREA\",\"description\":\"Minimalist sculptural jewelry. Made in Spain.\",\"publisher\":{\"@id\":\"https:\\\/\\\/azzurea.com\\\/en\\\/#organization\"},\"alternateName\":\"azzurea.com\",\"potentialAction\":[{\"@type\":\"SearchAction\",\"target\":{\"@type\":\"EntryPoint\",\"urlTemplate\":\"https:\\\/\\\/azzurea.com\\\/en\\\/?s={search_term_string}\"},\"query-input\":{\"@type\":\"PropertyValueSpecification\",\"valueRequired\":true,\"valueName\":\"search_term_string\"}}],\"inLanguage\":\"es\"},{\"@type\":\"Organization\",\"@id\":\"https:\\\/\\\/azzurea.com\\\/en\\\/#organization\",\"name\":\"AZZUREA\",\"alternateName\":\"AZZUREA\",\"url\":\"https:\\\/\\\/azzurea.com\\\/en\\\/\",\"logo\":{\"@type\":\"ImageObject\",\"inLanguage\":\"es\",\"@id\":\"https:\\\/\\\/azzurea.com\\\/en\\\/#\\\/schema\\\/logo\\\/image\\\/\",\"url\":\"https:\\\/\\\/azzurea.com\\\/wp-content\\\/uploads\\\/product_images\\\/prueba2\\\/azzurea-gris.png\",\"contentUrl\":\"https:\\\/\\\/azzurea.com\\\/wp-content\\\/uploads\\\/product_images\\\/prueba2\\\/azzurea-gris.png\",\"width\":1146,\"height\":154,\"caption\":\"AZZUREA\"},\"image\":{\"@id\":\"https:\\\/\\\/azzurea.com\\\/en\\\/#\\\/schema\\\/logo\\\/image\\\/\"},\"sameAs\":[\"https:\\\/\\\/www.facebook.com\\\/azzurea.joyas\",\"https:\\\/\\\/www.instagram.com\\\/azzurea.joyas\\\/\",\"https:\\\/\\\/www.tiktok.com\\\/@azzurea.joyas\"]}]}<\/script>\n<!-- \/ Yoast SEO plugin. -->","yoast_head_json":{"title":"EL TALLER - AZZUREA","robots":{"index":"index","follow":"follow","max-snippet":"max-snippet:-1","max-image-preview":"max-image-preview:large","max-video-preview":"max-video-preview:-1"},"canonical":"https:\/\/azzurea.com\/en\/workshop\/","og_locale":"es_ES","og_type":"article","og_title":"EL TALLER - AZZUREA","og_description":"DONDE LAS IDEAS SE CONVIERTEN EN JOYAS \u00daNICAS Bienvenidos a mi rinc\u00f3n creativo, el lugar donde la magia de Azzurea cobra vida. Mi taller es mucho m\u00e1s que un espacio de trabajo: es el coraz\u00f3n de mi marca, un refugio donde dise\u00f1o, experimento y doy forma a cada una de las piezas que componen mis [&hellip;]","og_url":"https:\/\/azzurea.com\/en\/workshop\/","og_site_name":"AZZUREA","article_publisher":"https:\/\/www.facebook.com\/azzurea.joyas","article_modified_time":"2024-12-09T16:50:13+00:00","og_image":[{"width":280,"height":280,"url":"https:\/\/azzurea.com\/wp-content\/uploads\/logo.webp","type":"image\/webp"}],"twitter_card":"summary_large_image","twitter_misc":{"Tiempo de lectura":"1 minuto"},"schema":{"@context":"https:\/\/schema.org","@graph":[{"@type":"WebPage","@id":"https:\/\/azzurea.com\/en\/workshop\/","url":"https:\/\/azzurea.com\/en\/workshop\/","name":"EL TALLER - AZZUREA","isPartOf":{"@id":"https:\/\/azzurea.com\/en\/#website"},"datePublished":"2023-08-15T17:37:10+00:00","dateModified":"2024-12-09T16:50:13+00:00","breadcrumb":{"@id":"https:\/\/azzurea.com\/en\/workshop\/#breadcrumb"},"inLanguage":"es","potentialAction":[{"@type":"ReadAction","target":["https:\/\/azzurea.com\/en\/workshop\/"]}]},{"@type":"BreadcrumbList","@id":"https:\/\/azzurea.com\/en\/workshop\/#breadcrumb","itemListElement":[{"@type":"ListItem","position":1,"name":"Portada","item":"https:\/\/azzurea.com\/es\/"},{"@type":"ListItem","position":2,"name":"EL TALLER"}]},{"@type":"WebSite","@id":"https:\/\/azzurea.com\/en\/#website","url":"https:\/\/azzurea.com\/en\/","name":"AZZUREA","description":"Minimalist sculptural jewelry. Made in Spain.","publisher":{"@id":"https:\/\/azzurea.com\/en\/#organization"},"alternateName":"azzurea.com","potentialAction":[{"@type":"SearchAction","target":{"@type":"EntryPoint","urlTemplate":"https:\/\/azzurea.com\/en\/?s={search_term_string}"},"query-input":{"@type":"PropertyValueSpecification","valueRequired":true,"valueName":"search_term_string"}}],"inLanguage":"es"},{"@type":"Organization","@id":"https:\/\/azzurea.com\/en\/#organization","name":"AZZUREA","alternateName":"AZZUREA","url":"https:\/\/azzurea.com\/en\/","logo":{"@type":"ImageObject","inLanguage":"es","@id":"https:\/\/azzurea.com\/en\/#\/schema\/logo\/image\/","url":"https:\/\/azzurea.com\/wp-content\/uploads\/product_images\/prueba2\/azzurea-gris.png","contentUrl":"https:\/\/azzurea.com\/wp-content\/uploads\/product_images\/prueba2\/azzurea-gris.png","width":1146,"height":154,"caption":"AZZUREA"},"image":{"@id":"https:\/\/azzurea.com\/en\/#\/schema\/logo\/image\/"},"sameAs":["https:\/\/www.facebook.com\/azzurea.joyas","https:\/\/www.instagram.com\/azzurea.joyas\/","https:\/\/www.tiktok.com\/@azzurea.joyas"]}]}},"jetpack_sharing_enabled":true,"_links":{"self":[{"href":"https:\/\/azzurea.com\/es\/wp-json\/wp\/v2\/pages\/1747","targetHints":{"allow":["GET"]}}],"collection":[{"href":"https:\/\/azzurea.com\/es\/wp-json\/wp\/v2\/pages"}],"about":[{"href":"https:\/\/azzurea.com\/es\/wp-json\/wp\/v2\/types\/page"}],"author":[{"embeddable":true,"href":"https:\/\/azzurea.com\/es\/wp-json\/wp\/v2\/users\/1"}],"replies":[{"embeddable":true,"href":"https:\/\/azzurea.com\/es\/wp-json\/wp\/v2\/comments?post=1747"}],"version-history":[{"count":32,"href":"https:\/\/azzurea.com\/es\/wp-json\/wp\/v2\/pages\/1747\/revisions"}],"predecessor-version":[{"id":4497,"href":"https:\/\/azzurea.com\/es\/wp-json\/wp\/v2\/pages\/1747\/revisions\/4497"}],"wp:attachment":[{"href":"https:\/\/azzurea.com\/es\/wp-json\/wp\/v2\/media?parent=1747"}],"curies":[{"name":"wp","href":"https:\/\/api.w.org\/{rel}","templated":true}]}}